{"id":8,"date":"2017-05-14T19:51:11","date_gmt":"2017-05-14T16:51:11","guid":{"rendered":"http:\/\/unico.org.ro\/?page_id=8"},"modified":"2025-11-27T17:46:25","modified_gmt":"2025-11-27T15:46:25","slug":"unico-intensiv","status":"publish","type":"page","link":"https:\/\/unico.org.ro\/en\/unico-intensiv\/","title":{"rendered":"Activities"},"content":{"rendered":"<p><strong>\u201cUniversitatea Copiilor\u201d &#8211; UNICO<\/strong><br \/>\nSe bucur\u0103 de succes pe plan european \u015fi \u020bn alte zone din lume, trezind un ecou deosebit \u00een Rom\u00e2nia \u00eencep\u00e2nd din anul 2010 \u0219i p\u00e2n\u0103 \u00een prezent, \u020bn primul r\u00e2nd printre copii, dar \u015fi la nivelul familiilor. Cadrele universitare , cercet\u0103tori, profesori \u0219i exper\u021bi \u00een variate domenii de activitate r\u0103spund an de an cu mult\u0103 solicitudine, entuziasm \u015fi creativitate invita\u021biei de a lucra cu tinerii. \u201cUniversitatea Copiilor\u201d asigur\u0103 \u020bnt\u00e2lniri ale micilor studen\u021bi cu profesori \u020bn spa\u021biul universitar dar \u0219i cu diferi\u021bi profesioni\u0219ti, pe un parcurs care cuprinde formule atractive \u015fi inedite.<br \/>\nUNIVERSITATEA COPIILOR \u2013 UniCo este membru fondator al Re\u021belei Europene de Universit\u0103\u021bi ale Copiilor \u2013 EucuNet \u00eenc\u0103 din anul 2011. In tot acest timp Universitatatea Copiilor s-a dovedit a fi un partener de n\u0103dejde \u00een ceea ce prive\u0219te \u00eendeplinirea celei de a treia misiuni a universit\u0103\u021bilor privind conexiunile acestora cu societatea \u00een general. Astfel atelierele UniCo la Universitatea din Bucure\u0219ti, Universitatea de \u0218tiin\u021be Agronomice \u0219i Medicin\u0103 Veterinar\u0103, Universitatea Politehnica au adus, an de an, sute de copii \u0219i tineri, mai aprope de profesorii dedica\u021bi \u0219i pasiona\u021bi de \u0219tiin\u021b\u0103 \u0219i de cercetare, av\u00e2nd totodat\u0103 parteneriate cu \u0219coli din Bucure\u0219ti dar \u0219i din provincie. Fapt pentru care s-au al\u0103turat acestei misiuni Universitatea Tehnic\u0103 de Construc\u021bii, Universitatea Na\u021bional\u0103 de Ap\u0103rare &#8220;CAROL I&#8221;, Universitatea din Petro\u0219ani \u0219i Universitatea \u201dOvidius\u201d din Constan\u021ba.<br \/>\n\u00cen organizarea \u0219i desf\u0103\u0219urarea tuturor proiectelor, programelor \u0219i evenimentelor, UniCo se bucur\u0103 de implicarea voluntarilor, elevi de liceu \u0219i studen\u021bi. Totodat\u0103, constituind un Centru de Resurse pentru Educa\u021bie \u0219i Dezvoltare, UniCo ofer\u0103 posibilitatea studen\u021bilor s\u0103 realizeze practica de specialitate \u00een urma unei Conven\u021bii de practic\u0103 dinte UniCo \u0219i facult\u0103\u021bi de profil din cadrul Universit\u0103\u021bii din Bucure\u0219ti.<\/p>\n<p><strong>Programul UNICO INTENSIV\u00a0<\/strong>se desf\u0103\u0219oar\u0103 anual timp de 2 s\u0103pt\u0103mani, sub form\u0103 de ateliere de lucru ce au loc \u020bn fiecare zi \u00een cadrul universit\u0103\u021bilor partenere. Profesorii universitari adapteaz\u0103 laboratoarele \u015fi cursurile lor pentru studen\u021bi cu v\u00e2rste cuprinse \u020bntre 7 \u015fi 14 ani.<br \/>\nMetodele de lucru sunt cele de educa\u021bie non \u2013 formal\u0103, prin jocuri, experimente de tip &#8220;hands-on&#8221; \u015fi &#8220;learning-by-doing&#8221; baz\u00e2ndu-se \u00eens\u0103 \u0219i pe competen\u021bele transversale dezvoltate \u00een cadrul educa\u021biei formale \u0219i chiar a celei informale.<br \/>\nTo\u021bi cei implica\u021bi, mici \u0219i mari, particip\u0103 la o ceremonie de deschidere iar la final, perticip\u0103 la ceremonia de absolvire a anului universitar UniCo unde se depune jur\u0103m\u00e2ntul UniCo prin care fiecare participant se angajeaz\u0103 s\u0103 r\u0103m\u00e2na mereu curios \u0219i interesat de \u0219tiin\u021b\u0103, s\u0103 pun\u0103 mereu \u00eentrebari \u0219i s\u0103 r\u0103m\u00e2na toat\u0103 via\u021ba&#8230; copil.<\/p>\n<p><a href=\"https:\/\/unico.org.ro\/unico-intensiv-2025\/\">Unico Intensiv 2025<\/a><\/p>\n<p>Unico Intensiv 2024<\/p>\n<p><a href=\"https:\/\/unico.org.ro\/unico-intensiv-2023\/\">UniCo Intensiv 2023<\/a><\/p>\n<p><a href=\"https:\/\/unico.org.ro\/unico-intensiv-2022\/\">UniCo Intensiv 2022<\/a><\/p>\n<p><a href=\"https:\/\/unico.org.ro\/unico-intensiv-2021\/\">UniCo Intensiv 2021<\/a><\/p>\n<p><a href=\"https:\/\/unico.org.ro\/wp-content\/uploads\/2019\/06\/Orar-UniCo-Intensiv-2019-2.docx.pdf\">UniCo Intensiv 2019<\/a><\/p>\n<p>UniCo Intensiv 2018<\/p>\n<p>UniCo Intensiv 2017<\/p>\n<p><a href=\"https:\/\/unico.org.ro\/unico-intensiv-2016\/\">UniCo Intensiv 2016<\/a><\/p>\n<p>UniCo Intensiv 2015<\/p>\n<p>UniCo Intensiv 2014<\/p>\n<p>UniCo Intensiv 2013<\/p>\n<p>UniCo Intensiv 2012<\/p>\n<p>UniCo Intensiv 2011<\/p>\n<p>UniCo Intensiv 2010<\/p>\n","protected":false},"excerpt":{"rendered":"<p>\u201cUniversitatea Copiilor\u201d &#8211; UNICO Se bucur\u0103 de succes pe plan european \u015fi \u020bn alte zone din lume, trezind un ecou deosebit \u00een Rom\u00e2nia \u00eencep\u00e2nd din &hellip; <\/p>\n","protected":false},"author":1,"featured_media":0,"parent":0,"menu_order":0,"comment_status":"closed","ping_status":"closed","template":"","meta":{"jetpack_post_was_ever_published":false,"footnotes":""},"class_list":["post-8","page","type-page","status-publish","hentry","latest_post"],"translation":{"provider":"WPGlobus","version":"3.0.2","language":"en","enabled_languages":["ro","en","de"],"languages":{"ro":{"title":true,"content":true,"excerpt":false},"en":{"title":true,"content":false,"excerpt":false},"de":{"title":true,"content":false,"excerpt":false}}},"jetpack_sharing_enabled":true,"_links":{"self":[{"href":"https:\/\/unico.org.ro\/en\/wp-json\/wp\/v2\/pages\/8","targetHints":{"allow":["GET"]}}],"collection":[{"href":"https:\/\/unico.org.ro\/en\/wp-json\/wp\/v2\/pages"}],"about":[{"href":"https:\/\/unico.org.ro\/en\/wp-json\/wp\/v2\/types\/page"}],"author":[{"embeddable":true,"href":"https:\/\/unico.org.ro\/en\/wp-json\/wp\/v2\/users\/1"}],"replies":[{"embeddable":true,"href":"https:\/\/unico.org.ro\/en\/wp-json\/wp\/v2\/comments?post=8"}],"version-history":[{"count":24,"href":"https:\/\/unico.org.ro\/en\/wp-json\/wp\/v2\/pages\/8\/revisions"}],"predecessor-version":[{"id":2436,"href":"https:\/\/unico.org.ro\/en\/wp-json\/wp\/v2\/pages\/8\/revisions\/2436"}],"wp:attachment":[{"href":"https:\/\/unico.org.ro\/en\/wp-json\/wp\/v2\/media?parent=8"}],"curies":[{"name":"wp","href":"https:\/\/api.w.org\/{rel}","templated":true}]}}