{"id":77,"date":"2017-05-14T21:51:56","date_gmt":"2017-05-14T18:51:56","guid":{"rendered":"http:\/\/unico.org.ro\/?page_id=77"},"modified":"2023-04-20T13:46:05","modified_gmt":"2023-04-20T10:46:05","slug":"profesoriunico","status":"publish","type":"page","link":"https:\/\/unico.org.ro\/en\/profesoriunico\/","title":{"rendered":"Home"},"content":{"rendered":"\t\t<div data-elementor-type=\"wp-page\" data-elementor-id=\"77\" class=\"elementor elementor-77\">\n\t\t\t\t\t\t<section class=\"elementor-section elementor-top-section elementor-element elementor-element-fd7e21c elementor-section-boxed elementor-section-height-default elementor-section-height-default\" data-id=\"fd7e21c\" data-element_type=\"section\" data-e-type=\"section\">\n\t\t\t\t\t\t<div class=\"elementor-container elementor-column-gap-default\">\n\t\t\t\t\t<div class=\"elementor-column elementor-col-100 elementor-top-column elementor-element elementor-element-1d3cbcd\" data-id=\"1d3cbcd\" data-element_type=\"column\" data-e-type=\"column\">\n\t\t\t<div class=\"elementor-widget-wrap elementor-element-populated\">\n\t\t\t\t\t\t<div class=\"elementor-element elementor-element-f2266a3 elementor-widget elementor-widget-text-editor\" data-id=\"f2266a3\" data-element_type=\"widget\" data-e-type=\"widget\" data-widget_type=\"text-editor.default\">\n\t\t\t\t<div class=\"elementor-widget-container\">\n\t\t\t\t\t\t\t\t\t<h1 style=\"margin-top: 0px; margin-bottom: 0px; padding: 0px; color: #202020; font-family: Helvetica; font-size: 26px; line-height: 32.5px; text-align: justify;\"><span style=\"font-size: 16px; font-weight: var( --e-global-typography-text-font-weight );\">Dragi Profesori UniCo,\u00a0<\/span><\/h1><h1 style=\"margin-top: 0px; margin-bottom: 0px; padding: 0px; color: #202020; font-family: Helvetica; font-size: 26px; line-height: 32.5px; text-align: justify;\"><span style=\"font-size: 16px; font-weight: var( --e-global-typography-text-font-weight );\">a\u0219tept\u0103m cu ner\u0103bdare \u0219i cu mult\u0103 bucurie s\u0103 relu\u0103m colaborarea cu dumneavoastr\u0103 \u00een cadrul programului UNICO Intensiv 2023, a 13-a edi\u021bie, care se va desf\u0103\u0219ura \u00een perioada 3 &#8211; 14\u00a0\u00a0iulie 2023.<\/span><\/h1>\t\t\t\t\t\t\t\t<\/div>\n\t\t\t\t<\/div>\n\t\t\t\t<div class=\"elementor-element elementor-element-05ff486 elementor-align-center elementor-widget elementor-widget-button\" data-id=\"05ff486\" data-element_type=\"widget\" data-e-type=\"widget\" data-widget_type=\"button.default\">\n\t\t\t\t<div class=\"elementor-widget-container\">\n\t\t\t\t\t\t\t\t\t<div class=\"elementor-button-wrapper\">\n\t\t\t\t\t<a class=\"elementor-button elementor-button-link elementor-size-sm\" href=\"https:\/\/forms.gle\/bqzvCCGhJt8y5nCJA\">\n\t\t\t\t\t\t<span class=\"elementor-button-content-wrapper\">\n\t\t\t\t\t\t\t\t\t<span class=\"elementor-button-text\">Inscrieri profesori pentru programul UniCo Intensiv 2023<\/span>\n\t\t\t\t\t<\/span>\n\t\t\t\t\t<\/a>\n\t\t\t\t<\/div>\n\t\t\t\t\t\t\t\t<\/div>\n\t\t\t\t<\/div>\n\t\t\t\t\t<\/div>\n\t\t<\/div>\n\t\t\t\t\t<\/div>\n\t\t<\/section>\n\t\t\t\t<section class=\"elementor-section elementor-top-section elementor-element elementor-element-0baeae0 elementor-section-boxed elementor-section-height-default elementor-section-height-default\" data-id=\"0baeae0\" data-element_type=\"section\" data-e-type=\"section\">\n\t\t\t\t\t\t<div class=\"elementor-container elementor-column-gap-default\">\n\t\t\t\t\t<div class=\"elementor-column elementor-col-100 elementor-top-column elementor-element elementor-element-6638512\" data-id=\"6638512\" data-element_type=\"column\" data-e-type=\"column\">\n\t\t\t<div class=\"elementor-widget-wrap elementor-element-populated\">\n\t\t\t\t\t\t<div class=\"elementor-element elementor-element-4350581 elementor-widget elementor-widget-text-editor\" data-id=\"4350581\" data-element_type=\"widget\" data-e-type=\"widget\" data-widget_type=\"text-editor.default\">\n\t\t\t\t<div class=\"elementor-widget-container\">\n\t\t\t\t\t\t\t\t\t<p><span style=\"color: rgb(32, 32, 32); font-family: Helvetica; font-size: 16px; text-align: justify; font-weight: var( --e-global-typography-text-font-weight );\">V\u0103 rug\u0103m s\u0103 face\u021bi \u00eenscrierea activit\u0103\u021bilor pe care dori\u021bi s\u0103 le organiza\u021bi p\u00e2n\u0103 la data de 15 mai 2023, pentru a avea timp s\u0103 le prezent\u0103m copiilor orarul atelierelor.&nbsp;<\/span><\/p><p><span style=\"color: #202020; font-family: Helvetica; font-size: 16px; text-align: justify;\">Prin participarea la programul UNICO Intensiv 2023, profesorii din diferite facult\u0103\u021bi \u00ee\u015fi pot aduce contribu\u0163ia la \u00eendeplinirea celei de a treia misiuni a universit\u0103\u021bilor privind conexiunile acestora cu societatea \u00een general, la promovarea \u0219tiin\u021bei \u0219i a educa\u021biei prin metode interactive, la dezvoltarea \u015fi \u00eencurajarea studiului, la prevenirea abandonului \u015fcolar \u015fi la promovarea ariei de studiu pe care o reprezint\u0103.<\/span><br style=\"color: #202020; font-family: Helvetica; font-size: 16px; text-align: justify;\"><br style=\"color: #202020; font-family: Helvetica; font-size: 16px; text-align: justify;\"><span style=\"color: #202020; font-family: Helvetica; font-size: 16px; text-align: justify;\">Profesorii participan\u021bi vor primi o diplom\u0103 semnat\u0103 de c\u0103tre rectorii universit\u0103\u021bilor partenere \u0219i, la cerere, o adeverin\u021b\u0103 suplimentar\u0103 cu privire la participarea \u00een cadrul acestui program educa\u021bional.<\/span><br style=\"color: #202020; font-family: Helvetica; font-size: 16px; text-align: justify;\"><br style=\"color: #202020; font-family: Helvetica; font-size: 16px; text-align: justify;\"><span style=\"color: #202020; font-family: Helvetica; font-size: 16px; text-align: justify;\">Pentru a afla mai multe informa\u0163ii despre Universitatea Copiilor, pute\u021bi accesa site-ul nostru sau pagina de Facebook . V\u0103 invit\u0103m \u0219i pe canalul nostru de YouTube.&nbsp;<\/span><br style=\"color: #202020; font-family: Helvetica; font-size: 16px; text-align: justify;\"><br style=\"color: #202020; font-family: Helvetica; font-size: 16px; text-align: justify;\"><span style=\"color: #202020; font-family: Helvetica; font-size: 16px; text-align: justify;\">Copiii v\u0103 a\u0219teapt\u0103 cu mult drag \u0219i entuziasm. Sper\u0103m ca \u00eempreun\u0103 cu dumneavoastr\u0103 s\u0103 aducem mai aproape de micii curio\u0219i tainele lumii care ne \u00eenconjoar\u0103.<\/span><\/p>\t\t\t\t\t\t\t\t<\/div>\n\t\t\t\t<\/div>\n\t\t\t\t\t<\/div>\n\t\t<\/div>\n\t\t\t\t\t<\/div>\n\t\t<\/section>\n\t\t\t\t<section class=\"elementor-section elementor-top-section elementor-element elementor-element-1c20925 elementor-section-boxed elementor-section-height-default elementor-section-height-default\" data-id=\"1c20925\" data-element_type=\"section\" data-e-type=\"section\">\n\t\t\t\t\t\t<div class=\"elementor-container elementor-column-gap-default\">\n\t\t\t\t\t<div class=\"elementor-column elementor-col-100 elementor-top-column elementor-element elementor-element-24a3023\" data-id=\"24a3023\" data-element_type=\"column\" data-e-type=\"column\">\n\t\t\t<div class=\"elementor-widget-wrap elementor-element-populated\">\n\t\t\t\t\t\t<div class=\"elementor-element elementor-element-95a2dde elementor-widget elementor-widget-heading\" data-id=\"95a2dde\" data-element_type=\"widget\" data-e-type=\"widget\" data-widget_type=\"heading.default\">\n\t\t\t\t<div class=\"elementor-widget-container\">\n\t\t\t\t\t<h2 class=\"elementor-heading-title elementor-size-default\">M\u0103rturiile profesorilor \u201dUniCo\u201d<\/h2>\t\t\t\t<\/div>\n\t\t\t\t<\/div>\n\t\t\t\t\t<\/div>\n\t\t<\/div>\n\t\t\t\t\t<\/div>\n\t\t<\/section>\n\t\t\t\t<section class=\"elementor-section elementor-top-section elementor-element elementor-element-46dc4ed5 elementor-section-boxed elementor-section-height-default elementor-section-height-default\" data-id=\"46dc4ed5\" data-element_type=\"section\" data-e-type=\"section\">\n\t\t\t\t\t\t<div class=\"elementor-container elementor-column-gap-default\">\n\t\t\t\t\t<div class=\"elementor-column elementor-col-100 elementor-top-column elementor-element elementor-element-3b9816cc\" data-id=\"3b9816cc\" data-element_type=\"column\" data-e-type=\"column\">\n\t\t\t<div class=\"elementor-widget-wrap elementor-element-populated\">\n\t\t\t\t\t\t<div class=\"elementor-element elementor-element-6211236e elementor-widget elementor-widget-text-editor\" data-id=\"6211236e\" data-element_type=\"widget\" data-e-type=\"widget\" data-widget_type=\"text-editor.default\">\n\t\t\t\t<div class=\"elementor-widget-container\">\n\t\t\t\t\t\t\t\t\t<strong>Atelierul \u201dR\u00e2urilor \u0219i sedimentele lor. Ac\u021biuni \u0219i interac\u021biuni\u201d &#8211; UniCo Intensiv 2021<\/strong>\n\n<strong>Dr. Moro\u0219anu Gabriela Adina.\u00a0<\/strong>\n\nMul\u021bumim Facult\u0103\u021bii de Geografie pentru g\u0103zduirea acestui curs, Asocia\u021biei \u201dUniversitatea Copiilor\u201d pentru \u00eenlesnirea colabor\u0103rii cu institu\u021biile partenere TEMP \u0219i nu numai, \u00a0precum \u0219i tuturor elevilor \u0219i studen\u021bilor participan\u021bi, pentru aten\u021bia, interesul \u0219i creativitatea cu care au abordat acest curs!\u00a0 Intregul articol poate fi citit aici:\n\n<div class=\"_df_book df-lite\" id=\"df_3054\"  _slug=\"atelier-de-geografie-temp-phereclos\" data-title=\"atelier-de-geografie-temp-phereclos\" wpoptions=\"true\" thumb=\"https:\/\/unico.org.ro\/wp-content\/uploads\/2021\/09\/temptrro-cover.png\" thumbtype=\"\" ><\/div><script class=\"df-shortcode-script\" nowprocket type=\"application\/javascript\">window.option_df_3054 = {\"outline\":[],\"autoEnableOutline\":\"false\",\"autoEnableThumbnail\":\"false\",\"overwritePDFOutline\":\"false\",\"direction\":\"1\",\"pageSize\":\"0\",\"source\":\"https:\\\/\\\/unico.org.ro\\\/wp-content\\\/uploads\\\/2021\\\/09\\\/Articol-Buletinul-Informativ-Geogra-UniCO.pdf\",\"wpOptions\":\"true\"}; if(window.DFLIP && window.DFLIP.parseBooks){window.DFLIP.parseBooks();}<\/script>\t\t\t\t\t\t\t\t<\/div>\n\t\t\t\t<\/div>\n\t\t\t\t\t<\/div>\n\t\t<\/div>\n\t\t\t\t\t<\/div>\n\t\t<\/section>\n\t\t\t\t<\/div>\n\t\t","protected":false},"excerpt":{"rendered":"<p>Dragi Profesori UniCo,\u00a0 a\u0219tept\u0103m cu ner\u0103bdare \u0219i cu mult\u0103 bucurie s\u0103 relu\u0103m colaborarea cu dumneavoastr\u0103 \u00een cadrul programului UNICO Intensiv 2023, a 13-a edi\u021bie, care &hellip; <\/p>\n","protected":false},"author":1,"featured_media":0,"parent":0,"menu_order":0,"comment_status":"closed","ping_status":"closed","template":"","meta":{"jetpack_post_was_ever_published":false,"footnotes":""},"class_list":["post-77","page","type-page","status-publish","hentry","latest_post"],"translation":{"provider":"WPGlobus","version":"3.0.2","language":"en","enabled_languages":["ro","en","de"],"languages":{"ro":{"title":true,"content":true,"excerpt":false},"en":{"title":true,"content":false,"excerpt":false},"de":{"title":true,"content":false,"excerpt":false}}},"jetpack_sharing_enabled":true,"_links":{"self":[{"href":"https:\/\/unico.org.ro\/en\/wp-json\/wp\/v2\/pages\/77","targetHints":{"allow":["GET"]}}],"collection":[{"href":"https:\/\/unico.org.ro\/en\/wp-json\/wp\/v2\/pages"}],"about":[{"href":"https:\/\/unico.org.ro\/en\/wp-json\/wp\/v2\/types\/page"}],"author":[{"embeddable":true,"href":"https:\/\/unico.org.ro\/en\/wp-json\/wp\/v2\/users\/1"}],"replies":[{"embeddable":true,"href":"https:\/\/unico.org.ro\/en\/wp-json\/wp\/v2\/comments?post=77"}],"version-history":[{"count":58,"href":"https:\/\/unico.org.ro\/en\/wp-json\/wp\/v2\/pages\/77\/revisions"}],"predecessor-version":[{"id":4671,"href":"https:\/\/unico.org.ro\/en\/wp-json\/wp\/v2\/pages\/77\/revisions\/4671"}],"wp:attachment":[{"href":"https:\/\/unico.org.ro\/en\/wp-json\/wp\/v2\/media?parent=77"}],"curies":[{"name":"wp","href":"https:\/\/api.w.org\/{rel}","templated":true}]}}