{"id":633,"date":"2018-01-21T19:55:45","date_gmt":"2018-01-21T17:55:45","guid":{"rendered":"http:\/\/unico.org.ro\/?page_id=633"},"modified":"2022-08-12T23:44:27","modified_gmt":"2022-08-12T20:44:27","slug":"aplicatie-slanic-prahova-cheia","status":"publish","type":"page","link":"https:\/\/unico.org.ro\/en\/unico-intensiv\/unico-aplicatii\/aplicatie-slanic-prahova-cheia\/","title":{"rendered":"Aplica\u021bie Sl\u0103nic Prahova &#8211; Cheia"},"content":{"rendered":"<p>S\u00e2mb\u0103t\u0103 9 decembrie 2017,cu sprijinul Universit\u0103\u021bii din Bucure\u0219ti, c\u00e2\u021biva reprezentan\u021bi ai UNIVERSIT\u0102\u021aII COPIILOR au f\u0103cut o aplica\u021bie pe teren \u00een sta\u021biunile Sl\u0103nic Prahova \u0219i Cheia.<br \/>\nAu aflat informa\u021bii despre salin\u0103 \u0219i despre zon\u0103 de la profesor Laura L\u0103c\u0103tu\u0219, directorul asocia\u021biei, \u0219i au f\u0103cut fotografii, s-au distrat \u0219i au urcat voinice\u0219te la Muntele Ro\u0219u unde au putut admira piscurile Masivului Ciuca\u0219 acoperite de z\u0103pad\u0103\u200b.<br \/>\n<a href=\"https:\/\/i0.wp.com\/unico.org.ro\/wp-content\/uploads\/2018\/01\/galerii-Slanic-Prahova.jpg\"><img data-recalc-dims=\"1\" decoding=\"async\" data-attachment-id=\"634\" data-permalink=\"https:\/\/unico.org.ro\/en\/unico-intensiv\/unico-aplicatii\/aplicatie-slanic-prahova-cheia\/galerii-slanic-prahova\/\" data-orig-file=\"https:\/\/i0.wp.com\/unico.org.ro\/wp-content\/uploads\/2018\/01\/galerii-Slanic-Prahova.jpg?fit=1061%2C1200&amp;ssl=1\" data-orig-size=\"1061,1200\" data-comments-opened=\"1\" data-image-meta=\"{&quot;aperture&quot;:&quot;0&quot;,&quot;credit&quot;:&quot;&quot;,&quot;camera&quot;:&quot;&quot;,&quot;caption&quot;:&quot;&quot;,&quot;created_timestamp&quot;:&quot;0&quot;,&quot;copyright&quot;:&quot;&quot;,&quot;focal_length&quot;:&quot;0&quot;,&quot;iso&quot;:&quot;0&quot;,&quot;shutter_speed&quot;:&quot;0&quot;,&quot;title&quot;:&quot;&quot;,&quot;orientation&quot;:&quot;1&quot;}\" data-image-title=\"galerii Slanic Prahova\" data-image-description=\"\" data-image-caption=\"\" data-large-file=\"https:\/\/i0.wp.com\/unico.org.ro\/wp-content\/uploads\/2018\/01\/galerii-Slanic-Prahova.jpg?fit=840%2C950&amp;ssl=1\" class=\"alignleft size-thumbnail wp-image-634\" src=\"https:\/\/i0.wp.com\/unico.org.ro\/wp-content\/uploads\/2018\/01\/galerii-Slanic-Prahova-150x150.jpg?resize=150%2C150\" alt=\"\" width=\"150\" height=\"150\" srcset=\"https:\/\/i0.wp.com\/unico.org.ro\/wp-content\/uploads\/2018\/01\/galerii-Slanic-Prahova.jpg?resize=150%2C150&amp;ssl=1 150w, https:\/\/i0.wp.com\/unico.org.ro\/wp-content\/uploads\/2018\/01\/galerii-Slanic-Prahova.jpg?resize=100%2C100&amp;ssl=1 100w, https:\/\/i0.wp.com\/unico.org.ro\/wp-content\/uploads\/2018\/01\/galerii-Slanic-Prahova.jpg?zoom=2&amp;resize=150%2C150&amp;ssl=1 300w, https:\/\/i0.wp.com\/unico.org.ro\/wp-content\/uploads\/2018\/01\/galerii-Slanic-Prahova.jpg?zoom=3&amp;resize=150%2C150&amp;ssl=1 450w\" sizes=\"(max-width: 150px) 100vw, 150px\" \/><\/a><a href=\"https:\/\/i0.wp.com\/unico.org.ro\/wp-content\/uploads\/2018\/01\/IMG_4961-1.jpg\"><img data-recalc-dims=\"1\" decoding=\"async\" data-attachment-id=\"635\" data-permalink=\"https:\/\/unico.org.ro\/en\/unico-intensiv\/unico-aplicatii\/aplicatie-slanic-prahova-cheia\/img_4961-1\/\" data-orig-file=\"https:\/\/i0.wp.com\/unico.org.ro\/wp-content\/uploads\/2018\/01\/IMG_4961-1.jpg?fit=1600%2C1200&amp;ssl=1\" data-orig-size=\"1600,1200\" data-comments-opened=\"1\" data-image-meta=\"{&quot;aperture&quot;:&quot;3.5&quot;,&quot;credit&quot;:&quot;&quot;,&quot;camera&quot;:&quot;Canon PowerShot SX10 IS&quot;,&quot;caption&quot;:&quot;&quot;,&quot;created_timestamp&quot;:&quot;1512822296&quot;,&quot;copyright&quot;:&quot;&quot;,&quot;focal_length&quot;:&quot;8.724&quot;,&quot;iso&quot;:&quot;250&quot;,&quot;shutter_speed&quot;:&quot;0.016666666666667&quot;,&quot;title&quot;:&quot;&quot;,&quot;orientation&quot;:&quot;1&quot;}\" data-image-title=\"IMG_4961 (1)\" data-image-description=\"\" data-image-caption=\"\" data-large-file=\"https:\/\/i0.wp.com\/unico.org.ro\/wp-content\/uploads\/2018\/01\/IMG_4961-1.jpg?fit=840%2C630&amp;ssl=1\" class=\"alignleft size-thumbnail wp-image-635\" src=\"https:\/\/i0.wp.com\/unico.org.ro\/wp-content\/uploads\/2018\/01\/IMG_4961-1-150x150.jpg?resize=150%2C150\" alt=\"\" width=\"150\" height=\"150\" srcset=\"https:\/\/i0.wp.com\/unico.org.ro\/wp-content\/uploads\/2018\/01\/IMG_4961-1.jpg?resize=150%2C150&amp;ssl=1 150w, https:\/\/i0.wp.com\/unico.org.ro\/wp-content\/uploads\/2018\/01\/IMG_4961-1.jpg?resize=100%2C100&amp;ssl=1 100w, https:\/\/i0.wp.com\/unico.org.ro\/wp-content\/uploads\/2018\/01\/IMG_4961-1.jpg?zoom=2&amp;resize=150%2C150&amp;ssl=1 300w, https:\/\/i0.wp.com\/unico.org.ro\/wp-content\/uploads\/2018\/01\/IMG_4961-1.jpg?zoom=3&amp;resize=150%2C150&amp;ssl=1 450w\" sizes=\"(max-width: 150px) 100vw, 150px\" \/><\/a><a href=\"https:\/\/i0.wp.com\/unico.org.ro\/wp-content\/uploads\/2018\/01\/IMG_4993.jpg\"><img data-recalc-dims=\"1\" decoding=\"async\" data-attachment-id=\"636\" data-permalink=\"https:\/\/unico.org.ro\/en\/unico-intensiv\/unico-aplicatii\/aplicatie-slanic-prahova-cheia\/img_4993\/\" data-orig-file=\"https:\/\/i0.wp.com\/unico.org.ro\/wp-content\/uploads\/2018\/01\/IMG_4993.jpg?fit=1295%2C1200&amp;ssl=1\" data-orig-size=\"1295,1200\" data-comments-opened=\"1\" data-image-meta=\"{&quot;aperture&quot;:&quot;2.8&quot;,&quot;credit&quot;:&quot;&quot;,&quot;camera&quot;:&quot;Canon PowerShot SX10 IS&quot;,&quot;caption&quot;:&quot;&quot;,&quot;created_timestamp&quot;:&quot;1512825168&quot;,&quot;copyright&quot;:&quot;&quot;,&quot;focal_length&quot;:&quot;5&quot;,&quot;iso&quot;:&quot;250&quot;,&quot;shutter_speed&quot;:&quot;0.016666666666667&quot;,&quot;title&quot;:&quot;&quot;,&quot;orientation&quot;:&quot;1&quot;}\" data-image-title=\"IMG_4993\" data-image-description=\"\" data-image-caption=\"\" data-large-file=\"https:\/\/i0.wp.com\/unico.org.ro\/wp-content\/uploads\/2018\/01\/IMG_4993.jpg?fit=840%2C778&amp;ssl=1\" class=\"alignleft size-thumbnail wp-image-636\" src=\"https:\/\/i0.wp.com\/unico.org.ro\/wp-content\/uploads\/2018\/01\/IMG_4993-150x150.jpg?resize=150%2C150\" alt=\"\" width=\"150\" height=\"150\" srcset=\"https:\/\/i0.wp.com\/unico.org.ro\/wp-content\/uploads\/2018\/01\/IMG_4993.jpg?resize=150%2C150&amp;ssl=1 150w, https:\/\/i0.wp.com\/unico.org.ro\/wp-content\/uploads\/2018\/01\/IMG_4993.jpg?resize=100%2C100&amp;ssl=1 100w, https:\/\/i0.wp.com\/unico.org.ro\/wp-content\/uploads\/2018\/01\/IMG_4993.jpg?zoom=2&amp;resize=150%2C150&amp;ssl=1 300w, https:\/\/i0.wp.com\/unico.org.ro\/wp-content\/uploads\/2018\/01\/IMG_4993.jpg?zoom=3&amp;resize=150%2C150&amp;ssl=1 450w\" sizes=\"(max-width: 150px) 100vw, 150px\" \/><\/a><a href=\"https:\/\/i0.wp.com\/unico.org.ro\/wp-content\/uploads\/2018\/01\/IMG_5014.jpg\"><img data-recalc-dims=\"1\" loading=\"lazy\" decoding=\"async\" data-attachment-id=\"637\" data-permalink=\"https:\/\/unico.org.ro\/en\/unico-intensiv\/unico-aplicatii\/aplicatie-slanic-prahova-cheia\/img_5014\/\" data-orig-file=\"https:\/\/i0.wp.com\/unico.org.ro\/wp-content\/uploads\/2018\/01\/IMG_5014.jpg?fit=1600%2C1200&amp;ssl=1\" data-orig-size=\"1600,1200\" data-comments-opened=\"1\" data-image-meta=\"{&quot;aperture&quot;:&quot;2.8&quot;,&quot;credit&quot;:&quot;&quot;,&quot;camera&quot;:&quot;Canon PowerShot SX10 IS&quot;,&quot;caption&quot;:&quot;&quot;,&quot;created_timestamp&quot;:&quot;1512826024&quot;,&quot;copyright&quot;:&quot;&quot;,&quot;focal_length&quot;:&quot;5.155&quot;,&quot;iso&quot;:&quot;250&quot;,&quot;shutter_speed&quot;:&quot;0.016666666666667&quot;,&quot;title&quot;:&quot;&quot;,&quot;orientation&quot;:&quot;1&quot;}\" data-image-title=\"IMG_5014\" data-image-description=\"\" data-image-caption=\"\" data-large-file=\"https:\/\/i0.wp.com\/unico.org.ro\/wp-content\/uploads\/2018\/01\/IMG_5014.jpg?fit=840%2C630&amp;ssl=1\" class=\"alignleft size-thumbnail wp-image-637\" src=\"https:\/\/i0.wp.com\/unico.org.ro\/wp-content\/uploads\/2018\/01\/IMG_5014-150x150.jpg?resize=150%2C150\" alt=\"\" width=\"150\" height=\"150\" srcset=\"https:\/\/i0.wp.com\/unico.org.ro\/wp-content\/uploads\/2018\/01\/IMG_5014.jpg?resize=150%2C150&amp;ssl=1 150w, https:\/\/i0.wp.com\/unico.org.ro\/wp-content\/uploads\/2018\/01\/IMG_5014.jpg?resize=100%2C100&amp;ssl=1 100w, https:\/\/i0.wp.com\/unico.org.ro\/wp-content\/uploads\/2018\/01\/IMG_5014.jpg?zoom=2&amp;resize=150%2C150&amp;ssl=1 300w, https:\/\/i0.wp.com\/unico.org.ro\/wp-content\/uploads\/2018\/01\/IMG_5014.jpg?zoom=3&amp;resize=150%2C150&amp;ssl=1 450w\" sizes=\"(max-width: 150px) 100vw, 150px\" \/><\/a><a href=\"https:\/\/i0.wp.com\/unico.org.ro\/wp-content\/uploads\/2018\/01\/Salina-Slanic-P-.jpg\"><img data-recalc-dims=\"1\" loading=\"lazy\" decoding=\"async\" data-attachment-id=\"638\" data-permalink=\"https:\/\/unico.org.ro\/en\/unico-intensiv\/unico-aplicatii\/aplicatie-slanic-prahova-cheia\/salina-slanic-p\/\" data-orig-file=\"https:\/\/i0.wp.com\/unico.org.ro\/wp-content\/uploads\/2018\/01\/Salina-Slanic-P-.jpg?fit=1600%2C1200&amp;ssl=1\" data-orig-size=\"1600,1200\" data-comments-opened=\"1\" data-image-meta=\"{&quot;aperture&quot;:&quot;0&quot;,&quot;credit&quot;:&quot;&quot;,&quot;camera&quot;:&quot;&quot;,&quot;caption&quot;:&quot;&quot;,&quot;created_timestamp&quot;:&quot;0&quot;,&quot;copyright&quot;:&quot;&quot;,&quot;focal_length&quot;:&quot;0&quot;,&quot;iso&quot;:&quot;0&quot;,&quot;shutter_speed&quot;:&quot;0&quot;,&quot;title&quot;:&quot;&quot;,&quot;orientation&quot;:&quot;1&quot;}\" data-image-title=\"Salina Slanic P\" data-image-description=\"\" data-image-caption=\"\" data-large-file=\"https:\/\/i0.wp.com\/unico.org.ro\/wp-content\/uploads\/2018\/01\/Salina-Slanic-P-.jpg?fit=840%2C630&amp;ssl=1\" class=\"alignleft size-thumbnail wp-image-638\" src=\"https:\/\/i0.wp.com\/unico.org.ro\/wp-content\/uploads\/2018\/01\/Salina-Slanic-P--150x150.jpg?resize=150%2C150\" alt=\"\" width=\"150\" height=\"150\" srcset=\"https:\/\/i0.wp.com\/unico.org.ro\/wp-content\/uploads\/2018\/01\/Salina-Slanic-P-.jpg?resize=150%2C150&amp;ssl=1 150w, https:\/\/i0.wp.com\/unico.org.ro\/wp-content\/uploads\/2018\/01\/Salina-Slanic-P-.jpg?resize=100%2C100&amp;ssl=1 100w, https:\/\/i0.wp.com\/unico.org.ro\/wp-content\/uploads\/2018\/01\/Salina-Slanic-P-.jpg?zoom=2&amp;resize=150%2C150&amp;ssl=1 300w, https:\/\/i0.wp.com\/unico.org.ro\/wp-content\/uploads\/2018\/01\/Salina-Slanic-P-.jpg?zoom=3&amp;resize=150%2C150&amp;ssl=1 450w\" sizes=\"(max-width: 150px) 100vw, 150px\" \/><\/a><a href=\"https:\/\/i0.wp.com\/unico.org.ro\/wp-content\/uploads\/2018\/01\/salinaSlanic-Prahova-2.jpg\"><img data-recalc-dims=\"1\" loading=\"lazy\" decoding=\"async\" data-attachment-id=\"639\" data-permalink=\"https:\/\/unico.org.ro\/en\/unico-intensiv\/unico-aplicatii\/aplicatie-slanic-prahova-cheia\/salinaslanic-prahova-2\/\" data-orig-file=\"https:\/\/i0.wp.com\/unico.org.ro\/wp-content\/uploads\/2018\/01\/salinaSlanic-Prahova-2.jpg?fit=1600%2C1200&amp;ssl=1\" data-orig-size=\"1600,1200\" data-comments-opened=\"1\" data-image-meta=\"{&quot;aperture&quot;:&quot;0&quot;,&quot;credit&quot;:&quot;&quot;,&quot;camera&quot;:&quot;&quot;,&quot;caption&quot;:&quot;&quot;,&quot;created_timestamp&quot;:&quot;0&quot;,&quot;copyright&quot;:&quot;&quot;,&quot;focal_length&quot;:&quot;0&quot;,&quot;iso&quot;:&quot;0&quot;,&quot;shutter_speed&quot;:&quot;0&quot;,&quot;title&quot;:&quot;&quot;,&quot;orientation&quot;:&quot;1&quot;}\" data-image-title=\"salinaSlanic Prahova (2)\" data-image-description=\"\" data-image-caption=\"\" data-large-file=\"https:\/\/i0.wp.com\/unico.org.ro\/wp-content\/uploads\/2018\/01\/salinaSlanic-Prahova-2.jpg?fit=840%2C630&amp;ssl=1\" class=\"alignleft size-thumbnail wp-image-639\" src=\"https:\/\/i0.wp.com\/unico.org.ro\/wp-content\/uploads\/2018\/01\/salinaSlanic-Prahova-2-150x150.jpg?resize=150%2C150\" alt=\"\" width=\"150\" height=\"150\" srcset=\"https:\/\/i0.wp.com\/unico.org.ro\/wp-content\/uploads\/2018\/01\/salinaSlanic-Prahova-2.jpg?resize=150%2C150&amp;ssl=1 150w, https:\/\/i0.wp.com\/unico.org.ro\/wp-content\/uploads\/2018\/01\/salinaSlanic-Prahova-2.jpg?resize=100%2C100&amp;ssl=1 100w, https:\/\/i0.wp.com\/unico.org.ro\/wp-content\/uploads\/2018\/01\/salinaSlanic-Prahova-2.jpg?zoom=2&amp;resize=150%2C150&amp;ssl=1 300w, https:\/\/i0.wp.com\/unico.org.ro\/wp-content\/uploads\/2018\/01\/salinaSlanic-Prahova-2.jpg?zoom=3&amp;resize=150%2C150&amp;ssl=1 450w\" sizes=\"(max-width: 150px) 100vw, 150px\" \/><\/a><a href=\"https:\/\/i0.wp.com\/unico.org.ro\/wp-content\/uploads\/2018\/01\/salinaSlanic-p.jpg\"><img data-recalc-dims=\"1\" loading=\"lazy\" decoding=\"async\" data-attachment-id=\"640\" data-permalink=\"https:\/\/unico.org.ro\/en\/unico-intensiv\/unico-aplicatii\/aplicatie-slanic-prahova-cheia\/salinaslanic-p\/\" data-orig-file=\"https:\/\/i0.wp.com\/unico.org.ro\/wp-content\/uploads\/2018\/01\/salinaSlanic-p.jpg?fit=1600%2C1200&amp;ssl=1\" data-orig-size=\"1600,1200\" data-comments-opened=\"1\" data-image-meta=\"{&quot;aperture&quot;:&quot;0&quot;,&quot;credit&quot;:&quot;&quot;,&quot;camera&quot;:&quot;&quot;,&quot;caption&quot;:&quot;&quot;,&quot;created_timestamp&quot;:&quot;0&quot;,&quot;copyright&quot;:&quot;&quot;,&quot;focal_length&quot;:&quot;0&quot;,&quot;iso&quot;:&quot;0&quot;,&quot;shutter_speed&quot;:&quot;0&quot;,&quot;title&quot;:&quot;&quot;,&quot;orientation&quot;:&quot;1&quot;}\" data-image-title=\"salinaSlanic p\" data-image-description=\"\" data-image-caption=\"\" data-large-file=\"https:\/\/i0.wp.com\/unico.org.ro\/wp-content\/uploads\/2018\/01\/salinaSlanic-p.jpg?fit=840%2C630&amp;ssl=1\" class=\"alignleft size-thumbnail wp-image-640\" src=\"https:\/\/i0.wp.com\/unico.org.ro\/wp-content\/uploads\/2018\/01\/salinaSlanic-p-150x150.jpg?resize=150%2C150\" alt=\"\" width=\"150\" height=\"150\" srcset=\"https:\/\/i0.wp.com\/unico.org.ro\/wp-content\/uploads\/2018\/01\/salinaSlanic-p.jpg?resize=150%2C150&amp;ssl=1 150w, https:\/\/i0.wp.com\/unico.org.ro\/wp-content\/uploads\/2018\/01\/salinaSlanic-p.jpg?resize=100%2C100&amp;ssl=1 100w, https:\/\/i0.wp.com\/unico.org.ro\/wp-content\/uploads\/2018\/01\/salinaSlanic-p.jpg?zoom=2&amp;resize=150%2C150&amp;ssl=1 300w, https:\/\/i0.wp.com\/unico.org.ro\/wp-content\/uploads\/2018\/01\/salinaSlanic-p.jpg?zoom=3&amp;resize=150%2C150&amp;ssl=1 450w\" sizes=\"(max-width: 150px) 100vw, 150px\" \/><\/a><a href=\"https:\/\/i0.wp.com\/unico.org.ro\/wp-content\/uploads\/2018\/01\/pe-drum-spre-Muntele-Rosu.jpg\"><img data-recalc-dims=\"1\" loading=\"lazy\" decoding=\"async\" data-attachment-id=\"641\" data-permalink=\"https:\/\/unico.org.ro\/en\/unico-intensiv\/unico-aplicatii\/aplicatie-slanic-prahova-cheia\/pe-drum-spre-muntele-rosu\/\" data-orig-file=\"https:\/\/i0.wp.com\/unico.org.ro\/wp-content\/uploads\/2018\/01\/pe-drum-spre-Muntele-Rosu.jpg?fit=1600%2C997&amp;ssl=1\" data-orig-size=\"1600,997\" data-comments-opened=\"1\" data-image-meta=\"{&quot;aperture&quot;:&quot;0&quot;,&quot;credit&quot;:&quot;&quot;,&quot;camera&quot;:&quot;&quot;,&quot;caption&quot;:&quot;&quot;,&quot;created_timestamp&quot;:&quot;0&quot;,&quot;copyright&quot;:&quot;&quot;,&quot;focal_length&quot;:&quot;0&quot;,&quot;iso&quot;:&quot;0&quot;,&quot;shutter_speed&quot;:&quot;0&quot;,&quot;title&quot;:&quot;&quot;,&quot;orientation&quot;:&quot;1&quot;}\" data-image-title=\"pe drum spre Muntele Rosu\" data-image-description=\"\" data-image-caption=\"\" data-large-file=\"https:\/\/i0.wp.com\/unico.org.ro\/wp-content\/uploads\/2018\/01\/pe-drum-spre-Muntele-Rosu.jpg?fit=840%2C523&amp;ssl=1\" class=\"alignleft size-thumbnail wp-image-641\" src=\"https:\/\/i0.wp.com\/unico.org.ro\/wp-content\/uploads\/2018\/01\/pe-drum-spre-Muntele-Rosu-150x150.jpg?resize=150%2C150\" alt=\"\" width=\"150\" height=\"150\" srcset=\"https:\/\/i0.wp.com\/unico.org.ro\/wp-content\/uploads\/2018\/01\/pe-drum-spre-Muntele-Rosu.jpg?resize=150%2C150&amp;ssl=1 150w, https:\/\/i0.wp.com\/unico.org.ro\/wp-content\/uploads\/2018\/01\/pe-drum-spre-Muntele-Rosu.jpg?resize=100%2C100&amp;ssl=1 100w, https:\/\/i0.wp.com\/unico.org.ro\/wp-content\/uploads\/2018\/01\/pe-drum-spre-Muntele-Rosu.jpg?zoom=2&amp;resize=150%2C150&amp;ssl=1 300w, https:\/\/i0.wp.com\/unico.org.ro\/wp-content\/uploads\/2018\/01\/pe-drum-spre-Muntele-Rosu.jpg?zoom=3&amp;resize=150%2C150&amp;ssl=1 450w\" sizes=\"(max-width: 150px) 100vw, 150px\" \/><\/a><a href=\"https:\/\/i0.wp.com\/unico.org.ro\/wp-content\/uploads\/2018\/01\/IMG_6079.jpg\"><img data-recalc-dims=\"1\" loading=\"lazy\" decoding=\"async\" data-attachment-id=\"642\" data-permalink=\"https:\/\/unico.org.ro\/en\/unico-intensiv\/unico-aplicatii\/aplicatie-slanic-prahova-cheia\/img_6079\/\" data-orig-file=\"https:\/\/i0.wp.com\/unico.org.ro\/wp-content\/uploads\/2018\/01\/IMG_6079.jpg?fit=1600%2C1200&amp;ssl=1\" data-orig-size=\"1600,1200\" data-comments-opened=\"1\" data-image-meta=\"{&quot;aperture&quot;:&quot;0&quot;,&quot;credit&quot;:&quot;&quot;,&quot;camera&quot;:&quot;&quot;,&quot;caption&quot;:&quot;&quot;,&quot;created_timestamp&quot;:&quot;0&quot;,&quot;copyright&quot;:&quot;&quot;,&quot;focal_length&quot;:&quot;0&quot;,&quot;iso&quot;:&quot;0&quot;,&quot;shutter_speed&quot;:&quot;0&quot;,&quot;title&quot;:&quot;&quot;,&quot;orientation&quot;:&quot;1&quot;}\" data-image-title=\"IMG_6079\" data-image-description=\"\" data-image-caption=\"\" data-large-file=\"https:\/\/i0.wp.com\/unico.org.ro\/wp-content\/uploads\/2018\/01\/IMG_6079.jpg?fit=840%2C630&amp;ssl=1\" class=\"alignleft size-thumbnail wp-image-642\" src=\"https:\/\/i0.wp.com\/unico.org.ro\/wp-content\/uploads\/2018\/01\/IMG_6079-150x150.jpg?resize=150%2C150\" alt=\"\" width=\"150\" height=\"150\" srcset=\"https:\/\/i0.wp.com\/unico.org.ro\/wp-content\/uploads\/2018\/01\/IMG_6079.jpg?resize=150%2C150&amp;ssl=1 150w, https:\/\/i0.wp.com\/unico.org.ro\/wp-content\/uploads\/2018\/01\/IMG_6079.jpg?resize=100%2C100&amp;ssl=1 100w, https:\/\/i0.wp.com\/unico.org.ro\/wp-content\/uploads\/2018\/01\/IMG_6079.jpg?zoom=2&amp;resize=150%2C150&amp;ssl=1 300w, https:\/\/i0.wp.com\/unico.org.ro\/wp-content\/uploads\/2018\/01\/IMG_6079.jpg?zoom=3&amp;resize=150%2C150&amp;ssl=1 450w\" sizes=\"(max-width: 150px) 100vw, 150px\" \/><\/a><a href=\"https:\/\/i0.wp.com\/unico.org.ro\/wp-content\/uploads\/2018\/01\/IMG_6072.jpg\"><img data-recalc-dims=\"1\" loading=\"lazy\" decoding=\"async\" data-attachment-id=\"643\" data-permalink=\"https:\/\/unico.org.ro\/en\/unico-intensiv\/unico-aplicatii\/aplicatie-slanic-prahova-cheia\/img_6072\/\" data-orig-file=\"https:\/\/i0.wp.com\/unico.org.ro\/wp-content\/uploads\/2018\/01\/IMG_6072.jpg?fit=1600%2C1200&amp;ssl=1\" data-orig-size=\"1600,1200\" data-comments-opened=\"1\" data-image-meta=\"{&quot;aperture&quot;:&quot;0&quot;,&quot;credit&quot;:&quot;&quot;,&quot;camera&quot;:&quot;&quot;,&quot;caption&quot;:&quot;&quot;,&quot;created_timestamp&quot;:&quot;0&quot;,&quot;copyright&quot;:&quot;&quot;,&quot;focal_length&quot;:&quot;0&quot;,&quot;iso&quot;:&quot;0&quot;,&quot;shutter_speed&quot;:&quot;0&quot;,&quot;title&quot;:&quot;&quot;,&quot;orientation&quot;:&quot;1&quot;}\" data-image-title=\"IMG_6072\" data-image-description=\"\" data-image-caption=\"\" data-large-file=\"https:\/\/i0.wp.com\/unico.org.ro\/wp-content\/uploads\/2018\/01\/IMG_6072.jpg?fit=840%2C630&amp;ssl=1\" class=\"alignleft size-thumbnail wp-image-643\" src=\"https:\/\/i0.wp.com\/unico.org.ro\/wp-content\/uploads\/2018\/01\/IMG_6072-150x150.jpg?resize=150%2C150\" alt=\"\" width=\"150\" height=\"150\" srcset=\"https:\/\/i0.wp.com\/unico.org.ro\/wp-content\/uploads\/2018\/01\/IMG_6072.jpg?resize=150%2C150&amp;ssl=1 150w, https:\/\/i0.wp.com\/unico.org.ro\/wp-content\/uploads\/2018\/01\/IMG_6072.jpg?resize=100%2C100&amp;ssl=1 100w, https:\/\/i0.wp.com\/unico.org.ro\/wp-content\/uploads\/2018\/01\/IMG_6072.jpg?zoom=2&amp;resize=150%2C150&amp;ssl=1 300w, https:\/\/i0.wp.com\/unico.org.ro\/wp-content\/uploads\/2018\/01\/IMG_6072.jpg?zoom=3&amp;resize=150%2C150&amp;ssl=1 450w\" sizes=\"(max-width: 150px) 100vw, 150px\" \/><\/a><\/p>\n","protected":false},"excerpt":{"rendered":"<p>S\u00e2mb\u0103t\u0103 9 decembrie 2017,cu sprijinul Universit\u0103\u021bii din Bucure\u0219ti, c\u00e2\u021biva reprezentan\u021bi ai UNIVERSIT\u0102\u021aII COPIILOR au f\u0103cut o aplica\u021bie pe teren \u00een sta\u021biunile Sl\u0103nic Prahova \u0219i Cheia. &hellip; <\/p>\n","protected":false},"author":1,"featured_media":0,"parent":12,"menu_order":0,"comment_status":"closed","ping_status":"closed","template":"","meta":{"jetpack_post_was_ever_published":false,"footnotes":""},"class_list":["post-633","page","type-page","status-publish","hentry","latest_post"],"translation":{"provider":"WPGlobus","version":"3.0.2","language":"en","enabled_languages":["ro","en","de"],"languages":{"ro":{"title":true,"content":true,"excerpt":false},"en":{"title":false,"content":false,"excerpt":false},"de":{"title":false,"content":false,"excerpt":false}}},"jetpack_sharing_enabled":true,"_links":{"self":[{"href":"https:\/\/unico.org.ro\/en\/wp-json\/wp\/v2\/pages\/633","targetHints":{"allow":["GET"]}}],"collection":[{"href":"https:\/\/unico.org.ro\/en\/wp-json\/wp\/v2\/pages"}],"about":[{"href":"https:\/\/unico.org.ro\/en\/wp-json\/wp\/v2\/types\/page"}],"author":[{"embeddable":true,"href":"https:\/\/unico.org.ro\/en\/wp-json\/wp\/v2\/users\/1"}],"replies":[{"embeddable":true,"href":"https:\/\/unico.org.ro\/en\/wp-json\/wp\/v2\/comments?post=633"}],"version-history":[{"count":6,"href":"https:\/\/unico.org.ro\/en\/wp-json\/wp\/v2\/pages\/633\/revisions"}],"predecessor-version":[{"id":3487,"href":"https:\/\/unico.org.ro\/en\/wp-json\/wp\/v2\/pages\/633\/revisions\/3487"}],"up":[{"embeddable":true,"href":"https:\/\/unico.org.ro\/en\/wp-json\/wp\/v2\/pages\/12"}],"wp:attachment":[{"href":"https:\/\/unico.org.ro\/en\/wp-json\/wp\/v2\/media?parent=633"}],"curies":[{"name":"wp","href":"https:\/\/api.w.org\/{rel}","templated":true}]}}