{"id":4229,"date":"2024-06-23T15:46:26","date_gmt":"2024-06-23T12:46:26","guid":{"rendered":"https:\/\/unico.org.ro\/?page_id=4229"},"modified":"2024-06-23T15:55:34","modified_gmt":"2024-06-23T12:55:34","slug":"unico-intensiv-2023","status":"publish","type":"page","link":"https:\/\/unico.org.ro\/en\/unico-intensiv-2023\/","title":{"rendered":"UniCo Intensiv 2023"},"content":{"rendered":"<h2>Orarul atelierelor UniCo Intensiv 2023<\/h2>\n<p>Nu rata \u0219ansa de a fi student UniCo \u0219i anul acesta !<br \/>\n<strong>Inc\u0103 te mai po\u021bi \u00eenscrie la Programul UniCo Intensiv 2023! Te a\u0219tept\u0103m \u00een perioada 26 &#8211; 30\u00a0iunie 2023 intre orele 17.00 \u2013 19.00 la Universitatea Copiilor<\/strong>:\u00a0 <a href=\"https:\/\/goo.gl\/maps\/KCfwBLh2Wn8a9Qsq6\">https:\/\/goo.gl\/maps\/KCfwBLh2Wn8a9Qsq6<\/a><br \/>\nIata surprizele pe care \u021bi le-au preg\u0103tit Profesorii UniCO \u00een perioada 3 &#8211; 14 iulie 2023:<a href=\"https:\/\/unico.org.ro\/wp-content\/uplads\/\">https:\/\/unico.org.ro\/<\/a><\/p>\n<p><iframe src=\"https:\/\/docs.google.com\/spreadsheets\/d\/e\/2PACX-1vRAQd-BlVCJGIcQ-4o10DMxoY05zs_0faq_K2ekDO1WyQNLfyi2i-ES0iFeOEinHz9aeUHNalbYyiYF\/pubhtml?widget=true&amp;headers=false\" width=\"1250\" height=\"1750\" data-mce-fragment=\"1\"><\/iframe><\/p>\n<p><img data-recalc-dims=\"1\" fetchpriority=\"high\" decoding=\"async\" src=\"https:\/\/i0.wp.com\/unico.org.ro\/wp-content\/uploads\/2023\/04\/header.png?resize=840%2C210&#038;ssl=1\" sizes=\"(max-width: 840px) 100vw, 840px\" srcset=\"https:\/\/i0.wp.com\/unico.org.ro\/wp-content\/uploads\/2023\/04\/header.png?resize=1024%2C256&amp;ssl=1 1024w, https:\/\/i0.wp.com\/unico.org.ro\/wp-content\/uploads\/2023\/04\/header.png?resize=300%2C75&amp;ssl=1 300w, https:\/\/i0.wp.com\/unico.org.ro\/wp-content\/uploads\/2023\/04\/header.png?resize=768%2C192&amp;ssl=1 768w, https:\/\/i0.wp.com\/unico.org.ro\/wp-content\/uploads\/2023\/04\/header.png?resize=1536%2C384&amp;ssl=1 1536w, https:\/\/i0.wp.com\/unico.org.ro\/wp-content\/uploads\/2023\/04\/header.png?resize=240%2C60&amp;ssl=1 240w, https:\/\/i0.wp.com\/unico.org.ro\/wp-content\/uploads\/2023\/04\/header.png?w=1600&amp;ssl=1 1600w\" alt=\"\" width=\"840\" height=\"210\" \/><\/p>\n<p style=\"text-align: center;\"><strong><em>Profesori UniCo Intensiv 2023<\/em><\/strong><\/p>\n<p style=\"text-align: left;\">Dragi Profesori UniCo,<br \/>\na\u0219tept\u0103m cu ner\u0103bdare \u0219i cu mult\u0103 bucurie s\u0103 relu\u0103m colaborarea cu dumneavoastr\u0103 \u00een cadrul programului UNICO Intensiv 2023, a 13-a edi\u021bie, care se va desf\u0103\u0219ura \u00een perioada 3 \u2013 14 iulie 2023.<\/p>\n<p style=\"text-align: left;\">V\u0103 rug\u0103m s\u0103 face\u021bi \u00eenscrierea activit\u0103\u021bilor pe care dori\u021bi s\u0103 le organiza\u021bi p\u00e2n\u0103 la data de 10 iunie 2023, pentru a avea timp s\u0103 le prezent\u0103m copiilor orarul atelierelor.<\/p>\n<p style=\"text-align: justify;\">Prin participarea la programul UNICO Intensiv 2023, profesorii din diferite facult\u0103\u021bi \u00ee\u015fi pot aduce contribu\u0163ia la \u00eendeplinirea celei de a treia misiuni a universit\u0103\u021bilor privind conexiunile acestora cu societatea \u00een general, la promovarea \u0219tiin\u021bei \u0219i a educa\u021biei prin metode interactive, la dezvoltarea \u015fi \u00eencurajarea studiului, la prevenirea abandonului \u015fcolar \u015fi la promovarea ariei de studiu pe care o reprezint\u0103.<\/p>\n<p style=\"text-align: justify;\">Profesorii participan\u021bi vor primi o diplom\u0103 semnat\u0103 de c\u0103tre rectorii universit\u0103\u021bilor partenere \u0219i, la cerere, o adeverin\u021b\u0103 suplimentar\u0103 cu privire la participarea \u00een cadrul acestui program educa\u021bional.<\/p>\n<p style=\"text-align: justify;\">Pentru a afla mai multe informa\u0163ii despre Universitatea Copiilor, pute\u021bi accesa site-ul nostru sau pagina de Facebook . V\u0103 invit\u0103m \u0219i pe canalul nostru de YouTube.<\/p>\n<p style=\"text-align: justify;\">Copiii v\u0103 a\u0219teapt\u0103 cu mult drag \u0219i entuziasm. Sper\u0103m ca \u00eempreun\u0103 cu dumneavoastr\u0103 s\u0103 aducem mai aproape de micii curio\u0219i tainele lumii care ne \u00eenconjoar\u0103.<\/p>\n<p>Povestea studen\u021bilor de m\u00e2ine se scrie acum! Suntem deosebit de \u00eenc\u00e2nta\u021bi s\u0103 anun\u021b\u0103m oficial c\u0103 Universitatea Copiilor \u00ee\u0219i deschide por\u021bile \u0219i \u00een acest an pentru a sus\u021bine programul UniCo Intensiv 2023 (3 iulie &#8211; 14 iulie).<\/p>\n<p><img data-recalc-dims=\"1\" fetchpriority=\"high\" decoding=\"async\" src=\"https:\/\/i0.wp.com\/unico.org.ro\/wp-content\/uploads\/2023\/04\/header.png?resize=840%2C210&#038;ssl=1\" sizes=\"(max-width: 840px) 100vw, 840px\" srcset=\"https:\/\/i0.wp.com\/unico.org.ro\/wp-content\/uploads\/2023\/04\/header.png?resize=1024%2C256&amp;ssl=1 1024w, https:\/\/i0.wp.com\/unico.org.ro\/wp-content\/uploads\/2023\/04\/header.png?resize=300%2C75&amp;ssl=1 300w, https:\/\/i0.wp.com\/unico.org.ro\/wp-content\/uploads\/2023\/04\/header.png?resize=768%2C192&amp;ssl=1 768w, https:\/\/i0.wp.com\/unico.org.ro\/wp-content\/uploads\/2023\/04\/header.png?resize=1536%2C384&amp;ssl=1 1536w, https:\/\/i0.wp.com\/unico.org.ro\/wp-content\/uploads\/2023\/04\/header.png?resize=240%2C60&amp;ssl=1 240w, https:\/\/i0.wp.com\/unico.org.ro\/wp-content\/uploads\/2023\/04\/header.png?w=1600&amp;ssl=1 1600w\" alt=\"\" width=\"840\" height=\"210\" \/><\/p>\n<p>&nbsp;<\/p>\n","protected":false},"excerpt":{"rendered":"<p>Orarul atelierelor UniCo Intensiv 2023 Nu rata \u0219ansa de a fi student UniCo \u0219i anul acesta ! Inc\u0103 te mai po\u021bi \u00eenscrie la Programul UniCo &hellip; <\/p>\n","protected":false},"author":1,"featured_media":0,"parent":0,"menu_order":0,"comment_status":"closed","ping_status":"closed","template":"","meta":{"footnotes":""},"class_list":["post-4229","page","type-page","status-publish","hentry","latest_post"],"translation":{"provider":"WPGlobus","version":"3.0.2","language":"en","enabled_languages":["ro","en","de"],"languages":{"ro":{"title":true,"content":true,"excerpt":false},"en":{"title":false,"content":false,"excerpt":false},"de":{"title":false,"content":false,"excerpt":false}}},"jetpack_sharing_enabled":true,"_links":{"self":[{"href":"https:\/\/unico.org.ro\/en\/wp-json\/wp\/v2\/pages\/4229","targetHints":{"allow":["GET"]}}],"collection":[{"href":"https:\/\/unico.org.ro\/en\/wp-json\/wp\/v2\/pages"}],"about":[{"href":"https:\/\/unico.org.ro\/en\/wp-json\/wp\/v2\/types\/page"}],"author":[{"embeddable":true,"href":"https:\/\/unico.org.ro\/en\/wp-json\/wp\/v2\/users\/1"}],"replies":[{"embeddable":true,"href":"https:\/\/unico.org.ro\/en\/wp-json\/wp\/v2\/comments?post=4229"}],"version-history":[{"count":2,"href":"https:\/\/unico.org.ro\/en\/wp-json\/wp\/v2\/pages\/4229\/revisions"}],"predecessor-version":[{"id":4231,"href":"https:\/\/unico.org.ro\/en\/wp-json\/wp\/v2\/pages\/4229\/revisions\/4231"}],"wp:attachment":[{"href":"https:\/\/unico.org.ro\/en\/wp-json\/wp\/v2\/media?parent=4229"}],"curies":[{"name":"wp","href":"https:\/\/api.w.org\/{rel}","templated":true}]}}