{"id":3328,"date":"2022-05-15T18:06:57","date_gmt":"2022-05-15T15:06:57","guid":{"rendered":"https:\/\/unico.org.ro\/?page_id=3328"},"modified":"2025-06-15T21:41:45","modified_gmt":"2025-06-15T18:41:45","slug":"noaptea-cercetatorilor-2021","status":"publish","type":"page","link":"https:\/\/unico.org.ro\/en\/noaptea-cercetatorilor-2021\/","title":{"rendered":"Noaptea Cercet\u0103torilor"},"content":{"rendered":"<p>Va este dor s\u0103 v\u0103 re\u00eentalniti cu micii cercet\u0103tori ai Universit\u0103\u021bii Copiilor ?\u00a0 II pute\u021bi \u00eent\u00e2lni in fiecare an la Noaptea Cercet\u0103torilor !!!<\/p>\n<p><strong>Noaptea Cercetatorilor 2024<\/strong><\/p>\n<p><iframe style=\"border: none; overflow: hidden;\" src=\"https:\/\/www.facebook.com\/plugins\/post.php?href=https%3A%2F%2Fwww.facebook.com%2FUniversitateaCopiilor%2Fposts%2F853407513657709&#038;show_text=true&#038;width=500\" width=\"500\" height=\"684\" frameborder=\"0\" scrolling=\"no\" allowfullscreen=\"allowfullscreen\"><\/iframe><\/p>\n<p><iframe src=\"https:\/\/docs.google.com\/spreadsheets\/d\/1RioLe7ukUaO01yLUtWqgWBstRDTh5NtXCWFQ1v1Wtso\/pubhtml?gid=0&#038;single=true&#038;widget=true&#038;headers=false\" width=\"800\" height=\"1200\"><\/iframe><\/p>\n","protected":false},"excerpt":{"rendered":"<p>Va este dor s\u0103 v\u0103 re\u00eentalniti cu micii cercet\u0103tori ai Universit\u0103\u021bii Copiilor ?\u00a0 II pute\u021bi \u00eent\u00e2lni in fiecare an la Noaptea Cercet\u0103torilor !!! Noaptea Cercetatorilor &hellip; <\/p>\n","protected":false},"author":1,"featured_media":0,"parent":0,"menu_order":0,"comment_status":"closed","ping_status":"closed","template":"","meta":{"jetpack_post_was_ever_published":false,"footnotes":""},"class_list":["post-3328","page","type-page","status-publish","hentry","latest_post"],"translation":{"provider":"WPGlobus","version":"3.0.2","language":"en","enabled_languages":["ro","en","de"],"languages":{"ro":{"title":true,"content":true,"excerpt":false},"en":{"title":false,"content":false,"excerpt":false},"de":{"title":false,"content":false,"excerpt":false}}},"jetpack_sharing_enabled":true,"_links":{"self":[{"href":"https:\/\/unico.org.ro\/en\/wp-json\/wp\/v2\/pages\/3328","targetHints":{"allow":["GET"]}}],"collection":[{"href":"https:\/\/unico.org.ro\/en\/wp-json\/wp\/v2\/pages"}],"about":[{"href":"https:\/\/unico.org.ro\/en\/wp-json\/wp\/v2\/types\/page"}],"author":[{"embeddable":true,"href":"https:\/\/unico.org.ro\/en\/wp-json\/wp\/v2\/users\/1"}],"replies":[{"embeddable":true,"href":"https:\/\/unico.org.ro\/en\/wp-json\/wp\/v2\/comments?post=3328"}],"version-history":[{"count":3,"href":"https:\/\/unico.org.ro\/en\/wp-json\/wp\/v2\/pages\/3328\/revisions"}],"predecessor-version":[{"id":4469,"href":"https:\/\/unico.org.ro\/en\/wp-json\/wp\/v2\/pages\/3328\/revisions\/4469"}],"wp:attachment":[{"href":"https:\/\/unico.org.ro\/en\/wp-json\/wp\/v2\/media?parent=3328"}],"curies":[{"name":"wp","href":"https:\/\/api.w.org\/{rel}","templated":true}]}}