{"id":3309,"date":"2022-05-15T16:13:00","date_gmt":"2022-05-15T13:13:00","guid":{"rendered":"https:\/\/unico.org.ro\/?page_id=3309"},"modified":"2022-05-15T17:25:24","modified_gmt":"2022-05-15T14:25:24","slug":"proiectul-european-sci-challange","status":"publish","type":"page","link":"https:\/\/unico.org.ro\/en\/proiectul-european-sci-challange\/","title":{"rendered":"Proiectul european Sci Challange"},"content":{"rendered":"<p>Proiectul european SciChallenge se concentreaz\u0103 pe dezvoltarea unor concepte noi pentru a integra \u00een mod activ b\u0103ie\u021bii \u0219i fetele \u00een educa\u021bia \u0219tiin\u021bific\u0103, folosind o abordare bazat\u0103 pe concursuri pentru materiale educa\u021bionale digitale auto-produse de tineri pentru tineri.<\/p>\n<p>Proiectul este finantat prin Programul H2020-EU.5.a. &#8211; Asigurarea atractivit\u0103\u021bii carierelor \u0219tiin\u021bifice \u0219i tehnologice pentru tinerii studen\u021bi \u0219i \u00eencurajarea interac\u021biunii durabile \u00eentre \u0219coli, institu\u021bii de cercetare, industrie \u0219i organiza\u021bii ale societ\u0103\u021bii civile.<\/p>\n<p>Universitatea Copiilor a sus\u021binut tinerii din cadrul CENTRULUI DE RESURSE PENTRU EDUCATIE \u0218I DEZVOLTARE s\u0103 participe la competi\u021bia #SciChallenge2017 sub \u00eendrumarea doamnei profesor Laura L\u0103c\u0103tu\u0219.<\/p>\n<p>Felicitari tuturor elevilor implicati pentru rezultatele deosebite pe care le puteti urmari \u00een cele ce urmeaz\u0103 !<\/p>\n<p><iframe title=\"YouTube video player\" src=\"\/\/www.youtube.com\/embed\/r87f5MeFHVU\" width=\"560\" height=\"315\" frameborder=\"0\" allowfullscreen=\"allowfullscreen\"><\/iframe><\/p>\n<p><iframe title=\"YouTube video player\" src=\"\/\/www.youtube.com\/embed\/41H6ZfXoxIU\" width=\"560\" height=\"315\" frameborder=\"0\" allowfullscreen=\"allowfullscreen\"><\/iframe><\/p>\n<p><iframe title=\"YouTube video player\" src=\"\/\/www.youtube.com\/embed\/ghz0gIjZMiY\" width=\"560\" height=\"315\" frameborder=\"0\" allowfullscreen=\"allowfullscreen\"><\/iframe><\/p>\n<p><iframe title=\"YouTube video player\" src=\"\/\/www.youtube.com\/embed\/TAw-Tx-i_oU\" width=\"560\" height=\"315\" frameborder=\"0\" allowfullscreen=\"allowfullscreen\"><\/iframe><\/p>\n<p><iframe title=\"YouTube video player\" src=\"\/\/www.youtube.com\/embed\/je9ibTF1lJ8\" width=\"560\" height=\"315\" frameborder=\"0\" allowfullscreen=\"allowfullscreen\"><\/iframe><\/p>\n","protected":false},"excerpt":{"rendered":"<p>Proiectul european SciChallenge se concentreaz\u0103 pe dezvoltarea unor concepte noi pentru a integra \u00een mod activ b\u0103ie\u021bii \u0219i fetele \u00een educa\u021bia \u0219tiin\u021bific\u0103, folosind o abordare &hellip; <\/p>\n","protected":false},"author":1,"featured_media":0,"parent":0,"menu_order":0,"comment_status":"closed","ping_status":"closed","template":"","meta":{"jetpack_post_was_ever_published":false,"footnotes":""},"class_list":["post-3309","page","type-page","status-publish","hentry","latest_post"],"translation":{"provider":"WPGlobus","version":"3.0.2","language":"en","enabled_languages":["ro","en","de"],"languages":{"ro":{"title":true,"content":true,"excerpt":false},"en":{"title":false,"content":false,"excerpt":false},"de":{"title":false,"content":false,"excerpt":false}}},"jetpack_sharing_enabled":true,"_links":{"self":[{"href":"https:\/\/unico.org.ro\/en\/wp-json\/wp\/v2\/pages\/3309","targetHints":{"allow":["GET"]}}],"collection":[{"href":"https:\/\/unico.org.ro\/en\/wp-json\/wp\/v2\/pages"}],"about":[{"href":"https:\/\/unico.org.ro\/en\/wp-json\/wp\/v2\/types\/page"}],"author":[{"embeddable":true,"href":"https:\/\/unico.org.ro\/en\/wp-json\/wp\/v2\/users\/1"}],"replies":[{"embeddable":true,"href":"https:\/\/unico.org.ro\/en\/wp-json\/wp\/v2\/comments?post=3309"}],"version-history":[{"count":4,"href":"https:\/\/unico.org.ro\/en\/wp-json\/wp\/v2\/pages\/3309\/revisions"}],"predecessor-version":[{"id":3314,"href":"https:\/\/unico.org.ro\/en\/wp-json\/wp\/v2\/pages\/3309\/revisions\/3314"}],"wp:attachment":[{"href":"https:\/\/unico.org.ro\/en\/wp-json\/wp\/v2\/media?parent=3309"}],"curies":[{"name":"wp","href":"https:\/\/api.w.org\/{rel}","templated":true}]}}