{"id":2755,"date":"2021-03-25T11:16:09","date_gmt":"2021-03-25T09:16:09","guid":{"rendered":"https:\/\/unico.org.ro\/?page_id=2755"},"modified":"2024-06-16T16:22:51","modified_gmt":"2024-06-16T13:22:51","slug":"fii-voluntar","status":"publish","type":"page","link":"https:\/\/unico.org.ro\/en\/cum-ajut\/fii-voluntar\/","title":{"rendered":"Fii voluntar!!"},"content":{"rendered":"\t\t<div data-elementor-type=\"wp-page\" data-elementor-id=\"2755\" class=\"elementor elementor-2755\">\n\t\t\t\t\t\t<section class=\"elementor-section elementor-top-section elementor-element elementor-element-a314b58 elementor-section-boxed elementor-section-height-default elementor-section-height-default\" data-id=\"a314b58\" data-element_type=\"section\" data-e-type=\"section\">\n\t\t\t\t\t\t<div class=\"elementor-container elementor-column-gap-default\">\n\t\t\t\t\t<div class=\"elementor-column elementor-col-100 elementor-top-column elementor-element elementor-element-3dfb7cd\" data-id=\"3dfb7cd\" data-element_type=\"column\" data-e-type=\"column\">\n\t\t\t<div class=\"elementor-widget-wrap elementor-element-populated\">\n\t\t\t\t\t\t<div class=\"elementor-element elementor-element-efa5e8e elementor-widget elementor-widget-text-editor\" data-id=\"efa5e8e\" data-element_type=\"widget\" data-e-type=\"widget\" data-widget_type=\"text-editor.default\">\n\t\t\t\t<div class=\"elementor-widget-container\">\n\t\t\t\t\t\t\t\t\t<p style=\"text-align: center;\"><span style=\"font-size: 20px;\"><strong><span style=\"color: #000000;\">Hai \u0219i tu \u00een echipa UniCo \u0219i ia parte la proiectele din anul 2024!<\/span><\/strong><\/span><\/p>\n<p style=\"text-align: justify;\"><span style=\"color: #000000;\">Universitatea Copiilor caut\u0103 voluntari pentru organizarea atelierelor <span style=\"font-size: 20px;\"><span style=\"color: #800080;\"><em><strong>UniCo Intensiv 2024<\/strong><\/em><\/span>!<\/span> \u00ce\u021bi place s\u0103 aju\u021bi? E\u0219ti responsabil \u0219i vrei s\u0103 schimbi lumea? Atunci hai \u0219i tu \u00een echipa noastr\u0103 \u0219i ajut\u0103 copiii cu v\u00e2rsta de 7-14 ani s\u0103 descopere t\u0103r\u00e2murile \u0219tiin\u021bei \u0219i ale cunoa\u0219terii \u00een lumea universit\u0103\u021bilor!&nbsp;&nbsp;<\/span><\/p>\n<p style=\"text-align: justify;\"><span style=\"color: #ff6600;\"><strong><span style=\"font-family: 'book antiqua', palatino, serif; font-size: 14px;\">Studen\u021bii \u00ee\u0219i pot efectua stagiile de practica la Universitatea Copiilor sau pot primi credite&nbsp;ECTS, precizat \u00een Suplimentul la Diplom\u0103!!!!!<\/span><\/strong><\/span><\/p>\n<p style=\"text-align: justify;\"><em><span style=\"color: #800080; font-size: 16px;\">I<span style=\"font-weight: bold;\">NSCRIERILE PENTRU VOLUNTARI AU LOC IN PERIOADA 1 &#8211; 15 IUNIE 2024<\/span><\/span><\/em><span style=\"color: #ff6600;\"><strong><span style=\"font-family: 'book antiqua', palatino, serif; font-size: 14px;\"><br><\/span><\/strong><\/span><\/p>\n<p style=\"text-align: justify;\"><span style=\"color: #000000;\">Atelierele se vor desf\u0103\u0219ura \u00een fiecare zi \u00een perioada 1 &#8211; 12 iulie 2024 \u00een facult\u0103\u021bile Universit\u0103\u021bii din Bucure\u0219ti, a Universit\u0103\u021bii de \u0218tiin\u021be Agronomice \u0219i Medicin\u0103 Veterinar\u0103, a Universit\u0103\u021bii Politehnica \u0219i a Universit\u0103\u021bii Tehnice de Construc\u021bii. Activitatea voluntarilor se va desfasura in perioada 15 iunie 2024 &#8211; 15 iulie 2024 si va include o perioade de cunoa\u0219tere \u0219i training in perioada 15 &#8211; 22 iunie, o perioada de inscrieri pentru copii in perioada 23 iunie &#8211; 30 iunie si o perioada de indrumarea propriu-zis\u0103 a copiilor in cadrul institutiilor partenere in perioada 1 &#8211; 12 iulie, cu prezen\u021b\u0103 zilnic\u0103 de aproximativ 4 ore , dup\u0103 un program prestabilit&nbsp; de comun acord \u00een perioada de training. V\u0103 a\u0219tept\u0103m cu mare bucurie !<\/span><\/p>\n<p style=\"text-align: justify;\">\n<\/p>\t\t\t\t\t\t\t\t<\/div>\n\t\t\t\t<\/div>\n\t\t\t\t<div class=\"elementor-element elementor-element-dcdfaae elementor-align-center elementor-widget elementor-widget-button\" data-id=\"dcdfaae\" data-element_type=\"widget\" data-e-type=\"widget\" data-widget_type=\"button.default\">\n\t\t\t\t<div class=\"elementor-widget-container\">\n\t\t\t\t\t\t\t\t\t<div class=\"elementor-button-wrapper\">\n\t\t\t\t\t<a class=\"elementor-button elementor-button-link elementor-size-sm\" href=\"https:\/\/docs.google.com\/forms\/d\/e\/1FAIpQLSfVd52Fszhw8Gm2OsQXGiJmaQGI1cKfDwAHQr5g1yHphb9_NQ\/viewform\" target=\"_blank\">\n\t\t\t\t\t\t<span class=\"elementor-button-content-wrapper\">\n\t\t\t\t\t\t<span class=\"elementor-button-icon\">\n\t\t\t\t<i aria-hidden=\"true\" class=\"far fa-edit\"><\/i>\t\t\t<\/span>\n\t\t\t\t\t\t\t\t\t<span class=\"elementor-button-text\">Inscriere voluntari<\/span>\n\t\t\t\t\t<\/span>\n\t\t\t\t\t<\/a>\n\t\t\t\t<\/div>\n\t\t\t\t\t\t\t\t<\/div>\n\t\t\t\t<\/div>\n\t\t\t\t\t<\/div>\n\t\t<\/div>\n\t\t\t\t\t<\/div>\n\t\t<\/section>\n\t\t\t\t<section class=\"elementor-section elementor-top-section elementor-element elementor-element-7548434 elementor-section-boxed elementor-section-height-default elementor-section-height-default\" data-id=\"7548434\" data-element_type=\"section\" data-e-type=\"section\">\n\t\t\t\t\t\t<div class=\"elementor-container elementor-column-gap-default\">\n\t\t\t\t\t<div class=\"elementor-column elementor-col-100 elementor-top-column elementor-element elementor-element-df0aa6e\" data-id=\"df0aa6e\" data-element_type=\"column\" data-e-type=\"column\">\n\t\t\t<div class=\"elementor-widget-wrap elementor-element-populated\">\n\t\t\t\t\t\t<div class=\"elementor-element elementor-element-eb33861 elementor-widget elementor-widget-image\" data-id=\"eb33861\" data-element_type=\"widget\" data-e-type=\"widget\" data-widget_type=\"image.default\">\n\t\t\t\t<div class=\"elementor-widget-container\">\n\t\t\t\t\t\t\t\t\t\t\t\t\t\t\t<img data-recalc-dims=\"1\" decoding=\"async\" src=\"https:\/\/i0.wp.com\/unico.org.ro\/wp-content\/uploads\/2024\/06\/WhatsApp-Image-2024-05-20-at-13.33.07-e1717597194882.jpeg?w=840&#038;ssl=1\" title=\"\" alt=\"\" loading=\"lazy\" \/>\t\t\t\t\t\t\t\t\t\t\t\t\t\t\t<\/div>\n\t\t\t\t<\/div>\n\t\t\t\t\t<\/div>\n\t\t<\/div>\n\t\t\t\t\t<\/div>\n\t\t<\/section>\n\t\t\t\t<section class=\"elementor-section elementor-top-section elementor-element elementor-element-dacfd13 elementor-section-boxed elementor-section-height-default elementor-section-height-default\" data-id=\"dacfd13\" data-element_type=\"section\" data-e-type=\"section\">\n\t\t\t\t\t\t<div class=\"elementor-container elementor-column-gap-default\">\n\t\t\t\t\t<div class=\"elementor-column elementor-col-100 elementor-top-column elementor-element elementor-element-f30053b\" data-id=\"f30053b\" data-element_type=\"column\" data-e-type=\"column\">\n\t\t\t<div class=\"elementor-widget-wrap elementor-element-populated\">\n\t\t\t\t\t\t\t<\/div>\n\t\t<\/div>\n\t\t\t\t\t<\/div>\n\t\t<\/section>\n\t\t\t\t<\/div>\n\t\t","protected":false},"excerpt":{"rendered":"<p>Hai \u0219i tu \u00een echipa UniCo \u0219i ia parte la proiectele din anul 2024! Universitatea Copiilor caut\u0103 voluntari pentru organizarea atelierelor UniCo Intensiv 2024! \u00ce\u021bi &hellip; <\/p>\n","protected":false},"author":1,"featured_media":0,"parent":18,"menu_order":0,"comment_status":"closed","ping_status":"closed","template":"","meta":{"jetpack_post_was_ever_published":false,"footnotes":""},"class_list":["post-2755","page","type-page","status-publish","hentry","latest_post"],"translation":{"provider":"WPGlobus","version":"3.0.2","language":"en","enabled_languages":["ro","en","de"],"languages":{"ro":{"title":true,"content":true,"excerpt":false},"en":{"title":false,"content":false,"excerpt":false},"de":{"title":false,"content":false,"excerpt":false}}},"jetpack_sharing_enabled":true,"_links":{"self":[{"href":"https:\/\/unico.org.ro\/en\/wp-json\/wp\/v2\/pages\/2755","targetHints":{"allow":["GET"]}}],"collection":[{"href":"https:\/\/unico.org.ro\/en\/wp-json\/wp\/v2\/pages"}],"about":[{"href":"https:\/\/unico.org.ro\/en\/wp-json\/wp\/v2\/types\/page"}],"author":[{"embeddable":true,"href":"https:\/\/unico.org.ro\/en\/wp-json\/wp\/v2\/users\/1"}],"replies":[{"embeddable":true,"href":"https:\/\/unico.org.ro\/en\/wp-json\/wp\/v2\/comments?post=2755"}],"version-history":[{"count":96,"href":"https:\/\/unico.org.ro\/en\/wp-json\/wp\/v2\/pages\/2755\/revisions"}],"predecessor-version":[{"id":4222,"href":"https:\/\/unico.org.ro\/en\/wp-json\/wp\/v2\/pages\/2755\/revisions\/4222"}],"up":[{"embeddable":true,"href":"https:\/\/unico.org.ro\/en\/wp-json\/wp\/v2\/pages\/18"}],"wp:attachment":[{"href":"https:\/\/unico.org.ro\/en\/wp-json\/wp\/v2\/media?parent=2755"}],"curies":[{"name":"wp","href":"https:\/\/api.w.org\/{rel}","templated":true}]}}