{"id":2710,"date":"2021-03-24T20:22:37","date_gmt":"2021-03-24T18:22:37","guid":{"rendered":"https:\/\/unico.org.ro\/?page_id=2710"},"modified":"2021-07-08T14:49:24","modified_gmt":"2021-07-08T11:49:24","slug":"inscrieri","status":"publish","type":"page","link":"https:\/\/unico.org.ro\/en\/inscrieri\/","title":{"rendered":"Inscrieri copii"},"content":{"rendered":"\t\t<div data-elementor-type=\"wp-page\" data-elementor-id=\"2710\" class=\"elementor elementor-2710\">\n\t\t\t\t\t\t<section class=\"elementor-section elementor-top-section elementor-element elementor-element-15c7536 elementor-section-boxed elementor-section-height-default elementor-section-height-default\" data-id=\"15c7536\" data-element_type=\"section\" data-e-type=\"section\">\n\t\t\t\t\t\t<div class=\"elementor-container elementor-column-gap-default\">\n\t\t\t\t\t<div class=\"elementor-column elementor-col-100 elementor-top-column elementor-element elementor-element-4d8d662\" data-id=\"4d8d662\" data-element_type=\"column\" data-e-type=\"column\">\n\t\t\t<div class=\"elementor-widget-wrap elementor-element-populated\">\n\t\t\t\t\t\t<div class=\"elementor-element elementor-element-452f98f elementor-widget elementor-widget-text-editor\" data-id=\"452f98f\" data-element_type=\"widget\" data-e-type=\"widget\" data-widget_type=\"text-editor.default\">\n\t\t\t\t<div class=\"elementor-widget-container\">\n\t\t\t\t\t\t\t\t\t<p>Dear UniCO Students,&nbsp;<\/p>\n<p><span style=\"color: #ff6600;\"><span style=\"color: #339966;\">The year of 2021 brings you a big surprise !<\/span><span style=\"color: #ff0000;\"> UniCo becomes International!<\/span><\/span>&nbsp; Children University -Romania, in collaboration with Junge Uni Innsbruck &#8211; Austria, lead by Mrs. PhD. Silvia Prok, also one of the presidents of the Children&#8217;s University European Network, will organize a couple of workshops for children aged between 10 to 15 years old. The workshops will take place on the 13th of July and will be held in English Language at UNICOs Center (<a href=\"https:\/\/unico.org.ro\/contact\/\">more information about the location can be found here<\/a>).<\/p>\n<p>Workshops Description:&nbsp;<\/p>\n<blockquote>\n<p><span style=\"color: #0000ff;\"><em>1) 13.07.2021 time 14:30&nbsp;<\/em><\/span><\/p>\n<p><span style=\"color: #0000ff;\"><em> Antarctica &#8211; The White Continent<\/em><\/span><\/p>\n<p><span style=\"color: #0000ff;\"><em>Mighty glaciers, icebergs and white mountain ranges characterise the landscape in that barren place. Despite the extreme climate, there are living beings in the Antarctic that have adapted to the harsh conditions. Despite the extreme climate,&nbsp; living beings adapted to these harsh conditions. The most famous inhabitants of the Southern Ocean are the penguins, but whales and seals can also be observed. Come on a journey of discovery and get to know the southern end of the world!<\/em><\/span><\/p>\n<p><span style=\"color: #0000ff;\"><em>2) 13.07.2021 at 16:00 . The Arctic &#8211; Kingdom of the Polar Bears<\/em><\/span><\/p>\n<p><span style=\"color: #0000ff;\"><em>The northern polar region comprises the Arctic Ocean, which is covered with pack ice, and the northern parts of the continents of North America, Europe and Asia. Numerous animals, but also we humans, have adapted perfectly to a life in the cold. This is the home of the polar bear, the &#8220;King of the Arctic&#8221;. As a skilled prededator, he hunts seals on the pack ice. But the king&#8217;s kingdom is melting and climate change is to blame. How do polar bears live and why are they so endangered?<\/em><\/span><\/p>\n<p><span style=\"color: var( --e-global-color-text ); font-family: var( --e-global-typography-text-font-family ), Sans-serif; font-weight: var( --e-global-typography-text-font-weight ); font-size: 18px;\">Your professor for the workshop will be Mrs. Barbara Post, Ph.D at The University of Innsbruk. <\/span><\/p>\n<p><strong><span style=\"color: var( --e-global-color-text ); font-family: var( --e-global-typography-text-font-family ), Sans-serif; font-size: 18px;\">UniCo students that are interested in participating at the workshop are invited to an interview in English language. Please contact us at office@unico.org.ro or at 0744388285, in order to schedule your interview, that can be held at our office or online .&nbsp;<\/span><\/strong><\/p>\n<\/blockquote>\t\t\t\t\t\t\t\t<\/div>\n\t\t\t\t<\/div>\n\t\t\t\t\t<\/div>\n\t\t<\/div>\n\t\t\t\t\t<\/div>\n\t\t<\/section>\n\t\t\t\t<section class=\"elementor-section elementor-top-section elementor-element elementor-element-abe7e42 elementor-section-boxed elementor-section-height-default elementor-section-height-default\" data-id=\"abe7e42\" data-element_type=\"section\" data-e-type=\"section\">\n\t\t\t\t\t\t<div class=\"elementor-container elementor-column-gap-default\">\n\t\t\t\t\t<div class=\"elementor-column elementor-col-100 elementor-top-column elementor-element elementor-element-bdb5795\" data-id=\"bdb5795\" data-element_type=\"column\" data-e-type=\"column\">\n\t\t\t<div class=\"elementor-widget-wrap elementor-element-populated\">\n\t\t\t\t\t\t<div class=\"elementor-element elementor-element-b277960 elementor-widget elementor-widget-text-editor\" data-id=\"b277960\" data-element_type=\"widget\" data-e-type=\"widget\" data-widget_type=\"text-editor.default\">\n\t\t\t\t<div class=\"elementor-widget-container\">\n\t\t\t\t\t\t\t\t\t<p><span style=\"font-family: 'times new roman', times, serif; color: #000000;\">Bun venit la Universitatea Copiilor\u00a0 Intensiv 2021!<\/span><\/p><p><span style=\"font-family: 'times new roman', times, serif; color: #000000;\">Suntem deosebit de \u00eenc\u00e2nta\u021bi s\u0103 anun\u021b\u0103m oficial c\u0103 Universitatea Copiilor \u00ee\u0219i deschide por\u021bile \u0219i \u00een acest an pentru a sus\u021bine programul UniCo Intensiv 2021 (5 iulie \u2013 16 iulie)! Cu for\u021be proaspete, echipa asocia\u021biei este dornic\u0103 de a-i purta pe micii Studen\u021bi UniCo (7 \u2013 14 ani) prin aventuri interactive \u0219i interesante, pline de cunoa\u0219tere \u0219i dedicare din partea dragilor no\u0219tri profesori de la Universitatea din Bucure\u0219ti, Universitatea de \u0218tiin\u021be Agronomice \u0219i Medicin\u0103 Veterinar\u0103, Universitatea Politehnica Bucure\u0219ti, iar de anul acesta \u0219i Universitatea Tehnic\u0103 de Construc\u021bii Bucure\u0219ti.<\/span><\/p><p><strong style=\"color: var( --e-global-color-text ); font-family: var( --e-global-typography-text-font-family ), Sans-serif;\"><span style=\"font-family: 'times new roman', times, serif; color: #0000ff;\">Gr\u0103bi\u021bi-v\u0103 s\u0103 prinde\u021bi ultimele locuri la atelierele UniCo Intensiv din acest an din acest an.\u00a0<\/span><\/strong><\/p><p><strong style=\"color: #404040; font-family: 'Open Sans Condensed', 'Helvetica Neue', helvetica, arial, sans-serif; text-align: center;\">\u00censcrierile pentru atelierele UniCo se realizeaza la urm\u0103toarea loca\u021bie :\u00a0<\/strong><span style=\"color: #404040; font-family: 'Open Sans Condensed', 'Helvetica Neue', helvetica, arial, sans-serif; text-align: center; font-weight: var( --e-global-typography-text-font-weight );\">Str. M\u0103r\u0103\u0219ti Nr. 59 \/ Bulevardul Expozi\u021biei , Parter , sector 1, Bucure\u0219ti,\u00a0<\/span><span style=\"color: #404040; font-family: 'Open Sans Condensed', 'Helvetica Neue', helvetica, arial, sans-serif; text-align: center; font-weight: var( --e-global-typography-text-font-weight );\">Universitatea de \u0218tiin\u021be Agronomice \u0219i Medicin\u0103 Veterinar\u0103 \u2013 Centrul de consiliere si orientare in cariera USAMV,\u00a0<\/span><\/p><p><span style=\"color: #404040; font-family: 'Open Sans Condensed', 'Helvetica Neue', helvetica, arial, sans-serif; text-align: center; font-weight: var( --e-global-typography-text-font-weight );\">Email : office@unico.org.ro,\u00a0<\/span><span style=\"color: #404040; font-family: 'Open Sans Condensed', 'Helvetica Neue', helvetica, arial, sans-serif; text-align: center; font-weight: var( --e-global-typography-text-font-weight );\">Telefon : +40740131114<\/span><\/p><div>\u00a0<\/div><p style=\"color: #404040; font-family: 'Open Sans Condensed', 'Helvetica Neue', helvetica, arial, sans-serif; text-align: center;\"><code><iframe style=\"border-width: 0px; border-style: initial;\" src=\"https:\/\/www.google.com\/maps\/embed?pb=!1m18!1m12!1m3!1d2795.1934483193068!2d26.060335711530424!3d44.47225428960008!2m3!1f0!2f0!3f0!3m2!1i1024!2i768!4f13.1!3m3!1m2!1s0x40b20388aa9b8261%3A0xffea63b63ff51949!2sAgriCons-AgriTin%20-%20Centrul%20de%20consiliere%20si%20orientare%20in%20cariera%20USAMV%20-%20Bucuresti!5e1!3m2!1sro!2sro!4v1625509240268!5m2!1sro!2sro\" width=\"600\" height=\"450\" allowfullscreen=\"allowfullscreen\"><\/iframe><\/code><\/p><p style=\"color: #404040; font-family: 'Open Sans Condensed', 'Helvetica Neue', helvetica, arial, sans-serif; text-align: center;\"><span style=\"color: #000000; font-family: 'times new roman', times, serif; font-weight: var( --e-global-typography-text-font-weight );\">\u00a0<\/span><\/p><p style=\"color: #404040; font-family: 'Open Sans Condensed', 'Helvetica Neue', helvetica, arial, sans-serif; text-align: center;\"><span style=\"color: #000000; font-family: 'times new roman', times, serif; font-weight: var( --e-global-typography-text-font-weight );\">Pentru a fi la curent cu toate informa\u021biile noi, recomand\u0103m s\u0103 ne urm\u0103ri\u021bi at\u00e2t pe Facebook, dar si pe site-ul asocia\u021biei<\/span><\/p><p><span style=\"font-family: 'times new roman', times, serif; color: #000000;\"><em>Not\u0103: P\u0103str\u0103m normele de siguran\u021b\u0103 \u00een situa\u021bia actual\u0103 \u0219i num\u0103rul de copii per atelier este redus : intre 5 \u00een interior \u0219i 15 \u00een exterior. A\u0219adar locurile sunt limitate. V\u0103 promitem c\u0103 ve\u021bi avea ocazia s\u0103 participa\u021bi \u0219i la alte ateliere la fel de interesante \u00ee<\/em><em>ncepand cu anul universitar urm\u0103tor. Va mul\u021bumim pentru \u00een\u021belegere!<\/em><\/span><\/p><p><span style=\"color: #000000; font-family: 'times new roman', times, serif;\">Atelierele UniCo Intensiv 2021 pot fi v\u0103zute<\/span>\u00a0<a style=\"font-family: var( --e-global-typography-text-font-family ), Sans-serif; font-weight: var( --e-global-typography-text-font-weight ); background-color: #ffffff;\" href=\"https:\/\/unico.org.ro\/inscrieri-unico-intensiv-2021\/\" target=\"_blank\" rel=\"noopener\">aici<\/a>.<\/p><p>\u00a0<\/p>\t\t\t\t\t\t\t\t<\/div>\n\t\t\t\t<\/div>\n\t\t\t\t\t<\/div>\n\t\t<\/div>\n\t\t\t\t\t<\/div>\n\t\t<\/section>\n\t\t\t\t<\/div>\n\t\t","protected":false},"excerpt":{"rendered":"<p>Dear UniCO Students,&nbsp; The year of 2021 brings you a big surprise ! UniCo becomes International!&nbsp; Children University -Romania, in collaboration with Junge Uni Innsbruck &hellip; <\/p>\n","protected":false},"author":1,"featured_media":0,"parent":0,"menu_order":0,"comment_status":"closed","ping_status":"closed","template":"","meta":{"jetpack_post_was_ever_published":false,"footnotes":""},"class_list":["post-2710","page","type-page","status-publish","hentry","latest_post"],"translation":{"provider":"WPGlobus","version":"3.0.2","language":"en","enabled_languages":["ro","en","de"],"languages":{"ro":{"title":true,"content":true,"excerpt":false},"en":{"title":false,"content":false,"excerpt":false},"de":{"title":false,"content":false,"excerpt":false}}},"jetpack_sharing_enabled":true,"_links":{"self":[{"href":"https:\/\/unico.org.ro\/en\/wp-json\/wp\/v2\/pages\/2710","targetHints":{"allow":["GET"]}}],"collection":[{"href":"https:\/\/unico.org.ro\/en\/wp-json\/wp\/v2\/pages"}],"about":[{"href":"https:\/\/unico.org.ro\/en\/wp-json\/wp\/v2\/types\/page"}],"author":[{"embeddable":true,"href":"https:\/\/unico.org.ro\/en\/wp-json\/wp\/v2\/users\/1"}],"replies":[{"embeddable":true,"href":"https:\/\/unico.org.ro\/en\/wp-json\/wp\/v2\/comments?post=2710"}],"version-history":[{"count":44,"href":"https:\/\/unico.org.ro\/en\/wp-json\/wp\/v2\/pages\/2710\/revisions"}],"predecessor-version":[{"id":3002,"href":"https:\/\/unico.org.ro\/en\/wp-json\/wp\/v2\/pages\/2710\/revisions\/3002"}],"wp:attachment":[{"href":"https:\/\/unico.org.ro\/en\/wp-json\/wp\/v2\/media?parent=2710"}],"curies":[{"name":"wp","href":"https:\/\/api.w.org\/{rel}","templated":true}]}}