{"id":18,"date":"2017-05-14T19:53:31","date_gmt":"2017-05-14T16:53:31","guid":{"rendered":"http:\/\/unico.org.ro\/?page_id=18"},"modified":"2026-01-25T18:26:02","modified_gmt":"2026-01-25T16:26:02","slug":"cum-ajut","status":"publish","type":"page","link":"https:\/\/unico.org.ro\/en\/cum-ajut\/","title":{"rendered":"How to help?"},"content":{"rendered":"<p>Daca esti persoan\u0103 fizic\u0103 :<\/p>\n<li><strong style=\"color: #808080; font-family: 'Crimson Text'; font-size: 1.39em;\">Po\u021bi redirec\u021biona cei 3,5% din impozitul pe salalriu c\u0103tre o cauza nobil\u0103, p\u00e2n\u0103 pe data de 25 mai, \u00een fiecare an! Nu costa nimic! <\/strong><strong style=\"color: #808080; font-family: 'Crimson Text'; font-size: 1.39em;\">Formularul se completeaz\u0103 si semneaz\u0103 online, \u00eentr-un minut!<\/strong><\/li>\n<p>\u00a0Ajuta\u021bi-ne s\u0103 sus\u021binem visul \u0219i zborul \u00eenalt al tinerilor!<br \/>\n<script src=\"https:\/\/formular230.ro\/share\/2429a85c06\"><\/script><br \/>\n                    <iframe loading=\"lazy\" src=\"https:\/\/formular230.ro\/asociatia-universitatea-copiilor\" style=\"border:0px #ffffff none;\" name=\"Unico230\" scrolling=\"yes\" frameborder=\"1\" marginheight=\"0px\" marginwidth=\"0px\" height=\"1000px\" width=\"300px\" allowfullscreen><\/iframe>               <\/p>\n<ul>\n<li><strong>Po\u021bi dona minim 50 de lei pentru materiale pentru fiecare atelier. <\/strong><strong>Po\u021bi dona fizic sau direct \u00een contul bancar:<\/strong><\/li>\n<\/ul>\n<h4>ASOCIA\u0162IA UNIVERSITATEA COPIILOR<\/h4>\n<p>\u00a0Cod Fiscal 26367982, cont RON &#8211; IBAN RO10BTRL04101205P52205XX, deschis la Banca Transilvania, Sucursala Lipscani.<\/p>\n<header>\n<h4>\u00a0<em style=\"color: #800000; font-size: 16px; text-align: center; font-weight: 400;\">Prin intermediul dona\u021biilor pute\u021bi sprijini activitatea noastr\u0103\u00a0\u00een misiunea de a ajuta copiii s\u0103 nu abandoneze \u0219coala, s\u0103-\u0219i doreasc\u0103 de mici s\u0103 parcurg\u0103 un drum c\u00e2t mai lung al \u00eenv\u0103\u021b\u0103rii \u0219i educa\u021biei prin contactul cu via\u021ba studen\u021beasc\u0103 \u0219i domeniul \u0219tiin\u021belor.<\/em><\/h4>\n<\/header>\n<p style=\"text-align: justify;\">\u00a0<\/p>\n<p>Johann Amos Comenius,\u00a0\u00een lucrarea sa \u201eDidactica magna\u201d, considera c\u0103\u00a0<em style=\"font-size: 16px; text-align: center; font-family: 'Crimson Text';\">\u201domul nu poate deveni om dec\u00e2t dac\u0103 este educat\u201d.<\/em><\/p>\n<blockquote style=\"border-left: 2px solid var(--primary-color);\">\n<p style=\"text-align: center;\">Aristotel\u00a0considera c\u0103\u00a0<em>\u201eeduca\u021bia trebuie s\u0103 fie un obiect al supravegherii publice, iar nu particulare\u201d<\/em>.<\/p>\n<\/blockquote>\n<p>&lt;<\/p>\n<p>p style=&#8221;text-align: justify;&#8221;>\u00a0 \u00a0 \u00a0 \u00a0\u00a0Un adev\u0103r pe care ar fi necesar s\u0103 ni-l amintim noi, adul\u021bii, \u0219i s\u0103-l repet\u0103m copiilor este acela c\u0103\u00a0trecutul te ajut\u0103 s\u0103 \u00eenve\u021bi.\u00a0F\u0103r\u0103 trecut, nu ai viitor.\u00a0R\u0103m\u00e2nem cu to\u021bii suspenda\u021bi in neant: totul azi, acum, f\u0103r\u0103 valori reale, f\u0103r\u0103 o direc\u021bie, f\u0103r\u0103 speran\u021be.\u00a0<\/p>\n","protected":false},"excerpt":{"rendered":"<p>Daca esti persoan\u0103 fizic\u0103 : Po\u021bi redirec\u021biona cei 3,5% din impozitul pe salalriu c\u0103tre o cauza nobil\u0103, p\u00e2n\u0103 pe data de 25 mai, \u00een fiecare &hellip; <\/p>\n","protected":false},"author":1,"featured_media":0,"parent":0,"menu_order":0,"comment_status":"closed","ping_status":"closed","template":"","meta":{"jetpack_post_was_ever_published":false,"footnotes":""},"class_list":["post-18","page","type-page","status-publish","hentry","latest_post"],"translation":{"provider":"WPGlobus","version":"3.0.2","language":"en","enabled_languages":["ro","en","de"],"languages":{"ro":{"title":true,"content":true,"excerpt":false},"en":{"title":true,"content":false,"excerpt":false},"de":{"title":true,"content":false,"excerpt":false}}},"jetpack_sharing_enabled":true,"_links":{"self":[{"href":"https:\/\/unico.org.ro\/en\/wp-json\/wp\/v2\/pages\/18","targetHints":{"allow":["GET"]}}],"collection":[{"href":"https:\/\/unico.org.ro\/en\/wp-json\/wp\/v2\/pages"}],"about":[{"href":"https:\/\/unico.org.ro\/en\/wp-json\/wp\/v2\/types\/page"}],"author":[{"embeddable":true,"href":"https:\/\/unico.org.ro\/en\/wp-json\/wp\/v2\/users\/1"}],"replies":[{"embeddable":true,"href":"https:\/\/unico.org.ro\/en\/wp-json\/wp\/v2\/comments?post=18"}],"version-history":[{"count":73,"href":"https:\/\/unico.org.ro\/en\/wp-json\/wp\/v2\/pages\/18\/revisions"}],"predecessor-version":[{"id":4635,"href":"https:\/\/unico.org.ro\/en\/wp-json\/wp\/v2\/pages\/18\/revisions\/4635"}],"wp:attachment":[{"href":"https:\/\/unico.org.ro\/en\/wp-json\/wp\/v2\/media?parent=18"}],"curies":[{"name":"wp","href":"https:\/\/api.w.org\/{rel}","templated":true}]}}