{"id":140,"date":"2017-05-15T12:58:00","date_gmt":"2017-05-15T09:58:00","guid":{"rendered":"http:\/\/unico.org.ro\/?page_id=140"},"modified":"2022-01-26T21:27:43","modified_gmt":"2022-01-26T19:27:43","slug":"scoala-de-vara-2016-15-iulie-30-august-2016","status":"publish","type":"page","link":"https:\/\/unico.org.ro\/en\/unico-intensiv\/unico-aplicatii\/scoala-de-vara-2016-15-iulie-30-august-2016\/","title":{"rendered":"Summer School 2016 &#8211; July 15th -August 30th, 2016"},"content":{"rendered":"<p>Programul\u00a0 &#8220;Frohe Kinder&#8221; s-a desfasurat \u00een perioada 15 iulie-30 august 2016 \u00een cadrul Universit\u0103\u021bii Copiilor \u0219i a oferit copiilor cu v\u00e2rste cuprinse \u00eentre 7 \u0219i 14 ani experiente unice de invatare prin descoperire \u00een domeniul \u0219tiintelor \u0219i al artelor , dezvolt\u00e2nd totodat\u0103 \u0219i competen\u021be de comnuicare \u00een limba englez\u0103, francez\u0103 \u0219i german\u0103, \u00eentru-un cadru prietenos cu profesori universitari deosebi\u021bi , preg\u0103ti\u021bi in orice moment de multitudinea de \u00eentrebari ale micilor suden\u021bi UniCO: Facultatea de Sociologie \u0219i Asisten\u021b\u0103 Social\u0103 &#8211;\u00a0 Universitatea din Bucure\u0219ti.<\/p>\n<p><a href=\"https:\/\/i0.wp.com\/unico.org.ro\/wp-content\/uploads\/2017\/05\/Scoala-de-vara02.jpg\"><img data-recalc-dims=\"1\" fetchpriority=\"high\" decoding=\"async\" data-attachment-id=\"264\" data-permalink=\"https:\/\/unico.org.ro\/en\/unico-intensiv\/unico-aplicatii\/scoala-de-vara-2016-15-iulie-30-august-2016\/scoala-de-vara02\/\" data-orig-file=\"https:\/\/i0.wp.com\/unico.org.ro\/wp-content\/uploads\/2017\/05\/Scoala-de-vara02.jpg?fit=1000%2C667&amp;ssl=1\" data-orig-size=\"1000,667\" data-comments-opened=\"1\" data-image-meta=\"{&quot;aperture&quot;:&quot;0&quot;,&quot;credit&quot;:&quot;&quot;,&quot;camera&quot;:&quot;&quot;,&quot;caption&quot;:&quot;&quot;,&quot;created_timestamp&quot;:&quot;0&quot;,&quot;copyright&quot;:&quot;&quot;,&quot;focal_length&quot;:&quot;0&quot;,&quot;iso&quot;:&quot;0&quot;,&quot;shutter_speed&quot;:&quot;0&quot;,&quot;title&quot;:&quot;&quot;,&quot;orientation&quot;:&quot;1&quot;}\" data-image-title=\"Scoala de vara02\" data-image-description=\"\" data-image-caption=\"\" data-large-file=\"https:\/\/i0.wp.com\/unico.org.ro\/wp-content\/uploads\/2017\/05\/Scoala-de-vara02.jpg?fit=840%2C560&amp;ssl=1\" class=\"alignnone size-medium wp-image-264\" src=\"https:\/\/i0.wp.com\/unico.org.ro\/wp-content\/uploads\/2017\/05\/Scoala-de-vara02-300x200.jpg?resize=300%2C200\" alt=\"\" width=\"300\" height=\"200\" srcset=\"https:\/\/i0.wp.com\/unico.org.ro\/wp-content\/uploads\/2017\/05\/Scoala-de-vara02.jpg?resize=300%2C200&amp;ssl=1 300w, https:\/\/i0.wp.com\/unico.org.ro\/wp-content\/uploads\/2017\/05\/Scoala-de-vara02.jpg?resize=768%2C512&amp;ssl=1 768w, https:\/\/i0.wp.com\/unico.org.ro\/wp-content\/uploads\/2017\/05\/Scoala-de-vara02.jpg?w=1000&amp;ssl=1 1000w\" sizes=\"(max-width: 300px) 100vw, 300px\" \/><\/a><a href=\"https:\/\/i0.wp.com\/unico.org.ro\/wp-content\/uploads\/2017\/05\/Scoala-de-vara03.jpg\"><img data-recalc-dims=\"1\" decoding=\"async\" data-attachment-id=\"265\" data-permalink=\"https:\/\/unico.org.ro\/en\/unico-intensiv\/unico-aplicatii\/scoala-de-vara-2016-15-iulie-30-august-2016\/scoala-de-vara03\/\" data-orig-file=\"https:\/\/i0.wp.com\/unico.org.ro\/wp-content\/uploads\/2017\/05\/Scoala-de-vara03.jpg?fit=1000%2C667&amp;ssl=1\" data-orig-size=\"1000,667\" data-comments-opened=\"1\" data-image-meta=\"{&quot;aperture&quot;:&quot;0&quot;,&quot;credit&quot;:&quot;&quot;,&quot;camera&quot;:&quot;&quot;,&quot;caption&quot;:&quot;&quot;,&quot;created_timestamp&quot;:&quot;0&quot;,&quot;copyright&quot;:&quot;&quot;,&quot;focal_length&quot;:&quot;0&quot;,&quot;iso&quot;:&quot;0&quot;,&quot;shutter_speed&quot;:&quot;0&quot;,&quot;title&quot;:&quot;&quot;,&quot;orientation&quot;:&quot;1&quot;}\" data-image-title=\"Scoala de vara03\" data-image-description=\"\" data-image-caption=\"\" data-large-file=\"https:\/\/i0.wp.com\/unico.org.ro\/wp-content\/uploads\/2017\/05\/Scoala-de-vara03.jpg?fit=840%2C560&amp;ssl=1\" class=\"alignnone size-medium wp-image-265\" src=\"https:\/\/i0.wp.com\/unico.org.ro\/wp-content\/uploads\/2017\/05\/Scoala-de-vara03-300x200.jpg?resize=300%2C200\" alt=\"\" width=\"300\" height=\"200\" srcset=\"https:\/\/i0.wp.com\/unico.org.ro\/wp-content\/uploads\/2017\/05\/Scoala-de-vara03.jpg?resize=300%2C200&amp;ssl=1 300w, https:\/\/i0.wp.com\/unico.org.ro\/wp-content\/uploads\/2017\/05\/Scoala-de-vara03.jpg?resize=768%2C512&amp;ssl=1 768w, https:\/\/i0.wp.com\/unico.org.ro\/wp-content\/uploads\/2017\/05\/Scoala-de-vara03.jpg?w=1000&amp;ssl=1 1000w\" sizes=\"(max-width: 300px) 100vw, 300px\" \/><\/a><a href=\"https:\/\/i0.wp.com\/unico.org.ro\/wp-content\/uploads\/2017\/05\/Scoala-de-vara04.jpg\"><img data-recalc-dims=\"1\" decoding=\"async\" data-attachment-id=\"266\" data-permalink=\"https:\/\/unico.org.ro\/en\/unico-intensiv\/unico-aplicatii\/scoala-de-vara-2016-15-iulie-30-august-2016\/scoala-de-vara04\/\" data-orig-file=\"https:\/\/i0.wp.com\/unico.org.ro\/wp-content\/uploads\/2017\/05\/Scoala-de-vara04.jpg?fit=1000%2C667&amp;ssl=1\" data-orig-size=\"1000,667\" data-comments-opened=\"1\" data-image-meta=\"{&quot;aperture&quot;:&quot;0&quot;,&quot;credit&quot;:&quot;&quot;,&quot;camera&quot;:&quot;&quot;,&quot;caption&quot;:&quot;&quot;,&quot;created_timestamp&quot;:&quot;0&quot;,&quot;copyright&quot;:&quot;&quot;,&quot;focal_length&quot;:&quot;0&quot;,&quot;iso&quot;:&quot;0&quot;,&quot;shutter_speed&quot;:&quot;0&quot;,&quot;title&quot;:&quot;&quot;,&quot;orientation&quot;:&quot;1&quot;}\" data-image-title=\"Scoala de vara04\" data-image-description=\"\" data-image-caption=\"\" data-large-file=\"https:\/\/i0.wp.com\/unico.org.ro\/wp-content\/uploads\/2017\/05\/Scoala-de-vara04.jpg?fit=840%2C560&amp;ssl=1\" class=\"alignnone size-medium wp-image-266\" src=\"https:\/\/i0.wp.com\/unico.org.ro\/wp-content\/uploads\/2017\/05\/Scoala-de-vara04-300x200.jpg?resize=300%2C200\" alt=\"\" width=\"300\" height=\"200\" srcset=\"https:\/\/i0.wp.com\/unico.org.ro\/wp-content\/uploads\/2017\/05\/Scoala-de-vara04.jpg?resize=300%2C200&amp;ssl=1 300w, https:\/\/i0.wp.com\/unico.org.ro\/wp-content\/uploads\/2017\/05\/Scoala-de-vara04.jpg?resize=768%2C512&amp;ssl=1 768w, https:\/\/i0.wp.com\/unico.org.ro\/wp-content\/uploads\/2017\/05\/Scoala-de-vara04.jpg?w=1000&amp;ssl=1 1000w\" sizes=\"(max-width: 300px) 100vw, 300px\" \/><\/a><a href=\"https:\/\/i0.wp.com\/unico.org.ro\/wp-content\/uploads\/2017\/05\/Scoala-de-vara06.jpg\"><img data-recalc-dims=\"1\" loading=\"lazy\" decoding=\"async\" data-attachment-id=\"267\" data-permalink=\"https:\/\/unico.org.ro\/en\/unico-intensiv\/unico-aplicatii\/scoala-de-vara-2016-15-iulie-30-august-2016\/scoala-de-vara06\/\" data-orig-file=\"https:\/\/i0.wp.com\/unico.org.ro\/wp-content\/uploads\/2017\/05\/Scoala-de-vara06.jpg?fit=1000%2C667&amp;ssl=1\" data-orig-size=\"1000,667\" data-comments-opened=\"1\" data-image-meta=\"{&quot;aperture&quot;:&quot;0&quot;,&quot;credit&quot;:&quot;&quot;,&quot;camera&quot;:&quot;&quot;,&quot;caption&quot;:&quot;&quot;,&quot;created_timestamp&quot;:&quot;0&quot;,&quot;copyright&quot;:&quot;&quot;,&quot;focal_length&quot;:&quot;0&quot;,&quot;iso&quot;:&quot;0&quot;,&quot;shutter_speed&quot;:&quot;0&quot;,&quot;title&quot;:&quot;&quot;,&quot;orientation&quot;:&quot;1&quot;}\" data-image-title=\"Scoala de vara06\" data-image-description=\"\" data-image-caption=\"\" data-large-file=\"https:\/\/i0.wp.com\/unico.org.ro\/wp-content\/uploads\/2017\/05\/Scoala-de-vara06.jpg?fit=840%2C560&amp;ssl=1\" class=\"alignnone size-medium wp-image-267\" src=\"https:\/\/i0.wp.com\/unico.org.ro\/wp-content\/uploads\/2017\/05\/Scoala-de-vara06-300x200.jpg?resize=300%2C200\" alt=\"\" width=\"300\" height=\"200\" srcset=\"https:\/\/i0.wp.com\/unico.org.ro\/wp-content\/uploads\/2017\/05\/Scoala-de-vara06.jpg?resize=300%2C200&amp;ssl=1 300w, https:\/\/i0.wp.com\/unico.org.ro\/wp-content\/uploads\/2017\/05\/Scoala-de-vara06.jpg?resize=768%2C512&amp;ssl=1 768w, https:\/\/i0.wp.com\/unico.org.ro\/wp-content\/uploads\/2017\/05\/Scoala-de-vara06.jpg?w=1000&amp;ssl=1 1000w\" sizes=\"(max-width: 300px) 100vw, 300px\" \/><\/a><a href=\"https:\/\/i0.wp.com\/unico.org.ro\/wp-content\/uploads\/2017\/05\/Scoala-de-vara07.jpg\"><img data-recalc-dims=\"1\" loading=\"lazy\" decoding=\"async\" data-attachment-id=\"268\" data-permalink=\"https:\/\/unico.org.ro\/en\/unico-intensiv\/unico-aplicatii\/scoala-de-vara-2016-15-iulie-30-august-2016\/scoala-de-vara07\/\" data-orig-file=\"https:\/\/i0.wp.com\/unico.org.ro\/wp-content\/uploads\/2017\/05\/Scoala-de-vara07.jpg?fit=1000%2C667&amp;ssl=1\" data-orig-size=\"1000,667\" data-comments-opened=\"1\" data-image-meta=\"{&quot;aperture&quot;:&quot;0&quot;,&quot;credit&quot;:&quot;&quot;,&quot;camera&quot;:&quot;&quot;,&quot;caption&quot;:&quot;&quot;,&quot;created_timestamp&quot;:&quot;0&quot;,&quot;copyright&quot;:&quot;&quot;,&quot;focal_length&quot;:&quot;0&quot;,&quot;iso&quot;:&quot;0&quot;,&quot;shutter_speed&quot;:&quot;0&quot;,&quot;title&quot;:&quot;&quot;,&quot;orientation&quot;:&quot;1&quot;}\" data-image-title=\"Scoala de vara07\" data-image-description=\"\" data-image-caption=\"\" data-large-file=\"https:\/\/i0.wp.com\/unico.org.ro\/wp-content\/uploads\/2017\/05\/Scoala-de-vara07.jpg?fit=840%2C560&amp;ssl=1\" class=\"alignnone size-medium wp-image-268\" src=\"https:\/\/i0.wp.com\/unico.org.ro\/wp-content\/uploads\/2017\/05\/Scoala-de-vara07-300x200.jpg?resize=300%2C200\" alt=\"\" width=\"300\" height=\"200\" srcset=\"https:\/\/i0.wp.com\/unico.org.ro\/wp-content\/uploads\/2017\/05\/Scoala-de-vara07.jpg?resize=300%2C200&amp;ssl=1 300w, https:\/\/i0.wp.com\/unico.org.ro\/wp-content\/uploads\/2017\/05\/Scoala-de-vara07.jpg?resize=768%2C512&amp;ssl=1 768w, https:\/\/i0.wp.com\/unico.org.ro\/wp-content\/uploads\/2017\/05\/Scoala-de-vara07.jpg?w=1000&amp;ssl=1 1000w\" sizes=\"(max-width: 300px) 100vw, 300px\" \/><\/a><a href=\"https:\/\/i0.wp.com\/unico.org.ro\/wp-content\/uploads\/2017\/05\/Scoala-de-vara08.jpg\"><img data-recalc-dims=\"1\" loading=\"lazy\" decoding=\"async\" data-attachment-id=\"269\" data-permalink=\"https:\/\/unico.org.ro\/en\/unico-intensiv\/unico-aplicatii\/scoala-de-vara-2016-15-iulie-30-august-2016\/scoala-de-vara08\/\" data-orig-file=\"https:\/\/i0.wp.com\/unico.org.ro\/wp-content\/uploads\/2017\/05\/Scoala-de-vara08.jpg?fit=1000%2C667&amp;ssl=1\" data-orig-size=\"1000,667\" data-comments-opened=\"1\" data-image-meta=\"{&quot;aperture&quot;:&quot;0&quot;,&quot;credit&quot;:&quot;&quot;,&quot;camera&quot;:&quot;&quot;,&quot;caption&quot;:&quot;&quot;,&quot;created_timestamp&quot;:&quot;0&quot;,&quot;copyright&quot;:&quot;&quot;,&quot;focal_length&quot;:&quot;0&quot;,&quot;iso&quot;:&quot;0&quot;,&quot;shutter_speed&quot;:&quot;0&quot;,&quot;title&quot;:&quot;&quot;,&quot;orientation&quot;:&quot;1&quot;}\" data-image-title=\"Scoala de vara08\" data-image-description=\"\" data-image-caption=\"\" data-large-file=\"https:\/\/i0.wp.com\/unico.org.ro\/wp-content\/uploads\/2017\/05\/Scoala-de-vara08.jpg?fit=840%2C560&amp;ssl=1\" class=\"alignnone size-medium wp-image-269\" src=\"https:\/\/i0.wp.com\/unico.org.ro\/wp-content\/uploads\/2017\/05\/Scoala-de-vara08-300x200.jpg?resize=300%2C200\" alt=\"\" width=\"300\" height=\"200\" srcset=\"https:\/\/i0.wp.com\/unico.org.ro\/wp-content\/uploads\/2017\/05\/Scoala-de-vara08.jpg?resize=300%2C200&amp;ssl=1 300w, https:\/\/i0.wp.com\/unico.org.ro\/wp-content\/uploads\/2017\/05\/Scoala-de-vara08.jpg?resize=768%2C512&amp;ssl=1 768w, https:\/\/i0.wp.com\/unico.org.ro\/wp-content\/uploads\/2017\/05\/Scoala-de-vara08.jpg?w=1000&amp;ssl=1 1000w\" sizes=\"(max-width: 300px) 100vw, 300px\" \/><\/a><a href=\"https:\/\/i0.wp.com\/unico.org.ro\/wp-content\/uploads\/2017\/05\/Scoala-de-vara01.jpg\"><img data-recalc-dims=\"1\" loading=\"lazy\" decoding=\"async\" data-attachment-id=\"270\" data-permalink=\"https:\/\/unico.org.ro\/en\/unico-intensiv\/unico-aplicatii\/scoala-de-vara-2016-15-iulie-30-august-2016\/scoala-de-vara01\/\" data-orig-file=\"https:\/\/i0.wp.com\/unico.org.ro\/wp-content\/uploads\/2017\/05\/Scoala-de-vara01.jpg?fit=667%2C1000&amp;ssl=1\" data-orig-size=\"667,1000\" data-comments-opened=\"1\" data-image-meta=\"{&quot;aperture&quot;:&quot;0&quot;,&quot;credit&quot;:&quot;&quot;,&quot;camera&quot;:&quot;&quot;,&quot;caption&quot;:&quot;&quot;,&quot;created_timestamp&quot;:&quot;0&quot;,&quot;copyright&quot;:&quot;&quot;,&quot;focal_length&quot;:&quot;0&quot;,&quot;iso&quot;:&quot;0&quot;,&quot;shutter_speed&quot;:&quot;0&quot;,&quot;title&quot;:&quot;&quot;,&quot;orientation&quot;:&quot;1&quot;}\" data-image-title=\"Scoala de vara01\" data-image-description=\"\" data-image-caption=\"\" data-large-file=\"https:\/\/i0.wp.com\/unico.org.ro\/wp-content\/uploads\/2017\/05\/Scoala-de-vara01.jpg?fit=667%2C1000&amp;ssl=1\" class=\"alignnone size-medium wp-image-270\" src=\"https:\/\/i0.wp.com\/unico.org.ro\/wp-content\/uploads\/2017\/05\/Scoala-de-vara01-200x300.jpg?resize=200%2C300\" alt=\"\" width=\"200\" height=\"300\" srcset=\"https:\/\/i0.wp.com\/unico.org.ro\/wp-content\/uploads\/2017\/05\/Scoala-de-vara01.jpg?resize=200%2C300&amp;ssl=1 200w, https:\/\/i0.wp.com\/unico.org.ro\/wp-content\/uploads\/2017\/05\/Scoala-de-vara01.jpg?w=667&amp;ssl=1 667w\" sizes=\"(max-width: 200px) 100vw, 200px\" \/><\/a><a href=\"https:\/\/i0.wp.com\/unico.org.ro\/wp-content\/uploads\/2017\/05\/Scoala-de-vara05.jpg\"><img data-recalc-dims=\"1\" loading=\"lazy\" decoding=\"async\" data-attachment-id=\"271\" data-permalink=\"https:\/\/unico.org.ro\/en\/unico-intensiv\/unico-aplicatii\/scoala-de-vara-2016-15-iulie-30-august-2016\/scoala-de-vara05\/\" data-orig-file=\"https:\/\/i0.wp.com\/unico.org.ro\/wp-content\/uploads\/2017\/05\/Scoala-de-vara05.jpg?fit=667%2C1000&amp;ssl=1\" data-orig-size=\"667,1000\" data-comments-opened=\"1\" data-image-meta=\"{&quot;aperture&quot;:&quot;0&quot;,&quot;credit&quot;:&quot;&quot;,&quot;camera&quot;:&quot;&quot;,&quot;caption&quot;:&quot;&quot;,&quot;created_timestamp&quot;:&quot;0&quot;,&quot;copyright&quot;:&quot;&quot;,&quot;focal_length&quot;:&quot;0&quot;,&quot;iso&quot;:&quot;0&quot;,&quot;shutter_speed&quot;:&quot;0&quot;,&quot;title&quot;:&quot;&quot;,&quot;orientation&quot;:&quot;1&quot;}\" data-image-title=\"Scoala de vara05\" data-image-description=\"\" data-image-caption=\"\" data-large-file=\"https:\/\/i0.wp.com\/unico.org.ro\/wp-content\/uploads\/2017\/05\/Scoala-de-vara05.jpg?fit=667%2C1000&amp;ssl=1\" class=\"alignnone size-medium wp-image-271\" src=\"https:\/\/i0.wp.com\/unico.org.ro\/wp-content\/uploads\/2017\/05\/Scoala-de-vara05-200x300.jpg?resize=200%2C300\" alt=\"\" width=\"200\" height=\"300\" srcset=\"https:\/\/i0.wp.com\/unico.org.ro\/wp-content\/uploads\/2017\/05\/Scoala-de-vara05.jpg?resize=200%2C300&amp;ssl=1 200w, https:\/\/i0.wp.com\/unico.org.ro\/wp-content\/uploads\/2017\/05\/Scoala-de-vara05.jpg?w=667&amp;ssl=1 667w\" sizes=\"(max-width: 200px) 100vw, 200px\" \/><\/a><\/p>\n","protected":false},"excerpt":{"rendered":"<p>Programul\u00a0 &#8220;Frohe Kinder&#8221; s-a desfasurat \u00een perioada 15 iulie-30 august 2016 \u00een cadrul Universit\u0103\u021bii Copiilor \u0219i a oferit copiilor cu v\u00e2rste cuprinse \u00eentre 7 \u0219i &hellip; <\/p>\n","protected":false},"author":1,"featured_media":0,"parent":12,"menu_order":0,"comment_status":"closed","ping_status":"closed","template":"","meta":{"jetpack_post_was_ever_published":false,"footnotes":""},"class_list":["post-140","page","type-page","status-publish","hentry","latest_post"],"translation":{"provider":"WPGlobus","version":"3.0.2","language":"en","enabled_languages":["ro","en","de"],"languages":{"ro":{"title":true,"content":true,"excerpt":false},"en":{"title":true,"content":false,"excerpt":false},"de":{"title":false,"content":false,"excerpt":false}}},"jetpack_sharing_enabled":true,"_links":{"self":[{"href":"https:\/\/unico.org.ro\/en\/wp-json\/wp\/v2\/pages\/140","targetHints":{"allow":["GET"]}}],"collection":[{"href":"https:\/\/unico.org.ro\/en\/wp-json\/wp\/v2\/pages"}],"about":[{"href":"https:\/\/unico.org.ro\/en\/wp-json\/wp\/v2\/types\/page"}],"author":[{"embeddable":true,"href":"https:\/\/unico.org.ro\/en\/wp-json\/wp\/v2\/users\/1"}],"replies":[{"embeddable":true,"href":"https:\/\/unico.org.ro\/en\/wp-json\/wp\/v2\/comments?post=140"}],"version-history":[{"count":4,"href":"https:\/\/unico.org.ro\/en\/wp-json\/wp\/v2\/pages\/140\/revisions"}],"predecessor-version":[{"id":3095,"href":"https:\/\/unico.org.ro\/en\/wp-json\/wp\/v2\/pages\/140\/revisions\/3095"}],"up":[{"embeddable":true,"href":"https:\/\/unico.org.ro\/en\/wp-json\/wp\/v2\/pages\/12"}],"wp:attachment":[{"href":"https:\/\/unico.org.ro\/en\/wp-json\/wp\/v2\/media?parent=140"}],"curies":[{"name":"wp","href":"https:\/\/api.w.org\/{rel}","templated":true}]}}