{"id":679,"date":"2018-03-06T22:34:01","date_gmt":"2018-03-06T20:34:01","guid":{"rendered":"http:\/\/unico.org.ro\/?page_id=679"},"modified":"2018-05-04T13:15:17","modified_gmt":"2018-05-04T10:15:17","slug":"calimanesti-caciulata","status":"publish","type":"page","link":"https:\/\/unico.org.ro\/de\/unico-intensiv\/unico-aplicatii\/calimanesti-caciulata\/","title":{"rendered":"C\u0103lim\u0103ne\u0219ti-C\u0103ciulata"},"content":{"rendered":"<p>La sf\u00e2r\u0219it de februarie c\u00e2\u021biva\u200b reprezentan\u021bi ai UNIVERSIT\u0102\u021aII COPIILOR  au f\u0103cut o excursie la sta\u021biunile C\u0103lim\u0103ne\u0219ti-C\u0103ciulata. Au vizitat M\u0103n\u0103stirile Turnu \u0219i Cozia, s-au bucurat de un peisaj superb \u00een Parcul Na\u021bional Cozia, pe drumul spre cascada Lotri\u0219oara. Au gustat \u0219i apele minerale de la izvoarele din sta\u021biuni. La atelierul  de experimente au testat duritatea apelor din zon\u0103 \u0219i am vorbit despre compozitia apelor de la izvoare. \u200b<\/p>\n<p>\u200bDe asemenea am vorbit despre istoria sta\u021biunilor. Alexia Ivan ne-a adus c\u00e2teva vederi din colec\u021bia familiei \u0219i astfel am  avut \u0219ansa s\u0103 admiram vederi vechi, de aproape 100 de ani,trimise de turi\u0219tii acelor timpuri.<br \/>\nMarea atrac\u021bie a excursiei a fost  piscina cu ap\u0103 termal\u0103. <\/p>\n<p><a href=\"https:\/\/i0.wp.com\/unico.org.ro\/wp-content\/uploads\/2018\/03\/Manastirea-Cozia__.jpg\"><img data-recalc-dims=\"1\" decoding=\"async\" data-attachment-id=\"686\" data-permalink=\"https:\/\/unico.org.ro\/de\/unico-intensiv\/unico-aplicatii\/calimanesti-caciulata\/manastirea-cozia__\/\" data-orig-file=\"https:\/\/i0.wp.com\/unico.org.ro\/wp-content\/uploads\/2018\/03\/Manastirea-Cozia__.jpg?fit=1200%2C900&amp;ssl=1\" data-orig-size=\"1200,900\" data-comments-opened=\"1\" data-image-meta=\"{&quot;aperture&quot;:&quot;0&quot;,&quot;credit&quot;:&quot;&quot;,&quot;camera&quot;:&quot;&quot;,&quot;caption&quot;:&quot;&quot;,&quot;created_timestamp&quot;:&quot;0&quot;,&quot;copyright&quot;:&quot;&quot;,&quot;focal_length&quot;:&quot;0&quot;,&quot;iso&quot;:&quot;0&quot;,&quot;shutter_speed&quot;:&quot;0&quot;,&quot;title&quot;:&quot;&quot;,&quot;orientation&quot;:&quot;0&quot;}\" data-image-title=\"Manastirea Cozia__\" data-image-description=\"\" data-image-caption=\"\" data-large-file=\"https:\/\/i0.wp.com\/unico.org.ro\/wp-content\/uploads\/2018\/03\/Manastirea-Cozia__.jpg?fit=840%2C630&amp;ssl=1\" src=\"https:\/\/i0.wp.com\/unico.org.ro\/wp-content\/uploads\/2018\/03\/Manastirea-Cozia__-150x150.jpg?resize=150%2C150\" alt=\"\" width=\"150\" height=\"150\" class=\"alignleft size-thumbnail wp-image-686\" srcset=\"https:\/\/i0.wp.com\/unico.org.ro\/wp-content\/uploads\/2018\/03\/Manastirea-Cozia__.jpg?resize=150%2C150&amp;ssl=1 150w, https:\/\/i0.wp.com\/unico.org.ro\/wp-content\/uploads\/2018\/03\/Manastirea-Cozia__.jpg?resize=100%2C100&amp;ssl=1 100w, https:\/\/i0.wp.com\/unico.org.ro\/wp-content\/uploads\/2018\/03\/Manastirea-Cozia__.jpg?zoom=2&amp;resize=150%2C150&amp;ssl=1 300w, https:\/\/i0.wp.com\/unico.org.ro\/wp-content\/uploads\/2018\/03\/Manastirea-Cozia__.jpg?zoom=3&amp;resize=150%2C150&amp;ssl=1 450w\" sizes=\"(max-width: 150px) 100vw, 150px\" \/><\/a><a href=\"https:\/\/i0.wp.com\/unico.org.ro\/wp-content\/uploads\/2018\/03\/Manastirea-Turnu-5____.jpg\"><img data-recalc-dims=\"1\" decoding=\"async\" data-attachment-id=\"689\" data-permalink=\"https:\/\/unico.org.ro\/de\/unico-intensiv\/unico-aplicatii\/calimanesti-caciulata\/manastirea-turnu-5____\/\" data-orig-file=\"https:\/\/i0.wp.com\/unico.org.ro\/wp-content\/uploads\/2018\/03\/Manastirea-Turnu-5____.jpg?fit=900%2C1200&amp;ssl=1\" data-orig-size=\"900,1200\" data-comments-opened=\"1\" data-image-meta=\"{&quot;aperture&quot;:&quot;1.7&quot;,&quot;credit&quot;:&quot;&quot;,&quot;camera&quot;:&quot;SM-G955F&quot;,&quot;caption&quot;:&quot;&quot;,&quot;created_timestamp&quot;:&quot;1519474268&quot;,&quot;copyright&quot;:&quot;&quot;,&quot;focal_length&quot;:&quot;4.2&quot;,&quot;iso&quot;:&quot;40&quot;,&quot;shutter_speed&quot;:&quot;0.0027855153203343&quot;,&quot;title&quot;:&quot;&quot;,&quot;orientation&quot;:&quot;1&quot;}\" data-image-title=\"Manastirea Turnu (5)____\" data-image-description=\"\" data-image-caption=\"\" data-large-file=\"https:\/\/i0.wp.com\/unico.org.ro\/wp-content\/uploads\/2018\/03\/Manastirea-Turnu-5____.jpg?fit=768%2C1024&amp;ssl=1\" src=\"https:\/\/i0.wp.com\/unico.org.ro\/wp-content\/uploads\/2018\/03\/Manastirea-Turnu-5____-150x150.jpg?resize=150%2C150\" alt=\"\" width=\"150\" height=\"150\" class=\"alignleft size-thumbnail wp-image-689\" srcset=\"https:\/\/i0.wp.com\/unico.org.ro\/wp-content\/uploads\/2018\/03\/Manastirea-Turnu-5____.jpg?resize=150%2C150&amp;ssl=1 150w, https:\/\/i0.wp.com\/unico.org.ro\/wp-content\/uploads\/2018\/03\/Manastirea-Turnu-5____.jpg?resize=100%2C100&amp;ssl=1 100w, https:\/\/i0.wp.com\/unico.org.ro\/wp-content\/uploads\/2018\/03\/Manastirea-Turnu-5____.jpg?zoom=2&amp;resize=150%2C150&amp;ssl=1 300w, https:\/\/i0.wp.com\/unico.org.ro\/wp-content\/uploads\/2018\/03\/Manastirea-Turnu-5____.jpg?zoom=3&amp;resize=150%2C150&amp;ssl=1 450w\" sizes=\"(max-width: 150px) 100vw, 150px\" \/><\/a><a href=\"https:\/\/i0.wp.com\/unico.org.ro\/wp-content\/uploads\/2018\/03\/Cascada-Lotrisoara-Cozia-2018__.jpg\"><img data-recalc-dims=\"1\" decoding=\"async\" data-attachment-id=\"685\" data-permalink=\"https:\/\/unico.org.ro\/de\/unico-intensiv\/unico-aplicatii\/calimanesti-caciulata\/cascada-lotrisoara-cozia-2018__\/\" data-orig-file=\"https:\/\/i0.wp.com\/unico.org.ro\/wp-content\/uploads\/2018\/03\/Cascada-Lotrisoara-Cozia-2018__.jpg?fit=1200%2C900&amp;ssl=1\" data-orig-size=\"1200,900\" data-comments-opened=\"1\" data-image-meta=\"{&quot;aperture&quot;:&quot;1.8&quot;,&quot;credit&quot;:&quot;&quot;,&quot;camera&quot;:&quot;iPhone 7&quot;,&quot;caption&quot;:&quot;&quot;,&quot;created_timestamp&quot;:&quot;1519557063&quot;,&quot;copyright&quot;:&quot;&quot;,&quot;focal_length&quot;:&quot;3.99&quot;,&quot;iso&quot;:&quot;20&quot;,&quot;shutter_speed&quot;:&quot;0.001410437235543&quot;,&quot;title&quot;:&quot;&quot;,&quot;orientation&quot;:&quot;1&quot;}\" data-image-title=\"Cascada Lotrisoara &amp;#8211; Cozia &amp;#8211; 2018__\" data-image-description=\"\" data-image-caption=\"\" data-large-file=\"https:\/\/i0.wp.com\/unico.org.ro\/wp-content\/uploads\/2018\/03\/Cascada-Lotrisoara-Cozia-2018__.jpg?fit=840%2C630&amp;ssl=1\" src=\"https:\/\/i0.wp.com\/unico.org.ro\/wp-content\/uploads\/2018\/03\/Cascada-Lotrisoara-Cozia-2018__-150x150.jpg?resize=150%2C150\" alt=\"\" width=\"150\" height=\"150\" class=\"alignleft size-thumbnail wp-image-685\" srcset=\"https:\/\/i0.wp.com\/unico.org.ro\/wp-content\/uploads\/2018\/03\/Cascada-Lotrisoara-Cozia-2018__.jpg?resize=150%2C150&amp;ssl=1 150w, https:\/\/i0.wp.com\/unico.org.ro\/wp-content\/uploads\/2018\/03\/Cascada-Lotrisoara-Cozia-2018__.jpg?resize=100%2C100&amp;ssl=1 100w, https:\/\/i0.wp.com\/unico.org.ro\/wp-content\/uploads\/2018\/03\/Cascada-Lotrisoara-Cozia-2018__.jpg?zoom=2&amp;resize=150%2C150&amp;ssl=1 300w, https:\/\/i0.wp.com\/unico.org.ro\/wp-content\/uploads\/2018\/03\/Cascada-Lotrisoara-Cozia-2018__.jpg?zoom=3&amp;resize=150%2C150&amp;ssl=1 450w\" sizes=\"(max-width: 150px) 100vw, 150px\" \/><\/a><a href=\"https:\/\/i0.wp.com\/unico.org.ro\/wp-content\/uploads\/2018\/03\/Caciulata-2018__.jpg\"><img data-recalc-dims=\"1\" loading=\"lazy\" decoding=\"async\" data-attachment-id=\"684\" data-permalink=\"https:\/\/unico.org.ro\/de\/unico-intensiv\/unico-aplicatii\/calimanesti-caciulata\/caciulata-2018__\/\" data-orig-file=\"https:\/\/i0.wp.com\/unico.org.ro\/wp-content\/uploads\/2018\/03\/Caciulata-2018__.jpg?fit=1200%2C900&amp;ssl=1\" data-orig-size=\"1200,900\" data-comments-opened=\"1\" data-image-meta=\"{&quot;aperture&quot;:&quot;1.7&quot;,&quot;credit&quot;:&quot;&quot;,&quot;camera&quot;:&quot;SM-G955F&quot;,&quot;caption&quot;:&quot;&quot;,&quot;created_timestamp&quot;:&quot;1519489534&quot;,&quot;copyright&quot;:&quot;&quot;,&quot;focal_length&quot;:&quot;4.2&quot;,&quot;iso&quot;:&quot;50&quot;,&quot;shutter_speed&quot;:&quot;0.01&quot;,&quot;title&quot;:&quot;&quot;,&quot;orientation&quot;:&quot;1&quot;}\" data-image-title=\"Caciulata 2018__\" data-image-description=\"\" data-image-caption=\"\" data-large-file=\"https:\/\/i0.wp.com\/unico.org.ro\/wp-content\/uploads\/2018\/03\/Caciulata-2018__.jpg?fit=840%2C630&amp;ssl=1\" src=\"https:\/\/i0.wp.com\/unico.org.ro\/wp-content\/uploads\/2018\/03\/Caciulata-2018__-150x150.jpg?resize=150%2C150\" alt=\"\" width=\"150\" height=\"150\" class=\"alignleft size-thumbnail wp-image-684\" srcset=\"https:\/\/i0.wp.com\/unico.org.ro\/wp-content\/uploads\/2018\/03\/Caciulata-2018__.jpg?resize=150%2C150&amp;ssl=1 150w, https:\/\/i0.wp.com\/unico.org.ro\/wp-content\/uploads\/2018\/03\/Caciulata-2018__.jpg?resize=100%2C100&amp;ssl=1 100w, https:\/\/i0.wp.com\/unico.org.ro\/wp-content\/uploads\/2018\/03\/Caciulata-2018__.jpg?zoom=2&amp;resize=150%2C150&amp;ssl=1 300w, https:\/\/i0.wp.com\/unico.org.ro\/wp-content\/uploads\/2018\/03\/Caciulata-2018__.jpg?zoom=3&amp;resize=150%2C150&amp;ssl=1 450w\" sizes=\"(max-width: 150px) 100vw, 150px\" \/><\/a><a href=\"https:\/\/i0.wp.com\/unico.org.ro\/wp-content\/uploads\/2018\/03\/20180224_212752___.jpg\"><img data-recalc-dims=\"1\" loading=\"lazy\" decoding=\"async\" data-attachment-id=\"688\" data-permalink=\"https:\/\/unico.org.ro\/de\/unico-intensiv\/unico-aplicatii\/calimanesti-caciulata\/20180224_212752___\/\" data-orig-file=\"https:\/\/i0.wp.com\/unico.org.ro\/wp-content\/uploads\/2018\/03\/20180224_212752___.jpg?fit=900%2C1200&amp;ssl=1\" data-orig-size=\"900,1200\" data-comments-opened=\"1\" data-image-meta=\"{&quot;aperture&quot;:&quot;1.7&quot;,&quot;credit&quot;:&quot;&quot;,&quot;camera&quot;:&quot;SM-G955F&quot;,&quot;caption&quot;:&quot;&quot;,&quot;created_timestamp&quot;:&quot;1519507672&quot;,&quot;copyright&quot;:&quot;&quot;,&quot;focal_length&quot;:&quot;4.2&quot;,&quot;iso&quot;:&quot;64&quot;,&quot;shutter_speed&quot;:&quot;0.01&quot;,&quot;title&quot;:&quot;&quot;,&quot;orientation&quot;:&quot;1&quot;}\" data-image-title=\"20180224_212752___\" data-image-description=\"\" data-image-caption=\"\" data-large-file=\"https:\/\/i0.wp.com\/unico.org.ro\/wp-content\/uploads\/2018\/03\/20180224_212752___.jpg?fit=768%2C1024&amp;ssl=1\" src=\"https:\/\/i0.wp.com\/unico.org.ro\/wp-content\/uploads\/2018\/03\/20180224_212752___-150x150.jpg?resize=150%2C150\" alt=\"\" width=\"150\" height=\"150\" class=\"alignleft size-thumbnail wp-image-688\" srcset=\"https:\/\/i0.wp.com\/unico.org.ro\/wp-content\/uploads\/2018\/03\/20180224_212752___.jpg?resize=150%2C150&amp;ssl=1 150w, https:\/\/i0.wp.com\/unico.org.ro\/wp-content\/uploads\/2018\/03\/20180224_212752___.jpg?resize=100%2C100&amp;ssl=1 100w, https:\/\/i0.wp.com\/unico.org.ro\/wp-content\/uploads\/2018\/03\/20180224_212752___.jpg?zoom=2&amp;resize=150%2C150&amp;ssl=1 300w, https:\/\/i0.wp.com\/unico.org.ro\/wp-content\/uploads\/2018\/03\/20180224_212752___.jpg?zoom=3&amp;resize=150%2C150&amp;ssl=1 450w\" sizes=\"(max-width: 150px) 100vw, 150px\" \/><\/a><a href=\"https:\/\/i0.wp.com\/unico.org.ro\/wp-content\/uploads\/2018\/03\/Calimanesti2018__.jpg\"><img data-recalc-dims=\"1\" loading=\"lazy\" decoding=\"async\" data-attachment-id=\"683\" data-permalink=\"https:\/\/unico.org.ro\/de\/unico-intensiv\/unico-aplicatii\/calimanesti-caciulata\/calimanesti2018__\/\" data-orig-file=\"https:\/\/i0.wp.com\/unico.org.ro\/wp-content\/uploads\/2018\/03\/Calimanesti2018__.jpg?fit=1200%2C1100&amp;ssl=1\" data-orig-size=\"1200,1100\" data-comments-opened=\"1\" data-image-meta=\"{&quot;aperture&quot;:&quot;1.7&quot;,&quot;credit&quot;:&quot;&quot;,&quot;camera&quot;:&quot;SM-G955F&quot;,&quot;caption&quot;:&quot;&quot;,&quot;created_timestamp&quot;:&quot;1519507570&quot;,&quot;copyright&quot;:&quot;&quot;,&quot;focal_length&quot;:&quot;4.2&quot;,&quot;iso&quot;:&quot;80&quot;,&quot;shutter_speed&quot;:&quot;0.02&quot;,&quot;title&quot;:&quot;&quot;,&quot;orientation&quot;:&quot;1&quot;}\" data-image-title=\"Calimanesti2018__\" data-image-description=\"\" data-image-caption=\"\" data-large-file=\"https:\/\/i0.wp.com\/unico.org.ro\/wp-content\/uploads\/2018\/03\/Calimanesti2018__.jpg?fit=840%2C770&amp;ssl=1\" src=\"https:\/\/i0.wp.com\/unico.org.ro\/wp-content\/uploads\/2018\/03\/Calimanesti2018__-150x150.jpg?resize=150%2C150\" alt=\"\" width=\"150\" height=\"150\" class=\"alignleft size-thumbnail wp-image-683\" srcset=\"https:\/\/i0.wp.com\/unico.org.ro\/wp-content\/uploads\/2018\/03\/Calimanesti2018__.jpg?resize=150%2C150&amp;ssl=1 150w, https:\/\/i0.wp.com\/unico.org.ro\/wp-content\/uploads\/2018\/03\/Calimanesti2018__.jpg?resize=100%2C100&amp;ssl=1 100w, https:\/\/i0.wp.com\/unico.org.ro\/wp-content\/uploads\/2018\/03\/Calimanesti2018__.jpg?zoom=2&amp;resize=150%2C150&amp;ssl=1 300w, https:\/\/i0.wp.com\/unico.org.ro\/wp-content\/uploads\/2018\/03\/Calimanesti2018__.jpg?zoom=3&amp;resize=150%2C150&amp;ssl=1 450w\" sizes=\"(max-width: 150px) 100vw, 150px\" \/><\/a><a href=\"https:\/\/i0.wp.com\/unico.org.ro\/wp-content\/uploads\/2018\/03\/20180224_204004__.jpg\"><img data-recalc-dims=\"1\" loading=\"lazy\" decoding=\"async\" data-attachment-id=\"681\" data-permalink=\"https:\/\/unico.org.ro\/de\/unico-intensiv\/unico-aplicatii\/calimanesti-caciulata\/20180224_204004__\/\" data-orig-file=\"https:\/\/i0.wp.com\/unico.org.ro\/wp-content\/uploads\/2018\/03\/20180224_204004__.jpg?fit=1200%2C900&amp;ssl=1\" data-orig-size=\"1200,900\" data-comments-opened=\"1\" data-image-meta=\"{&quot;aperture&quot;:&quot;1.7&quot;,&quot;credit&quot;:&quot;&quot;,&quot;camera&quot;:&quot;SM-G955F&quot;,&quot;caption&quot;:&quot;&quot;,&quot;created_timestamp&quot;:&quot;1519504804&quot;,&quot;copyright&quot;:&quot;&quot;,&quot;focal_length&quot;:&quot;4.2&quot;,&quot;iso&quot;:&quot;40&quot;,&quot;shutter_speed&quot;:&quot;0.02&quot;,&quot;title&quot;:&quot;&quot;,&quot;orientation&quot;:&quot;1&quot;}\" data-image-title=\"20180224_204004__\" data-image-description=\"\" data-image-caption=\"\" data-large-file=\"https:\/\/i0.wp.com\/unico.org.ro\/wp-content\/uploads\/2018\/03\/20180224_204004__.jpg?fit=840%2C630&amp;ssl=1\" src=\"https:\/\/i0.wp.com\/unico.org.ro\/wp-content\/uploads\/2018\/03\/20180224_204004__-150x150.jpg?resize=150%2C150\" alt=\"\" width=\"150\" height=\"150\" class=\"alignleft size-thumbnail wp-image-681\" srcset=\"https:\/\/i0.wp.com\/unico.org.ro\/wp-content\/uploads\/2018\/03\/20180224_204004__.jpg?resize=150%2C150&amp;ssl=1 150w, https:\/\/i0.wp.com\/unico.org.ro\/wp-content\/uploads\/2018\/03\/20180224_204004__.jpg?resize=100%2C100&amp;ssl=1 100w, https:\/\/i0.wp.com\/unico.org.ro\/wp-content\/uploads\/2018\/03\/20180224_204004__.jpg?zoom=2&amp;resize=150%2C150&amp;ssl=1 300w, https:\/\/i0.wp.com\/unico.org.ro\/wp-content\/uploads\/2018\/03\/20180224_204004__.jpg?zoom=3&amp;resize=150%2C150&amp;ssl=1 450w\" sizes=\"(max-width: 150px) 100vw, 150px\" \/><\/a><a href=\"https:\/\/i0.wp.com\/unico.org.ro\/wp-content\/uploads\/2018\/03\/20180224_204102__.jpg\"><img data-recalc-dims=\"1\" loading=\"lazy\" decoding=\"async\" data-attachment-id=\"680\" data-permalink=\"https:\/\/unico.org.ro\/de\/unico-intensiv\/unico-aplicatii\/calimanesti-caciulata\/20180224_204102__\/\" data-orig-file=\"https:\/\/i0.wp.com\/unico.org.ro\/wp-content\/uploads\/2018\/03\/20180224_204102__.jpg?fit=1200%2C900&amp;ssl=1\" data-orig-size=\"1200,900\" data-comments-opened=\"1\" data-image-meta=\"{&quot;aperture&quot;:&quot;1.7&quot;,&quot;credit&quot;:&quot;&quot;,&quot;camera&quot;:&quot;SM-G955F&quot;,&quot;caption&quot;:&quot;&quot;,&quot;created_timestamp&quot;:&quot;1519504862&quot;,&quot;copyright&quot;:&quot;&quot;,&quot;focal_length&quot;:&quot;4.2&quot;,&quot;iso&quot;:&quot;64&quot;,&quot;shutter_speed&quot;:&quot;0.02&quot;,&quot;title&quot;:&quot;&quot;,&quot;orientation&quot;:&quot;1&quot;}\" data-image-title=\"20180224_204102__\" data-image-description=\"\" data-image-caption=\"\" data-large-file=\"https:\/\/i0.wp.com\/unico.org.ro\/wp-content\/uploads\/2018\/03\/20180224_204102__.jpg?fit=840%2C630&amp;ssl=1\" src=\"https:\/\/i0.wp.com\/unico.org.ro\/wp-content\/uploads\/2018\/03\/20180224_204102__-150x150.jpg?resize=150%2C150\" alt=\"\" width=\"150\" height=\"150\" class=\"alignleft size-thumbnail wp-image-680\" srcset=\"https:\/\/i0.wp.com\/unico.org.ro\/wp-content\/uploads\/2018\/03\/20180224_204102__.jpg?resize=150%2C150&amp;ssl=1 150w, https:\/\/i0.wp.com\/unico.org.ro\/wp-content\/uploads\/2018\/03\/20180224_204102__.jpg?resize=100%2C100&amp;ssl=1 100w, https:\/\/i0.wp.com\/unico.org.ro\/wp-content\/uploads\/2018\/03\/20180224_204102__.jpg?zoom=2&amp;resize=150%2C150&amp;ssl=1 300w, https:\/\/i0.wp.com\/unico.org.ro\/wp-content\/uploads\/2018\/03\/20180224_204102__.jpg?zoom=3&amp;resize=150%2C150&amp;ssl=1 450w\" sizes=\"(max-width: 150px) 100vw, 150px\" \/><\/a><a href=\"https:\/\/i0.wp.com\/unico.org.ro\/wp-content\/uploads\/2018\/03\/Piscina-C%C4%83ciulata__.jpg\"><img data-recalc-dims=\"1\" loading=\"lazy\" decoding=\"async\" data-attachment-id=\"687\" data-permalink=\"https:\/\/unico.org.ro\/de\/unico-intensiv\/unico-aplicatii\/calimanesti-caciulata\/piscina-caciulata__\/\" data-orig-file=\"https:\/\/i0.wp.com\/unico.org.ro\/wp-content\/uploads\/2018\/03\/Piscina-C%C4%83ciulata__.jpg?fit=1200%2C900&amp;ssl=1\" data-orig-size=\"1200,900\" data-comments-opened=\"1\" data-image-meta=\"{&quot;aperture&quot;:&quot;1.7&quot;,&quot;credit&quot;:&quot;&quot;,&quot;camera&quot;:&quot;SM-G955F&quot;,&quot;caption&quot;:&quot;&quot;,&quot;created_timestamp&quot;:&quot;1519562697&quot;,&quot;copyright&quot;:&quot;&quot;,&quot;focal_length&quot;:&quot;4.2&quot;,&quot;iso&quot;:&quot;40&quot;,&quot;shutter_speed&quot;:&quot;0.0012919896640827&quot;,&quot;title&quot;:&quot;&quot;,&quot;orientation&quot;:&quot;1&quot;}\" data-image-title=\"Piscina C\u0103ciulata__\" data-image-description=\"\" data-image-caption=\"\" data-large-file=\"https:\/\/i0.wp.com\/unico.org.ro\/wp-content\/uploads\/2018\/03\/Piscina-C%C4%83ciulata__.jpg?fit=840%2C630&amp;ssl=1\" src=\"https:\/\/i0.wp.com\/unico.org.ro\/wp-content\/uploads\/2018\/03\/Piscina-C%C4%83ciulata__-150x150.jpg?resize=150%2C150\" alt=\"\" width=\"150\" height=\"150\" class=\"alignleft size-thumbnail wp-image-687\" srcset=\"https:\/\/i0.wp.com\/unico.org.ro\/wp-content\/uploads\/2018\/03\/Piscina-C%C4%83ciulata__.jpg?resize=150%2C150&amp;ssl=1 150w, https:\/\/i0.wp.com\/unico.org.ro\/wp-content\/uploads\/2018\/03\/Piscina-C%C4%83ciulata__.jpg?resize=100%2C100&amp;ssl=1 100w, https:\/\/i0.wp.com\/unico.org.ro\/wp-content\/uploads\/2018\/03\/Piscina-C%C4%83ciulata__.jpg?zoom=2&amp;resize=150%2C150&amp;ssl=1 300w, https:\/\/i0.wp.com\/unico.org.ro\/wp-content\/uploads\/2018\/03\/Piscina-C%C4%83ciulata__.jpg?zoom=3&amp;resize=150%2C150&amp;ssl=1 450w\" sizes=\"(max-width: 150px) 100vw, 150px\" \/><\/a><a href=\"https:\/\/i0.wp.com\/unico.org.ro\/wp-content\/uploads\/2018\/03\/20180225_125315__.jpg\"><img data-recalc-dims=\"1\" loading=\"lazy\" decoding=\"async\" data-attachment-id=\"682\" data-permalink=\"https:\/\/unico.org.ro\/de\/unico-intensiv\/unico-aplicatii\/calimanesti-caciulata\/20180225_125315__\/\" data-orig-file=\"https:\/\/i0.wp.com\/unico.org.ro\/wp-content\/uploads\/2018\/03\/20180225_125315__.jpg?fit=1200%2C807&amp;ssl=1\" data-orig-size=\"1200,807\" data-comments-opened=\"1\" data-image-meta=\"{&quot;aperture&quot;:&quot;1.7&quot;,&quot;credit&quot;:&quot;&quot;,&quot;camera&quot;:&quot;SM-G955F&quot;,&quot;caption&quot;:&quot;&quot;,&quot;created_timestamp&quot;:&quot;1519563195&quot;,&quot;copyright&quot;:&quot;&quot;,&quot;focal_length&quot;:&quot;4.2&quot;,&quot;iso&quot;:&quot;40&quot;,&quot;shutter_speed&quot;:&quot;0.02&quot;,&quot;title&quot;:&quot;&quot;,&quot;orientation&quot;:&quot;1&quot;}\" data-image-title=\"20180225_125315__\" data-image-description=\"\" data-image-caption=\"\" data-large-file=\"https:\/\/i0.wp.com\/unico.org.ro\/wp-content\/uploads\/2018\/03\/20180225_125315__.jpg?fit=840%2C565&amp;ssl=1\" src=\"https:\/\/i0.wp.com\/unico.org.ro\/wp-content\/uploads\/2018\/03\/20180225_125315__-150x150.jpg?resize=150%2C150\" alt=\"\" width=\"150\" height=\"150\" class=\"alignleft size-thumbnail wp-image-682\" srcset=\"https:\/\/i0.wp.com\/unico.org.ro\/wp-content\/uploads\/2018\/03\/20180225_125315__.jpg?resize=150%2C150&amp;ssl=1 150w, https:\/\/i0.wp.com\/unico.org.ro\/wp-content\/uploads\/2018\/03\/20180225_125315__.jpg?resize=100%2C100&amp;ssl=1 100w, https:\/\/i0.wp.com\/unico.org.ro\/wp-content\/uploads\/2018\/03\/20180225_125315__.jpg?zoom=2&amp;resize=150%2C150&amp;ssl=1 300w, https:\/\/i0.wp.com\/unico.org.ro\/wp-content\/uploads\/2018\/03\/20180225_125315__.jpg?zoom=3&amp;resize=150%2C150&amp;ssl=1 450w\" sizes=\"(max-width: 150px) 100vw, 150px\" \/><\/a><\/p>\n","protected":false},"excerpt":{"rendered":"<p>La sf\u00e2r\u0219it de februarie c\u00e2\u021biva\u200b reprezentan\u021bi ai UNIVERSIT\u0102\u021aII COPIILOR au f\u0103cut o excursie la sta\u021biunile C\u0103lim\u0103ne\u0219ti-C\u0103ciulata. Au vizitat M\u0103n\u0103stirile Turnu \u0219i Cozia, s-au bucurat de &hellip; <\/p>\n","protected":false},"author":1,"featured_media":0,"parent":12,"menu_order":0,"comment_status":"closed","ping_status":"closed","template":"","meta":{"jetpack_post_was_ever_published":false,"footnotes":""},"class_list":["post-679","page","type-page","status-publish","hentry","latest_post"],"translation":{"provider":"WPGlobus","version":"3.0.2","language":"de","enabled_languages":["ro","en","de"],"languages":{"ro":{"title":true,"content":true,"excerpt":false},"en":{"title":false,"content":false,"excerpt":false},"de":{"title":false,"content":false,"excerpt":false}}},"jetpack_sharing_enabled":true,"_links":{"self":[{"href":"https:\/\/unico.org.ro\/de\/wp-json\/wp\/v2\/pages\/679","targetHints":{"allow":["GET"]}}],"collection":[{"href":"https:\/\/unico.org.ro\/de\/wp-json\/wp\/v2\/pages"}],"about":[{"href":"https:\/\/unico.org.ro\/de\/wp-json\/wp\/v2\/types\/page"}],"author":[{"embeddable":true,"href":"https:\/\/unico.org.ro\/de\/wp-json\/wp\/v2\/users\/1"}],"replies":[{"embeddable":true,"href":"https:\/\/unico.org.ro\/de\/wp-json\/wp\/v2\/comments?post=679"}],"version-history":[{"count":3,"href":"https:\/\/unico.org.ro\/de\/wp-json\/wp\/v2\/pages\/679\/revisions"}],"predecessor-version":[{"id":845,"href":"https:\/\/unico.org.ro\/de\/wp-json\/wp\/v2\/pages\/679\/revisions\/845"}],"up":[{"embeddable":true,"href":"https:\/\/unico.org.ro\/de\/wp-json\/wp\/v2\/pages\/12"}],"wp:attachment":[{"href":"https:\/\/unico.org.ro\/de\/wp-json\/wp\/v2\/media?parent=679"}],"curies":[{"name":"wp","href":"https:\/\/api.w.org\/{rel}","templated":true}]}}