{"id":601,"date":"2018-01-17T10:55:50","date_gmt":"2018-01-17T08:55:50","guid":{"rendered":"http:\/\/unico.org.ro\/?page_id=601"},"modified":"2018-01-17T11:01:47","modified_gmt":"2018-01-17T09:01:47","slug":"clubul-de-matematica","status":"publish","type":"page","link":"https:\/\/unico.org.ro\/de\/unico-intensiv\/unico-aplicatii\/clubul-de-matematica\/","title":{"rendered":"Clubul de matematic\u0103"},"content":{"rendered":"<p><strong>Clubul de matematic\u0103<\/strong> se desf\u0103\u0219oar\u0103 la Facultatea de Matematic\u0103 a Universit\u0103\u021bii din Bucure\u0219ti \u00een fiecare s\u00e2mb\u0103t\u0103, orele  10.00-12.00 sub atenta \u00eendrumare a domni\u0219oarei Alina Av\u0103d\u0103nei, student\u0103 la Facultatea FABBV (Finan\u021be). Este un ajutor pentru rezolvarea temelor sau pentru \u00eembun\u0103t\u0103\u021birea performan\u021belor matematice ale elevilor cu v\u00e2rstele 8-14 ani.<\/p>\n<p><a href=\"https:\/\/i0.wp.com\/unico.org.ro\/wp-content\/uploads\/2018\/01\/mate2018.jpg\"><img data-recalc-dims=\"1\" decoding=\"async\" data-attachment-id=\"602\" data-permalink=\"https:\/\/unico.org.ro\/de\/unico-intensiv\/unico-aplicatii\/clubul-de-matematica\/mate2018\/\" data-orig-file=\"https:\/\/i0.wp.com\/unico.org.ro\/wp-content\/uploads\/2018\/01\/mate2018.jpg?fit=3072%2C2304&amp;ssl=1\" data-orig-size=\"3072,2304\" data-comments-opened=\"1\" data-image-meta=\"{&quot;aperture&quot;:&quot;2.8&quot;,&quot;credit&quot;:&quot;&quot;,&quot;camera&quot;:&quot;DSC-W35&quot;,&quot;caption&quot;:&quot;&quot;,&quot;created_timestamp&quot;:&quot;1515841488&quot;,&quot;copyright&quot;:&quot;&quot;,&quot;focal_length&quot;:&quot;6.3&quot;,&quot;iso&quot;:&quot;100&quot;,&quot;shutter_speed&quot;:&quot;0.025&quot;,&quot;title&quot;:&quot;&quot;,&quot;orientation&quot;:&quot;1&quot;}\" data-image-title=\"mate2018\" data-image-description=\"\" data-image-caption=\"\" data-large-file=\"https:\/\/i0.wp.com\/unico.org.ro\/wp-content\/uploads\/2018\/01\/mate2018.jpg?fit=840%2C630&amp;ssl=1\" src=\"https:\/\/i0.wp.com\/unico.org.ro\/wp-content\/uploads\/2018\/01\/mate2018-150x150.jpg?resize=150%2C150\" alt=\"\" width=\"150\" height=\"150\" class=\"alignleft size-thumbnail wp-image-602\" srcset=\"https:\/\/i0.wp.com\/unico.org.ro\/wp-content\/uploads\/2018\/01\/mate2018.jpg?resize=150%2C150&amp;ssl=1 150w, https:\/\/i0.wp.com\/unico.org.ro\/wp-content\/uploads\/2018\/01\/mate2018.jpg?resize=100%2C100&amp;ssl=1 100w, https:\/\/i0.wp.com\/unico.org.ro\/wp-content\/uploads\/2018\/01\/mate2018.jpg?zoom=2&amp;resize=150%2C150&amp;ssl=1 300w, https:\/\/i0.wp.com\/unico.org.ro\/wp-content\/uploads\/2018\/01\/mate2018.jpg?zoom=3&amp;resize=150%2C150&amp;ssl=1 450w\" sizes=\"(max-width: 150px) 100vw, 150px\" \/><\/a><a href=\"https:\/\/i0.wp.com\/unico.org.ro\/wp-content\/uploads\/2018\/01\/mate-2018.jpg\"><img data-recalc-dims=\"1\" decoding=\"async\" data-attachment-id=\"603\" data-permalink=\"https:\/\/unico.org.ro\/de\/unico-intensiv\/unico-aplicatii\/clubul-de-matematica\/mate-2018\/\" data-orig-file=\"https:\/\/i0.wp.com\/unico.org.ro\/wp-content\/uploads\/2018\/01\/mate-2018.jpg?fit=2997%2C2304&amp;ssl=1\" data-orig-size=\"2997,2304\" data-comments-opened=\"1\" data-image-meta=\"{&quot;aperture&quot;:&quot;2.8&quot;,&quot;credit&quot;:&quot;&quot;,&quot;camera&quot;:&quot;DSC-W35&quot;,&quot;caption&quot;:&quot;&quot;,&quot;created_timestamp&quot;:&quot;1515841508&quot;,&quot;copyright&quot;:&quot;&quot;,&quot;focal_length&quot;:&quot;6.3&quot;,&quot;iso&quot;:&quot;100&quot;,&quot;shutter_speed&quot;:&quot;0.025&quot;,&quot;title&quot;:&quot;&quot;,&quot;orientation&quot;:&quot;1&quot;}\" data-image-title=\"mate 2018\" data-image-description=\"\" data-image-caption=\"\" data-large-file=\"https:\/\/i0.wp.com\/unico.org.ro\/wp-content\/uploads\/2018\/01\/mate-2018.jpg?fit=840%2C646&amp;ssl=1\" src=\"https:\/\/i0.wp.com\/unico.org.ro\/wp-content\/uploads\/2018\/01\/mate-2018-150x150.jpg?resize=150%2C150\" alt=\"\" width=\"150\" height=\"150\" class=\"alignleft size-thumbnail wp-image-603\" srcset=\"https:\/\/i0.wp.com\/unico.org.ro\/wp-content\/uploads\/2018\/01\/mate-2018.jpg?resize=150%2C150&amp;ssl=1 150w, https:\/\/i0.wp.com\/unico.org.ro\/wp-content\/uploads\/2018\/01\/mate-2018.jpg?resize=100%2C100&amp;ssl=1 100w, https:\/\/i0.wp.com\/unico.org.ro\/wp-content\/uploads\/2018\/01\/mate-2018.jpg?zoom=2&amp;resize=150%2C150&amp;ssl=1 300w, https:\/\/i0.wp.com\/unico.org.ro\/wp-content\/uploads\/2018\/01\/mate-2018.jpg?zoom=3&amp;resize=150%2C150&amp;ssl=1 450w\" sizes=\"(max-width: 150px) 100vw, 150px\" \/><\/a><a href=\"https:\/\/i0.wp.com\/unico.org.ro\/wp-content\/uploads\/2018\/01\/mate2018-2.jpg\"><img data-recalc-dims=\"1\" decoding=\"async\" data-attachment-id=\"604\" data-permalink=\"https:\/\/unico.org.ro\/de\/unico-intensiv\/unico-aplicatii\/clubul-de-matematica\/mate2018-2\/\" data-orig-file=\"https:\/\/i0.wp.com\/unico.org.ro\/wp-content\/uploads\/2018\/01\/mate2018-2.jpg?fit=3072%2C2304&amp;ssl=1\" data-orig-size=\"3072,2304\" data-comments-opened=\"1\" data-image-meta=\"{&quot;aperture&quot;:&quot;2.8&quot;,&quot;credit&quot;:&quot;&quot;,&quot;camera&quot;:&quot;DSC-W35&quot;,&quot;caption&quot;:&quot;&quot;,&quot;created_timestamp&quot;:&quot;1515841241&quot;,&quot;copyright&quot;:&quot;&quot;,&quot;focal_length&quot;:&quot;6.3&quot;,&quot;iso&quot;:&quot;100&quot;,&quot;shutter_speed&quot;:&quot;0.025&quot;,&quot;title&quot;:&quot;&quot;,&quot;orientation&quot;:&quot;1&quot;}\" data-image-title=\"mate2018-2\" data-image-description=\"\" data-image-caption=\"\" data-large-file=\"https:\/\/i0.wp.com\/unico.org.ro\/wp-content\/uploads\/2018\/01\/mate2018-2.jpg?fit=840%2C630&amp;ssl=1\" src=\"https:\/\/i0.wp.com\/unico.org.ro\/wp-content\/uploads\/2018\/01\/mate2018-2-150x150.jpg?resize=150%2C150\" alt=\"\" width=\"150\" height=\"150\" class=\"alignleft size-thumbnail wp-image-604\" srcset=\"https:\/\/i0.wp.com\/unico.org.ro\/wp-content\/uploads\/2018\/01\/mate2018-2.jpg?resize=150%2C150&amp;ssl=1 150w, https:\/\/i0.wp.com\/unico.org.ro\/wp-content\/uploads\/2018\/01\/mate2018-2.jpg?resize=100%2C100&amp;ssl=1 100w, https:\/\/i0.wp.com\/unico.org.ro\/wp-content\/uploads\/2018\/01\/mate2018-2.jpg?zoom=2&amp;resize=150%2C150&amp;ssl=1 300w, https:\/\/i0.wp.com\/unico.org.ro\/wp-content\/uploads\/2018\/01\/mate2018-2.jpg?zoom=3&amp;resize=150%2C150&amp;ssl=1 450w\" sizes=\"(max-width: 150px) 100vw, 150px\" \/><\/a><\/p>\n","protected":false},"excerpt":{"rendered":"<p>Clubul de matematic\u0103 se desf\u0103\u0219oar\u0103 la Facultatea de Matematic\u0103 a Universit\u0103\u021bii din Bucure\u0219ti \u00een fiecare s\u00e2mb\u0103t\u0103, orele 10.00-12.00 sub atenta \u00eendrumare a domni\u0219oarei Alina Av\u0103d\u0103nei, &hellip; <\/p>\n","protected":false},"author":1,"featured_media":0,"parent":12,"menu_order":0,"comment_status":"closed","ping_status":"closed","template":"","meta":{"jetpack_post_was_ever_published":false,"footnotes":""},"class_list":["post-601","page","type-page","status-publish","hentry","latest_post"],"translation":{"provider":"WPGlobus","version":"3.0.2","language":"de","enabled_languages":["ro","en","de"],"languages":{"ro":{"title":true,"content":true,"excerpt":false},"en":{"title":false,"content":false,"excerpt":false},"de":{"title":false,"content":false,"excerpt":false}}},"jetpack_sharing_enabled":true,"_links":{"self":[{"href":"https:\/\/unico.org.ro\/de\/wp-json\/wp\/v2\/pages\/601","targetHints":{"allow":["GET"]}}],"collection":[{"href":"https:\/\/unico.org.ro\/de\/wp-json\/wp\/v2\/pages"}],"about":[{"href":"https:\/\/unico.org.ro\/de\/wp-json\/wp\/v2\/types\/page"}],"author":[{"embeddable":true,"href":"https:\/\/unico.org.ro\/de\/wp-json\/wp\/v2\/users\/1"}],"replies":[{"embeddable":true,"href":"https:\/\/unico.org.ro\/de\/wp-json\/wp\/v2\/comments?post=601"}],"version-history":[{"count":6,"href":"https:\/\/unico.org.ro\/de\/wp-json\/wp\/v2\/pages\/601\/revisions"}],"predecessor-version":[{"id":613,"href":"https:\/\/unico.org.ro\/de\/wp-json\/wp\/v2\/pages\/601\/revisions\/613"}],"up":[{"embeddable":true,"href":"https:\/\/unico.org.ro\/de\/wp-json\/wp\/v2\/pages\/12"}],"wp:attachment":[{"href":"https:\/\/unico.org.ro\/de\/wp-json\/wp\/v2\/media?parent=601"}],"curies":[{"name":"wp","href":"https:\/\/api.w.org\/{rel}","templated":true}]}}