{"id":6,"date":"2017-05-14T19:50:42","date_gmt":"2017-05-14T16:50:42","guid":{"rendered":"http:\/\/unico.org.ro\/?page_id=6"},"modified":"2023-04-15T22:02:41","modified_gmt":"2023-04-15T19:02:41","slug":"echipa","status":"publish","type":"page","link":"https:\/\/unico.org.ro\/de\/elementor-2724\/ce-este-universitatea-copiilor\/echipa\/","title":{"rendered":"Das Team"},"content":{"rendered":"\t\t<div data-elementor-type=\"wp-post\" data-elementor-id=\"6\" class=\"elementor elementor-6\">\n\t\t\t\t\t\t<section class=\"elementor-section elementor-top-section elementor-element elementor-element-409563e2 elementor-section-boxed elementor-section-height-default elementor-section-height-default\" data-id=\"409563e2\" data-element_type=\"section\" data-e-type=\"section\">\n\t\t\t\t\t\t<div class=\"elementor-container elementor-column-gap-default\">\n\t\t\t\t\t<div class=\"elementor-column elementor-col-100 elementor-top-column elementor-element elementor-element-3c8f758d\" data-id=\"3c8f758d\" data-element_type=\"column\" data-e-type=\"column\">\n\t\t\t<div class=\"elementor-widget-wrap elementor-element-populated\">\n\t\t\t\t\t\t<div class=\"elementor-element elementor-element-3a00ccf4 elementor-widget elementor-widget-text-editor\" data-id=\"3a00ccf4\" data-element_type=\"widget\" data-e-type=\"widget\" data-widget_type=\"text-editor.default\">\n\t\t\t\t<div class=\"elementor-widget-container\">\n\t\t\t\t\t\t\t\t\t<p style=\"text-align: center;\"><span style=\"color: #000000;\"><em><img fetchpriority=\"high\" decoding=\"async\" data-recalc-dims=\"1\" class=\"alignleft\" src=\"https:\/\/universitateacopiilor445183733.files.wordpress.com\/2018\/07\/marina-fara.jpg?w=260&#038;resize=213%2C346\" alt=\"Marina Fara\" width=\"213\" height=\"346\" \/><\/em><\/span><\/p><p style=\"text-align: center;\"><span style=\"color: #000000;\"><em>Motto: <strong>&#8220;Orice instruire este \u0219i o <\/strong><\/em><strong><em>construire&#8221; <\/em><\/strong><em>(Vladimir Ghika)<\/em><\/span><\/p><p style=\"text-align: center;\"><strong><span style=\"color: #800000;\">\u00a0MARINA FARA<\/span><\/strong><\/p><p style=\"text-align: center;\"><span style=\"color: #000000;\"><strong>PRE\u0218EDINTE DE ONOARE<\/strong><\/span><\/p><p style=\"text-align: center;\"><strong><span style=\"color: #808080;\">Absolvent\u0103 a\u00a0 Facult\u0103\u021bii de Limbi Romanice a Universit\u0103\u021bii din Bucure\u0219ti<\/span><\/strong><\/p><p style=\"text-align: justify;\"><span style=\"color: #000000;\">Am practicat jurnalismul radiofonic, experien\u021b\u0103 care m-a ajutat apoi \u00een cadrul unor proiecte pe teme de comunicare \u0219i educa\u021bie.<\/span><br \/><span style=\"color: #000000;\">\u201eUniversitatea Copiilor\u201d m\u0103 atrage \u00een m\u0103sura \u00een care \u00eei putem ajuta pe micii studen\u021bi s\u0103-\u0219i dezvolte o g\u00e2ndire critic\u0103 proprie, capacitatea de a \u00een\u021belege ceea ce \u00eent\u00e2lnesc \u0219i de a dialoga.<\/span><br \/><span style=\"color: #000000;\">P\u0103strez \u00een g\u00e2nd cuvintele unui drag mentor, prima mea profesoar\u0103, domni\u0219oara\u00a0Constan\u021ba Iliescu: &#8220;<em>Fiecare copil pe car<\/em><em>e p\u0103rin\u021bii <\/em><em>ni-l\u00a0<\/em><em>\u00eencredin\u021beaz<\/em><em>\u0103, este ca un boboc de floare; noi avem datoria s\u0103-l ajut\u0103m s\u0103 se deschid\u0103.&#8221;<\/em><\/span><\/p><hr \/><p><img decoding=\"async\" data-recalc-dims=\"1\" class=\"alignright\" src=\"https:\/\/universitateacopiilor445183733.files.wordpress.com\/2018\/07\/laura-lacatus.jpg?resize=271%2C201\" alt=\"Laura Lacatus\" width=\"271\" height=\"201\" \/><\/p><p style=\"text-align: center;\"><strong style=\"color: #000000; font-family: var( --e-global-typography-text-font-family ), Sans-serif;\">\u00a0\u00a0<\/strong><strong>\u00a0<span style=\"color: #800000;\">LAURA CRISTEA<\/span><\/strong><\/p><p style=\"text-align: center;\"><strong style=\"color: #000000; font-family: var( --e-global-typography-text-font-family ), Sans-serif;\">\u00a0C.E.O<\/strong><\/p><p style=\"text-align: center;\"><span style=\"background-color: #ffffff; color: #808080;\"><strong>Profesor de\u00a0 geografie \u0219i limba \u0219i literatura german\u0103<\/strong><\/span><br \/><span style=\"background-color: #ffffff; color: #808080;\"><strong>Doctorand al \u0218coalii Doctorale \u201eSimion Mehedin\u021bi \u2013 Natur\u0103 \u0219i Dezvoltare Durabil\u0103\u201d din cadrul Facult\u0103\u021bii de Geografie, Universitatea din Bucure\u0219ti<\/strong><\/span><\/p><p style=\"text-align: justify;\"><span style=\"color: #000000;\">Lucrez cu copii\u00a0\u0219i tineri de la v\u00e2rsta de 16 ani ca voluntar \u00een asocia\u021bii cu un scop \u00een educa\u021bie, deoarece cred c\u0103 educa\u021bia lor este investi\u021bia noastr\u0103 cea mai de pre\u021b. Cu mult respect pentru ceea ce ne \u00eenconjoar\u0103, cu diploma\u021bie \u0219i toleran\u021b\u0103, cu multe cuno\u0219tin\u021be \u0219i experien\u021be \u00een circumstan\u021be diverse, copiii de ast\u0103zi vor putea crea m\u00e2ine un viitor mai frumos pentru noi to\u021bi.<\/span><\/p><p style=\"text-align: justify;\"><span style=\"color: #000000;\">Ca profesor de geografie \u0219i german\u0103, cu o larg\u0103 experien\u021b\u0103 \u00een educa\u021bia formal\u0103, dar\u00a0\u0219i informal\u0103, cred cu t\u0103rie c\u0103 folosind\u00a0\u00een activitatea mea interdisciplinaritatea, elevii vor forma competen\u021be transversale, cu o durabilitate mai mare de timp.<\/span><br \/><span style=\"color: #000000;\">Dragi copii, afla\u021bi cine sunte\u021bi \u0219i ce misiune ave\u021bi pe acest P\u0103m\u00e2nt dar nu uita\u021bi niciodat\u0103 s\u0103 fi\u021bi copii!<\/span><br \/><span style=\"color: #000000;\">Dragi p\u0103rin\u021bi, haide\u021bi s\u0103 \u00eei sprijinim \u00eempreun\u0103 pe copii s\u0103 nu \u00eenceteze niciodat\u0103 s\u0103 pun\u0103 \u00eentreb\u0103ri, s\u0103 descopere lumea \u0219i ce pot ei s\u0103 fac\u0103 pentru ea!<\/span><\/p><p style=\"text-align: center;\"><strong style=\"color: var( --e-global-color-text ); font-family: var( --e-global-typography-text-font-family ), Sans-serif;\"><span style=\"color: #000000;\"><img decoding=\"async\" data-recalc-dims=\"1\" class=\"alignleft\" src=\"https:\/\/i0.wp.com\/unico.org.ro\/wp-content\/uploads\/2021\/03\/Mirela-Paraschiv_foto.jpg?resize=217%2C300&#038;ssl=1\" alt=\"\" width=\"217\" height=\"300\" \/><\/span><\/strong><\/p><p style=\"text-align: center;\"><strong style=\"color: var( --e-global-color-text ); font-family: var( --e-global-typography-text-font-family ), Sans-serif;\"><span style=\"color: #000000;\"><strong style=\"color: var( --e-global-color-text ); font-family: var( --e-global-typography-text-font-family ), Sans-serif;\"><strong style=\"color: var( --e-global-color-text ); font-family: var( --e-global-typography-text-font-family ), Sans-serif;\"><strong style=\"color: var( --e-global-color-text ); font-family: var( --e-global-typography-text-font-family ), Sans-serif;\"><strong style=\"color: var( --e-global-color-text ); font-family: var( --e-global-typography-text-font-family ), Sans-serif;\"><strong style=\"color: var( --e-global-color-text ); font-family: var( --e-global-typography-text-font-family ), Sans-serif;\"><strong style=\"color: var( --e-global-color-text ); font-family: var( --e-global-typography-text-font-family ), Sans-serif;\"><strong style=\"color: var( --e-global-color-text ); font-family: var( --e-global-typography-text-font-family ), Sans-serif;\"><span style=\"color: #800000;\">MIRELA PARASCHIV<\/span><\/strong><\/strong><\/strong><\/strong><\/strong><\/strong><\/strong><\/span><\/strong><\/p><p style=\"text-align: center;\"><strong style=\"font-family: var( --e-global-typography-text-font-family ), Sans-serif; color: #000000;\">MANAGER PROIECTE &amp; CONSILIER \u0218TIIN\u021aIFIC<\/strong><\/p><p><strong><span style=\"color: #808080;\">Lect. univ. dr., Facultatea de \u0218tiin\u021be ale Naturii \u0219i \u0218tiin\u021be Agricole, Universitatea Ovidius din Constan\u021ba, c<\/span><\/strong><strong><span style=\"color: #808080;\">ercet\u0103tor \u0219tiin\u021bific, Centrul Interdisciplinar de Studii Avansate asupra Dinamicii Teritoriale (CICADIT), Universitatea din Bucure\u0219ti<\/span><\/strong><\/p><p><strong><span style=\"color: #808080;\">Absolvent\u0103 a Facult\u0103\u021bii de\u00a0 Geografie \u2013 Universitatea din Bucure\u0219ti<\/span><\/strong><\/p><p><span style=\"color: #000000;\">Mi-am \u00eenceput activitatea cu copiii ca voluntar UNICO, \u00een timpul masterului, \u0219i am continuat s\u0103 \u00eei descop\u0103r ca profesor pentru diverse ateliere de lucru. Sus\u021bin implicarea copiilor \u00een activit\u0103\u021bile mediului academic \u0219i \u00eencurajarea curiozit\u0103\u021bii acestora c\u0103tre \u0219tiin\u021b\u0103. Educa\u021bia copiilor, calitatea sistemului de \u00eenv\u0103\u021b\u0103m\u00e2nt \u0219i a absolven\u021bilor de studii superioare depind de continua rela\u021bionare \u00eentre \u0219coal\u0103, universitate, mediul de cercetare \u0219i cel economic, prin intermediul unei interac\u021biuni permanente \u00eentre acestea, astfel \u00eenc\u00e2t tinerii \u0219i copiii s\u0103 fie conecta\u021bi la realitatea educa\u021bional\u0103 \u0219i profesional\u0103 de la nivelul urm\u0103tor celui pe care \u00eel parcurg deja.<\/span><\/p><hr \/><p><img loading=\"lazy\" decoding=\"async\" data-recalc-dims=\"1\" class=\"alignright\" src=\"https:\/\/universitateacopiilor445183733.files.wordpress.com\/2018\/07\/doina-lacatus.jpg?resize=236%2C250\" alt=\"Doina Lacatus\" width=\"236\" height=\"250\" \/><\/p><p style=\"text-align: center;\"><em style=\"font-family: var( --e-global-typography-text-font-family ), Sans-serif; font-weight: var( --e-global-typography-text-font-weight ); color: #000000;\">Motto:\u00a0<strong>&#8220;Copil\u0103ria este inima tuturor v\u00e2rstelor.<\/strong><\/em><strong style=\"font-family: var( --e-global-typography-text-font-family ), Sans-serif; color: #000000;\"><em>&#8221;\u00a0<\/em><\/strong><em style=\"font-family: var( --e-global-typography-text-font-family ), Sans-serif; font-weight: var( --e-global-typography-text-font-weight ); color: #000000;\">(Lucian Blaga)<\/em><\/p><p style=\"text-align: center;\"><strong style=\"color: var( --e-global-color-text ); font-family: var( --e-global-typography-text-font-family ), Sans-serif;\"><span style=\"color: #800000;\">DOINA L\u0102C\u0102TU\u0218<\/span><\/strong><\/p><p style=\"text-align: center;\"><strong style=\"font-family: var( --e-global-typography-text-font-family ), Sans-serif; color: #000000;\">COORDONATOR COMUNICARE &amp; PR.<\/strong><\/p><p style=\"text-align: center;\"><span style=\"color: #808080;\">\u00a0 \u00a0<\/span><\/p><p style=\"text-align: center;\"><span style=\"color: #808080;\"> Jurnalist, absolvent\u0103 a Facult\u0103\u021bii de\u00a0 Litere a <\/span><span style=\"color: #800000;\"><span style=\"color: #000000;\"><span style=\"color: #808080;\">Universit\u0103\u021bii\u00a0 din\u00a0 \u00a0Bucure\u0219ti\u00a0<\/span> \u00a0<\/span> \u00a0 \u00a0 \u00a0 \u00a0 \u00a0 \u00a0 \u00a0 \u00a0 \u00a0 \u00a0 \u00a0 \u00a0 \u00a0 \u00a0 \u00a0 \u00a0\u00a0<\/span><\/p><p style=\"text-align: justify;\"><span style=\"color: #000000;\">De 30 de ani lucrez cu copii \u00een programe de educa\u021bie alternativ\u0103. Am organizat ateliere de informare \u0219i cunoa\u0219tere , am coordonat emisiuni radiofonice cu copii pentru copii pe teme de s\u0103n\u0103tate \u0219i protejarea mediului, am organizat excursii \u0219i tabere cu activit\u0103\u021bi tematice.\u00a0 Am urm\u0103rit \u00een toate activit\u0103\u021bile s\u0103 ajut la dezvoltarea copilului \u00eentr-o fiin\u021b\u0103 uman\u0103 adult\u0103 \u0219i responsabil\u0103. S\u0103 aib\u0103 \u00eencredere \u0219i respect fa\u021b\u0103 de sine \u0219i fa\u021b\u0103 de\u00a0 societate.\u00a0\u00a0Natura uman\u0103 autentic\u0103 o g\u0103sim doar la copii. Ei sunt orienta\u021bi de la na\u0219tere spre valori autentice,\u00a0 spre pace, iubire, comunicare, cooperare, munc\u0103 \u015fi crea\u0163ie. Asta trebuie p\u0103strat, dezvoltat \u0219i nealterat. Am c\u0103utat la toate activit\u0103\u021bile s\u0103 m\u0103 concentrez pe ceea ce pot s\u0103di bun \u00een sufletul unui copil, s\u0103-l ajut s\u0103-\u0219i descopere\u00a0 cel pu\u021bin o pasiune, s\u0103-\u0219i doreasc\u0103 zilnic s\u0103 afle informa\u021bii despre lumea \u00eenconjur\u0103toare \u0219i mai ales cum s\u0103 foloseasc\u0103 informa\u021bia pentru binele lui.<\/span><br \/><span style=\"color: #000000;\"><strong>RESPECTA\u021aI-I PE COPII. Dac\u0103 ave\u021bi nevoie de un sfat consulta\u021bi-i. Nu v\u0103 mira\u021bi dac\u0103 au g\u0103sit solu\u021bia cea bun\u0103.<\/strong><\/span><\/p><p style=\"text-align: justify;\"><strong style=\"text-align: center; font-family: var( --e-global-typography-text-font-family ), Sans-serif; color: #000000;\">\u00a0<\/strong><\/p><p style=\"text-align: justify;\"><strong style=\"text-align: center; font-family: var( --e-global-typography-text-font-family ), Sans-serif; color: #000000;\">\u00a0\u00a0 \u00a0 \u00a0 \u00a0 \u00a0 \u00a0 \u00a0 \u00a0 \u00a0 \u00a0 \u00a0 \u00a0\u00a0<\/strong><\/p><hr \/><p><span style=\"color: #800000;\"><strong>Indrum\u0103torii<\/strong><\/span><\/p><p><span style=\"color: #000000;\">Indrum\u0103torii asocia\u021biei pentru organizarea atelierelor din iunie,\u00a0 sunt an de an studen\u021bii Facult\u0103\u021bii de Sociologie \u0219i Asisten\u021b\u0103 Social\u0103 \u2013 Universitatea din Bucure\u0219ti.<\/span><\/p><p><img loading=\"lazy\" decoding=\"async\" data-recalc-dims=\"1\" class=\"aligncenter\" src=\"https:\/\/universitateacopiilor445183733.files.wordpress.com\/2018\/07\/voluntarii2.jpg?resize=768%2C512\" alt=\"Voluntarii\" width=\"768\" height=\"512\" \/><\/p><p style=\"text-align: center;\"><span style=\"color: #000000;\">\u00cen mod permanent avem ca voluntari fo\u0219ti studen\u021bi UNICO, acum liceeni sau studen\u021bi ai diferitelor facult\u0103\u021bi.<\/span><\/p><p><img loading=\"lazy\" decoding=\"async\" data-recalc-dims=\"1\" class=\"alignright\" src=\"https:\/\/universitateacopiilor445183733.files.wordpress.com\/2018\/07\/corina-gabriela-sidor.jpg?resize=272%2C171\" alt=\"Corina Gabriela Sidor\" width=\"272\" height=\"171\" \/><\/p><p><strong><span style=\"color: #000000;\">\u00a0 \u00a0 \u00a0 \u00a0 \u00a0 \u00a0 \u00a0 \u00a0 \u00a0 \u00a0 \u00a0 \u00a0 \u00a0 \u00a0 \u00a0 \u00a0 \u00a0 \u00a0 <\/span><\/strong><\/p><p><strong><span style=\"color: #000000;\">\u00a0 \u00a0 \u00a0Coordonator programe <\/span><\/strong><strong><span style=\"color: #000000;\">UNICO Aplica\u021bii<\/span><\/strong><\/p><p style=\"text-align: center;\"><strong><span style=\"color: #800000;\">CORINA GABRIELA SIDOR<\/span><\/strong><br \/><span style=\"color: #000000;\">Student\u0103 la Universitatea de Medicin\u0103 \u0219i Farmacie &#8220;Carol Davila&#8221;<\/span><\/p><p>\u00a0<\/p>\t\t\t\t\t\t\t\t<\/div>\n\t\t\t\t<\/div>\n\t\t\t\t\t<\/div>\n\t\t<\/div>\n\t\t\t\t\t<\/div>\n\t\t<\/section>\n\t\t\t\t<\/div>\n\t\t","protected":false},"excerpt":{"rendered":"<p>Motto: &#8220;Orice instruire este \u0219i o construire&#8221; (Vladimir Ghika) \u00a0MARINA FARA PRE\u0218EDINTE DE ONOARE Absolvent\u0103 a\u00a0 Facult\u0103\u021bii de Limbi Romanice a Universit\u0103\u021bii din Bucure\u0219ti Am &hellip; <\/p>\n","protected":false},"author":1,"featured_media":0,"parent":4,"menu_order":0,"comment_status":"closed","ping_status":"closed","template":"","meta":{"jetpack_post_was_ever_published":false,"footnotes":""},"class_list":["post-6","page","type-page","status-publish","hentry","latest_post"],"translation":{"provider":"WPGlobus","version":"3.0.2","language":"de","enabled_languages":["ro","en","de"],"languages":{"ro":{"title":true,"content":true,"excerpt":false},"en":{"title":true,"content":false,"excerpt":false},"de":{"title":true,"content":false,"excerpt":false}}},"jetpack_sharing_enabled":true,"_links":{"self":[{"href":"https:\/\/unico.org.ro\/de\/wp-json\/wp\/v2\/pages\/6","targetHints":{"allow":["GET"]}}],"collection":[{"href":"https:\/\/unico.org.ro\/de\/wp-json\/wp\/v2\/pages"}],"about":[{"href":"https:\/\/unico.org.ro\/de\/wp-json\/wp\/v2\/types\/page"}],"author":[{"embeddable":true,"href":"https:\/\/unico.org.ro\/de\/wp-json\/wp\/v2\/users\/1"}],"replies":[{"embeddable":true,"href":"https:\/\/unico.org.ro\/de\/wp-json\/wp\/v2\/comments?post=6"}],"version-history":[{"count":90,"href":"https:\/\/unico.org.ro\/de\/wp-json\/wp\/v2\/pages\/6\/revisions"}],"predecessor-version":[{"id":3621,"href":"https:\/\/unico.org.ro\/de\/wp-json\/wp\/v2\/pages\/6\/revisions\/3621"}],"up":[{"embeddable":true,"href":"https:\/\/unico.org.ro\/de\/wp-json\/wp\/v2\/pages\/4"}],"wp:attachment":[{"href":"https:\/\/unico.org.ro\/de\/wp-json\/wp\/v2\/media?parent=6"}],"curies":[{"name":"wp","href":"https:\/\/api.w.org\/{rel}","templated":true}]}}