{"id":4573,"date":"2025-11-26T21:56:07","date_gmt":"2025-11-26T19:56:07","guid":{"rendered":"https:\/\/unico.org.ro\/?page_id=4573"},"modified":"2026-04-22T17:54:08","modified_gmt":"2026-04-22T14:54:08","slug":"zenith","status":"publish","type":"page","link":"https:\/\/unico.org.ro\/de\/zenith\/","title":{"rendered":"Zenith"},"content":{"rendered":"<p>Clubul de robotic\u0103 <a href=\"https:\/\/zenith.moisil.ro\/index.html\">Zenith,<\/a> din cadrul parteneriatului dintre Asocia\u021bita Universitatea Copiilor \u0219i Colegiului Na\u021bional \u201cGrigore Moisil\u201d din Bucure\u0219ti, a fost \u00eenfiin\u021bat \u00een 2020 \u0219i este un spa\u021biu \u00een care pasiunea pentru tehnologie se \u00eembin\u0103 cu spiritul de echip\u0103.<\/p>\n<p>Membrii echipei Zenith particip\u0103 anual la competi\u021bii interna\u021bionale de robotic\u0103, precum FIRST Tech Challenge, unde construiesc, proiecteaz\u0103 \u0219i programeaz\u0103 un robot capabil s\u0103 \u00eendeplineasc\u0103 diverse sarcini. Clubul este structurat pe patru departamente: Programare, Mecanic\u0103, PR &#038; Marketing \u0219i Grafic\u0103.<\/p>\n<p>Pe l\u00e2ng\u0103 competi\u021bii, clubul desf\u0103\u0219oar\u0103 proiecte \u0219i activit\u0103\u021bi menite s\u0103 promoveze domeniile STEM \u00een comunitate \u0219i s\u0103 inspire urm\u0103toarele genera\u021bii. La Zenith, fiecare provocare este o oportunitate de \u00eenv\u0103\u021bare, fiecare membru contribuie la succesul echipei, iar fiecare proiect reflect\u0103 pasiunea, perseveren\u021ba \u0219i colaborarea noastr\u0103.<\/p>\n<p>Membrii \u00ee\u0219i propun s\u0103 dep\u0103\u0219easc\u0103 orice obstacol \u0219i s\u0103 inspire genera\u021biile viitoare \u2013 de la A la Zenith.<br \/>\n<script type=\"text\/javascript\" src=\"https:\/\/pay.galantom.ro\/embed\/embed.js\"><\/script><\/p>\n<p><iframe \n  id=\"galantom-form\" \n  src=\"https:\/\/pay.galantom.ro\/widgets\/donation_forms\/view?id=240\" \n  sandbox=\"allow-top-navigation allow-scripts allow-popups allow-forms allow-same-origin allow-modals\" \n  style=\"width: 100%; overflow-x: hidden; border: 0; min-height: 1300px;\"\n  scrolling=\"no\"\n><\/iframe><\/p>\n<p><script>\n  (function() {\n    var iframe = document.getElementById('galantom-form');\n    var minHeight = 800;<\/p>\n<p>    function resizeIframe() {\n      try {\n        var bodyHeight = iframe.contentWindow.document.body.scrollHeight;\n        iframe.style.height = Math.max(bodyHeight, minHeight) + 'px';\n      } catch(e) {\n        \/\/ cross-origin fallback\n        iframe.style.height = minHeight + 'px';\n      }\n    }<\/p>\n<p>    iframe.addEventListener('load', function() {\n      resizeIframe();\n      \/\/ verific\u0103 din nou dup\u0103 1s, unele form-uri se randeaz\u0103 cu \u00eent\u00e2rziere\n      setTimeout(resizeIframe, 1000);\n    });<\/p>\n<p>    \/\/ polling periodic \u00een caz c\u0103 formularul se modific\u0103 dinamic\n    setInterval(function() {\n      try {\n        var bodyHeight = iframe.contentWindow.document.body.scrollHeight;\n        if (bodyHeight > parseInt(iframe.style.height)) {\n          iframe.style.height = bodyHeight + 'px';\n        }\n      } catch(e) {}\n    }, 500);\n  })();\n<\/script><\/p>\n","protected":false},"excerpt":{"rendered":"<p>Clubul de robotic\u0103 Zenith, din cadrul parteneriatului dintre Asocia\u021bita Universitatea Copiilor \u0219i Colegiului Na\u021bional \u201cGrigore Moisil\u201d din Bucure\u0219ti, a fost \u00eenfiin\u021bat \u00een 2020 \u0219i este &hellip; <\/p>\n","protected":false},"author":1,"featured_media":0,"parent":0,"menu_order":0,"comment_status":"closed","ping_status":"closed","template":"","meta":{"jetpack_post_was_ever_published":false,"footnotes":""},"class_list":["post-4573","page","type-page","status-publish","hentry","latest_post"],"translation":{"provider":"WPGlobus","version":"3.0.2","language":"de","enabled_languages":["ro","en","de"],"languages":{"ro":{"title":true,"content":true,"excerpt":false},"en":{"title":false,"content":false,"excerpt":false},"de":{"title":false,"content":false,"excerpt":false}}},"jetpack_sharing_enabled":true,"_links":{"self":[{"href":"https:\/\/unico.org.ro\/de\/wp-json\/wp\/v2\/pages\/4573","targetHints":{"allow":["GET"]}}],"collection":[{"href":"https:\/\/unico.org.ro\/de\/wp-json\/wp\/v2\/pages"}],"about":[{"href":"https:\/\/unico.org.ro\/de\/wp-json\/wp\/v2\/types\/page"}],"author":[{"embeddable":true,"href":"https:\/\/unico.org.ro\/de\/wp-json\/wp\/v2\/users\/1"}],"replies":[{"embeddable":true,"href":"https:\/\/unico.org.ro\/de\/wp-json\/wp\/v2\/comments?post=4573"}],"version-history":[{"count":6,"href":"https:\/\/unico.org.ro\/de\/wp-json\/wp\/v2\/pages\/4573\/revisions"}],"predecessor-version":[{"id":4575,"href":"https:\/\/unico.org.ro\/de\/wp-json\/wp\/v2\/pages\/4573\/revisions\/4575"}],"wp:attachment":[{"href":"https:\/\/unico.org.ro\/de\/wp-json\/wp\/v2\/media?parent=4573"}],"curies":[{"name":"wp","href":"https:\/\/api.w.org\/{rel}","templated":true}]}}