{"id":4570,"date":"2025-11-26T21:40:49","date_gmt":"2025-11-26T19:40:49","guid":{"rendered":"https:\/\/unico.org.ro\/?page_id=4570"},"modified":"2025-11-26T21:58:14","modified_gmt":"2025-11-26T19:58:14","slug":"robotica-unico","status":"publish","type":"page","link":"https:\/\/unico.org.ro\/de\/robotica-unico\/","title":{"rendered":"Robotica UniCO"},"content":{"rendered":"<p>Universitatea Copiilor are onoarea sa deruleze parteneriate deosebite cu Colegiul Na\u021bional \u201dGrigore Moisil\u201d \u0219i Colegiul Na\u021bional de Informatica \u201dTudor Vianu\u201d \u00een cadrul c\u0103rora se desfasoar\u0103 cu succes proiecte deosebite care ii duc pe tinerii no\u0219tri voluntari \u00een cele mai prestigioase competi\u021bii de robotic\u0103.\u00a0 Fiecare proiect desf\u0103\u0219urat reprezinta o \u00eentreag\u0103 poveste de succes :<\/p>\n<p><a href=\"https:\/\/unico.org.ro\/zenith\/\">Zenith<\/a><\/p>\n<p><a href=\"https:\/\/arcas-space.ro\/index.php?lang=ro\">ARCAS<\/a><\/p>\n<p>ViCyber<\/p>\n","protected":false},"excerpt":{"rendered":"<p>Universitatea Copiilor are onoarea sa deruleze parteneriate deosebite cu Colegiul Na\u021bional \u201dGrigore Moisil\u201d \u0219i Colegiul Na\u021bional de Informatica \u201dTudor Vianu\u201d \u00een cadrul c\u0103rora se desfasoar\u0103 &hellip; <\/p>\n","protected":false},"author":1,"featured_media":0,"parent":0,"menu_order":0,"comment_status":"closed","ping_status":"closed","template":"","meta":{"jetpack_post_was_ever_published":false,"footnotes":""},"class_list":["post-4570","page","type-page","status-publish","hentry","latest_post"],"translation":{"provider":"WPGlobus","version":"3.0.2","language":"de","enabled_languages":["ro","en","de"],"languages":{"ro":{"title":true,"content":true,"excerpt":false},"en":{"title":false,"content":false,"excerpt":false},"de":{"title":false,"content":false,"excerpt":false}}},"jetpack_sharing_enabled":true,"_links":{"self":[{"href":"https:\/\/unico.org.ro\/de\/wp-json\/wp\/v2\/pages\/4570","targetHints":{"allow":["GET"]}}],"collection":[{"href":"https:\/\/unico.org.ro\/de\/wp-json\/wp\/v2\/pages"}],"about":[{"href":"https:\/\/unico.org.ro\/de\/wp-json\/wp\/v2\/types\/page"}],"author":[{"embeddable":true,"href":"https:\/\/unico.org.ro\/de\/wp-json\/wp\/v2\/users\/1"}],"replies":[{"embeddable":true,"href":"https:\/\/unico.org.ro\/de\/wp-json\/wp\/v2\/comments?post=4570"}],"version-history":[{"count":4,"href":"https:\/\/unico.org.ro\/de\/wp-json\/wp\/v2\/pages\/4570\/revisions"}],"predecessor-version":[{"id":4576,"href":"https:\/\/unico.org.ro\/de\/wp-json\/wp\/v2\/pages\/4570\/revisions\/4576"}],"wp:attachment":[{"href":"https:\/\/unico.org.ro\/de\/wp-json\/wp\/v2\/media?parent=4570"}],"curies":[{"name":"wp","href":"https:\/\/api.w.org\/{rel}","templated":true}]}}