{"id":4260,"date":"2024-06-23T18:00:18","date_gmt":"2024-06-23T15:00:18","guid":{"rendered":"https:\/\/unico.org.ro\/?page_id=4260"},"modified":"2024-06-23T18:14:37","modified_gmt":"2024-06-23T15:14:37","slug":"unico-intensiv-2022","status":"publish","type":"page","link":"https:\/\/unico.org.ro\/de\/unico-intensiv-2022\/","title":{"rendered":"UniCo Intensiv 2022"},"content":{"rendered":"<p>De\u0219i perioada rezervat\u0103 \u00eenscrierilor pentru programul UniCo Intensiv 2022 s-a terminat, ne dorim s\u0103 d\u0103m oportunitatea c\u00e2t mai multor copii de a deveni la r\u00e2ndul lor Mici Studen\u021bi UniCo! Astfel, echipa Universit\u0103\u021bii Copiilor a decis s\u0103 lase deschis\u0103 posibilitatea particip\u0103rii la cursurile din acest an, ceea ce \u00eenseamn\u0103 c\u0103, indiferent de atelier <strong>(\u00een limita locurilor disponibile)<\/strong>,\u00a0 \u00eenscrierile se vor putea face cu p\u00e2n\u0103 cel t\u00e2rziu 24h \u00eenainte de desf\u0103\u0219urarea acestuia.<\/p>\n<p>Pentru mai multe detalii despre procesul de \u00eenregistrare \u00een cadrul proiectului nu ezita\u021bi s\u0103 folosi\u021bi adresa de email <em><strong>office@unico.org.ro<\/strong><\/em> sau num\u0103rul de telefon <em><strong>0735948047<\/strong><\/em>.<\/p>\n<p><img data-recalc-dims=\"1\" fetchpriority=\"high\" decoding=\"async\" src=\"https:\/\/i0.wp.com\/unico.org.ro\/wp-content\/uploads\/2022\/06\/289936560_2190112684504915_7252287381781165631_n.png?resize=840%2C840&#038;ssl=1\" sizes=\"(max-width: 840px) 100vw, 840px\" srcset=\"https:\/\/i0.wp.com\/unico.org.ro\/wp-content\/uploads\/2022\/06\/289936560_2190112684504915_7252287381781165631_n.png?w=843&amp;ssl=1 843w, https:\/\/i0.wp.com\/unico.org.ro\/wp-content\/uploads\/2022\/06\/289936560_2190112684504915_7252287381781165631_n.png?resize=300%2C300&amp;ssl=1 300w, https:\/\/i0.wp.com\/unico.org.ro\/wp-content\/uploads\/2022\/06\/289936560_2190112684504915_7252287381781165631_n.png?resize=150%2C150&amp;ssl=1 150w, https:\/\/i0.wp.com\/unico.org.ro\/wp-content\/uploads\/2022\/06\/289936560_2190112684504915_7252287381781165631_n.png?resize=768%2C768&amp;ssl=1 768w, https:\/\/i0.wp.com\/unico.org.ro\/wp-content\/uploads\/2022\/06\/289936560_2190112684504915_7252287381781165631_n.png?resize=60%2C60&amp;ssl=1 60w\" alt=\"\" width=\"840\" height=\"840\" \/><br \/>\n<img data-recalc-dims=\"1\" decoding=\"async\" src=\"https:\/\/i0.wp.com\/unico.org.ro\/wp-content\/uploads\/2022\/06\/Aplica-acum-4.png?resize=840%2C840&#038;ssl=1\" sizes=\"(max-width: 840px) 100vw, 840px\" srcset=\"https:\/\/i0.wp.com\/unico.org.ro\/wp-content\/uploads\/2022\/06\/Aplica-acum-4.png?resize=1024%2C1024&amp;ssl=1 1024w, https:\/\/i0.wp.com\/unico.org.ro\/wp-content\/uploads\/2022\/06\/Aplica-acum-4.png?resize=300%2C300&amp;ssl=1 300w, https:\/\/i0.wp.com\/unico.org.ro\/wp-content\/uploads\/2022\/06\/Aplica-acum-4.png?resize=150%2C150&amp;ssl=1 150w, https:\/\/i0.wp.com\/unico.org.ro\/wp-content\/uploads\/2022\/06\/Aplica-acum-4.png?resize=768%2C768&amp;ssl=1 768w, https:\/\/i0.wp.com\/unico.org.ro\/wp-content\/uploads\/2022\/06\/Aplica-acum-4.png?resize=60%2C60&amp;ssl=1 60w, https:\/\/i0.wp.com\/unico.org.ro\/wp-content\/uploads\/2022\/06\/Aplica-acum-4.png?w=1080&amp;ssl=1 1080w\" alt=\"\" width=\"840\" height=\"840\" \/><\/p>\n<p style=\"text-align: center;\">\u00a0<em><strong>Povestea studen\u021bilor de m\u00e2ine se scrie acum!<\/strong><\/em><\/p>\n<p>Suntem deosebit de \u00eenc\u00e2nta\u021bi s\u0103 anun\u021b\u0103m oficial c\u0103 Universitatea Copiilor \u00ee\u0219i deschide por\u021bile \u0219i \u00een acest an pentru a sus\u021bine programul UniCo Intensiv 2022 (4 iulie &#8211; 15 iulie)!<\/p>\n<p>Cu for\u021be proaspete, echipa asocia\u021biei este dornic\u0103 de a-i purta pe micii Studen\u021bi UniCo (7 &#8211; 14 ani) prin aventuri interactive \u0219i interesante, pline de cunoa\u0219tere \u0219i dedicare din partea dragilor no\u0219tri profesori de la Universitatea din Bucure\u0219ti, Universitatea de \u0218tiin\u021be Agronomice \u0219i Medicin\u0103 Veterinar\u0103, Universitatea Politehnica Bucure\u0219ti \u0219i Universitatea Tehnic\u0103 de Construc\u021bii Bucure\u0219ti.<\/p>\n<p>Cu toate c\u0103 am traversat o perioada dificil\u0103, nu trebuie s\u0103 uit\u0103m niciodat\u0103 c\u0103 fiecare dintre noi este responsabil s\u0103-i ghideze pe micii cercet\u0103tori pe drumul frumos spre descoperire \u0219i s\u0103 contureze cu generozitate, implicare \u0219i entuziasm educa\u021bia adul\u021bilor de m\u00e2ine.<\/p>\n<p><iframe title=\"Facultatea de Sociologie si stiinte sociale panduri\" src=\"https:\/\/maps.google.com\/maps?q=Facultatea%20de%20Sociologie%20si%20stiinte%20sociale%20panduri&amp;t=m&amp;z=14&amp;output=embed&amp;iwloc=near\" aria-label=\"Facultatea de Sociologie si stiinte sociale panduri\" data-mce-fragment=\"1\"><\/iframe><\/p>\n<p style=\"text-align: center;\"><em><strong>Orarul atelierelor UniCo Intensiv 2022<\/strong><\/em><\/p>\n<p><iframe src=\"https:\/\/docs.google.com\/spreadsheets\/d\/e\/2PACX-1vSnpUB8xSVtzmD4LvdxXbUlTr0RUZUK_h-w4PD6hO6VyxoAOBnakvwHoTZf-hG4P8w2IM302uWMh-Zw\/pubhtml?gid=0&amp;single=true&amp;widget=true&amp;headers=false\" width=\"1150\" height=\"3450\"><\/iframe><\/p>\n","protected":false},"excerpt":{"rendered":"<p>De\u0219i perioada rezervat\u0103 \u00eenscrierilor pentru programul UniCo Intensiv 2022 s-a terminat, ne dorim s\u0103 d\u0103m oportunitatea c\u00e2t mai multor copii de a deveni la r\u00e2ndul &hellip; <\/p>\n","protected":false},"author":1,"featured_media":0,"parent":0,"menu_order":0,"comment_status":"closed","ping_status":"closed","template":"","meta":{"jetpack_post_was_ever_published":false,"footnotes":""},"class_list":["post-4260","page","type-page","status-publish","hentry","latest_post"],"translation":{"provider":"WPGlobus","version":"3.0.2","language":"de","enabled_languages":["ro","en","de"],"languages":{"ro":{"title":true,"content":true,"excerpt":false},"en":{"title":false,"content":false,"excerpt":false},"de":{"title":false,"content":false,"excerpt":false}}},"jetpack_sharing_enabled":true,"_links":{"self":[{"href":"https:\/\/unico.org.ro\/de\/wp-json\/wp\/v2\/pages\/4260","targetHints":{"allow":["GET"]}}],"collection":[{"href":"https:\/\/unico.org.ro\/de\/wp-json\/wp\/v2\/pages"}],"about":[{"href":"https:\/\/unico.org.ro\/de\/wp-json\/wp\/v2\/types\/page"}],"author":[{"embeddable":true,"href":"https:\/\/unico.org.ro\/de\/wp-json\/wp\/v2\/users\/1"}],"replies":[{"embeddable":true,"href":"https:\/\/unico.org.ro\/de\/wp-json\/wp\/v2\/comments?post=4260"}],"version-history":[{"count":6,"href":"https:\/\/unico.org.ro\/de\/wp-json\/wp\/v2\/pages\/4260\/revisions"}],"predecessor-version":[{"id":4268,"href":"https:\/\/unico.org.ro\/de\/wp-json\/wp\/v2\/pages\/4260\/revisions\/4268"}],"wp:attachment":[{"href":"https:\/\/unico.org.ro\/de\/wp-json\/wp\/v2\/media?parent=4260"}],"curies":[{"name":"wp","href":"https:\/\/api.w.org\/{rel}","templated":true}]}}