{"id":4,"date":"2017-05-14T19:50:13","date_gmt":"2017-05-14T16:50:13","guid":{"rendered":"http:\/\/unico.org.ro\/?page_id=4"},"modified":"2026-01-25T20:34:51","modified_gmt":"2026-01-25T18:34:51","slug":"ce-este-universitatea-copiilor","status":"publish","type":"page","link":"https:\/\/unico.org.ro\/de\/elementor-2724\/ce-este-universitatea-copiilor\/","title":{"rendered":"\u00dcber uns"},"content":{"rendered":"<p><script src=\"https:\/\/formular230.ro\/share\/2429a85c06\"><\/script><\/p>\n<p>La\u00a0<strong>Universitatea Copiilor<\/strong>\u00a0po\u021bi, ca orice student cu acte \u00een regul\u0103, s\u0103 participi la cursuri \u00een s\u0103li mari sau la mici ateliere de grup \u0219i s\u0103 cuno\u0219ti oamenii de \u0219tiin\u021b\u0103 interesan\u021bi. Aici po\u021bi experimenta \u00eentr-adev\u0103r via\u021ba de student cu toate particularit\u0103\u021bile universit\u0103\u021bilor: spa\u021biul universit\u0103\u021bilor, profesorii universitari, studen\u021bii, cercet\u0103torii, laboratoarele \u0219i chiar festivitatea de absolvire.<\/p>\n<p>Po\u021bi fi student la Universitatea Copiilor, student Unico , c\u00e2nd ai v\u00e2rsta cuprins\u0103 \u00eentre 7 \u0219i 14 ani sau daca studiezi in ciclul primar sau gimnazial.<\/p>\n<p>Daca ai intrat deja la liceu po\u021bi fi \u00cendrum\u0103tor UniCo \u0219i ii po\u021bi ajuta pe cei mai tineri dec\u00e2t tine s\u0103 fac\u0103 pa\u0219i spre cunoa\u0219tere.<\/p>\n<p>\u201cUniversitatea Copiilor\u201d se bucur\u0103 de succes pe plan european \u015fi \u020bn alte zone din lume, trezind un ecou deosebit \u00een Rom\u00e2nia \u00eencep\u00e2nd din anul 2010 \u0219i p\u00e2n\u0103 \u00een prezent, \u020bn primul r\u00e2nd printre copii, dar \u015fi la nivelul familiilor. Cadrele universitare r\u0103spund an de an cu mult\u0103 solicitudine, entuziasm \u015fi creativitate. \u201cUniversitatea Copiilor\u201d asigur\u0103 \u020bnt\u00e2lniri ale micilor studen\u021bi cu profesorii \u020bn spa\u021biul universitar, pe un parcurs care cuprinde formule atractive \u015fi inedite.<br \/>\nIn tot acest timp Universitatatea Copiilor s-a dovedit a fi un partener de n\u0103dejde \u00een ceea ce prive\u0219te \u00eendeplinirea celei de a treia misiuni a universit\u0103\u021bilor privind conexiunile acestora cu societatea \u00een general. Astfel atelierele UniCo la Universitatea din Bucuresti, Universitatea de \u0218tiin\u021be Agronomice \u0219i Medicin\u0103 Veterinar\u0103, Universitatea Politehnica au adus, an de an, sute de copii si tineri, mai aprope de profesorii dedicati si pasionati de stiin\u021b\u0103 si de cercetare. Fapt pentru care s-a al\u0103turat acestei misiuni \u0219i Universitatea Tehnic\u0103 de Construc\u021bii.<\/p>\n<p>Programul cuprinde dou\u0103 module :<br \/>\nI. UNICO INTENSIV: timp de 2 s\u0103pt\u0103m\u00e2ni \u00een lunile iunie &#8211; iulie studen\u021bii UniCo particip\u0103 la cursuri \u00een fiecare zi. Pentru programul intensiv \u00eenscrierile au loc \u00een luna iunie a fiecarui an.<br \/>\nII. CERCETARE APLICAT\u0102 octombrie \u2013 iunie (activit\u0103\u021bi de club, excursii, tabere) Pentru aceste aplicatii te poti \u00eenscrie pe tot parcursul anului \u0219colar.<\/p>\n<p>Urm\u0103re\u0219te mereu site-ul <a href=\"http:\/\/unico.org.ro\">Universit\u0103\u021bii Copiilor<\/a> \u0219i pagina de <a href=\"https:\/\/www.facebook.com\/UniversitateaCopiilor\">Facebook UniCo<\/a> pentru a fi la curent cu ultimele activitati \u0219i pentru a <span style=\"color: #993366;\"><strong>NU RATA PERIOADA DE \u00ceNSCRIERE<\/strong><\/span> pentru acestea!<\/p>\n<p><iframe title=\"YouTube video player\" src=\"https:\/\/www.youtube.com\/embed\/QPP4FP-gAyU\" width=\"560\" height=\"315\" frameborder=\"0\" allowfullscreen=\"allowfullscreen\"><\/iframe><\/p>\n<p><strong>Misiuna noastr\u0103:<\/strong><\/p>\n<p>Asocia\u021bia \u201cUniversitatea Copiilor\u201d faciliteaz\u0103 copiilor cu v\u00e2rste cuprinse \u00eentre 7 \u015fi 14 ani descoperirea t\u0103r\u00e2murilor \u0219tiin\u0163ei \u015fi cunoa\u015fterii, apropierea de cercet\u0103torul pasionat, aflarea r\u0103spunsurilor la \u00eentreb\u0103ri legate de lumea care ne \u00eenconjoar\u0103 prin activit\u0103\u0163i c\u00e2t mai practice \u0219i interactive desf\u0103\u015furate \u00een laborator sau \u00een aer liber, prin vizite la muzee \u015fi excursii exploratorii sub \u00eendrumarea unor speciali\u015fti dedica\u0163i.<\/p>\n<p style=\"text-align: justify;\"><strong>Viziunea noastr\u0103:<\/strong><br \/>\nNe dorim s\u0103 contribuim \u00een mod activ la formarea unor genera\u0163ii de copii cu reale \u015fanse egale, con\u015ftien\u0163i de abilit\u0103\u0163ile \u015fi competen\u0163ele lor, dezinhiba\u0163i, responsabili \u015fi comunicativi. Ne dorim s\u0103 apropiem copiii de toate domeniile \u015ftiin\u0163ei \u015fi cercet\u0103rii \u015fi s\u0103-i sprijinim \u00een mod constant \u00een a-\u015fi descoperi pasiunea \u015fi determinarea pentru cunoa\u015ftere. Ne dorim s\u0103 construim o adev\u0103rat\u0103 echip\u0103 de viitori cercet\u0103tori pe care s\u0103-i promov\u0103m at\u00e2t la nivel na\u0163ional, \u00een cadrul unei re\u0163ele rom\u00e2ne\u015fti de Universit\u0103\u0163i ale Copiilor respectat\u0103 \u015fi sprijinit\u0103 de \u00eentreaga comunitate, c\u00e2t \u015fi la nivel european, \u00een cadrul re\u0163elei\u00a0<a href=\"https:\/\/eucu.net\/\">EUCUNet.<\/a><\/p>\n<p style=\"text-align: justify;\"><strong>Valorile UniCO<\/strong><\/p>\n<ul style=\"text-align: justify;\">\n<li><em><strong>Deschidere spre viitor<\/strong><\/em><\/li>\n<li><em><strong>Spirit creativ<\/strong><\/em><\/li>\n<li><em><strong>Dinamism \u015fi flexibilitate<\/strong><\/em><\/li>\n<li><em><strong>Responsabilitate<\/strong><\/em><\/li>\n<li><em><strong>Spirit de echip\u0103<\/strong><\/em><\/li>\n<\/ul>\n<p style=\"text-align: justify;\">Grupul \u021bint\u0103 \u020bl reprezint\u0103 copii cu v\u00e2rste cuprinse \u00eentre\u00a0<strong>7 \u015fi 14 ani<\/strong>, indiferent de mediul social din care provin.<br \/>\nMetodele utilizate sunt cele de educa\u0163ie informal\u0103 \u015fi non-formal\u0103, practice \u015fi interactive, precum discu\u0163ii libere, experien\u021be \u00een laborator, ateliere creative, excursii de observare, explorare \u0219i cercetare.<\/p>\n<h3 style=\"text-align: center;\">UNIVERSITATEA COPIILOR \u00ceNSEAMN\u0102 AC\u0162IUNE RESPONSABIL\u0102 FA\u0162\u0102 DE VIITORUL NOSTRU, AL TUTUROR!<\/h3>\n","protected":false},"excerpt":{"rendered":"<p>La\u00a0Universitatea Copiilor\u00a0po\u021bi, ca orice student cu acte \u00een regul\u0103, s\u0103 participi la cursuri \u00een s\u0103li mari sau la mici ateliere de grup \u0219i s\u0103 cuno\u0219ti &hellip; <\/p>\n","protected":false},"author":1,"featured_media":2370,"parent":2724,"menu_order":1,"comment_status":"closed","ping_status":"closed","template":"","meta":{"jetpack_post_was_ever_published":false,"footnotes":""},"class_list":["post-4","page","type-page","status-publish","has-post-thumbnail","hentry","latest_post"],"translation":{"provider":"WPGlobus","version":"3.0.2","language":"de","enabled_languages":["ro","en","de"],"languages":{"ro":{"title":true,"content":true,"excerpt":false},"en":{"title":true,"content":false,"excerpt":false},"de":{"title":true,"content":false,"excerpt":false}}},"jetpack_sharing_enabled":true,"_links":{"self":[{"href":"https:\/\/unico.org.ro\/de\/wp-json\/wp\/v2\/pages\/4","targetHints":{"allow":["GET"]}}],"collection":[{"href":"https:\/\/unico.org.ro\/de\/wp-json\/wp\/v2\/pages"}],"about":[{"href":"https:\/\/unico.org.ro\/de\/wp-json\/wp\/v2\/types\/page"}],"author":[{"embeddable":true,"href":"https:\/\/unico.org.ro\/de\/wp-json\/wp\/v2\/users\/1"}],"replies":[{"embeddable":true,"href":"https:\/\/unico.org.ro\/de\/wp-json\/wp\/v2\/comments?post=4"}],"version-history":[{"count":56,"href":"https:\/\/unico.org.ro\/de\/wp-json\/wp\/v2\/pages\/4\/revisions"}],"predecessor-version":[{"id":2555,"href":"https:\/\/unico.org.ro\/de\/wp-json\/wp\/v2\/pages\/4\/revisions\/2555"}],"up":[{"embeddable":true,"href":"https:\/\/unico.org.ro\/de\/wp-json\/wp\/v2\/pages\/2724"}],"wp:featuredmedia":[{"embeddable":true,"href":"https:\/\/unico.org.ro\/de\/wp-json\/wp\/v2\/media\/2370"}],"wp:attachment":[{"href":"https:\/\/unico.org.ro\/de\/wp-json\/wp\/v2\/media?parent=4"}],"curies":[{"name":"wp","href":"https:\/\/api.w.org\/{rel}","templated":true}]}}