{"id":3925,"date":"2024-03-04T18:44:23","date_gmt":"2024-03-04T16:44:23","guid":{"rendered":"https:\/\/unico.org.ro\/?page_id=3925"},"modified":"2024-05-24T09:50:15","modified_gmt":"2024-05-24T06:50:15","slug":"inscriere-profesori","status":"publish","type":"page","link":"https:\/\/unico.org.ro\/de\/inscriere-profesori\/","title":{"rendered":"Inscriere profesori"},"content":{"rendered":"\n<div class=\"wpcf7 no-js\" id=\"wpcf7-f3924-o1\" lang=\"ro-RO\" dir=\"ltr\" data-wpcf7-id=\"3924\">\n<div class=\"screen-reader-response\"><p role=\"status\" aria-live=\"polite\" aria-atomic=\"true\"><\/p> <ul><\/ul><\/div>\n<form action=\"\/de\/wp-json\/wp\/v2\/pages\/3925#wpcf7-f3924-o1\" method=\"post\" class=\"wpcf7-form init\" aria-label=\"Contact form\" novalidate=\"novalidate\" data-status=\"init\">\n<fieldset class=\"hidden-fields-container\"><input type=\"hidden\" name=\"_wpcf7\" value=\"3924\" \/><input type=\"hidden\" name=\"_wpcf7_version\" value=\"6.1.5\" \/><input type=\"hidden\" name=\"_wpcf7_locale\" value=\"ro_RO\" \/><input type=\"hidden\" name=\"_wpcf7_unit_tag\" value=\"wpcf7-f3924-o1\" \/><input type=\"hidden\" name=\"_wpcf7_container_post\" value=\"0\" \/><input type=\"hidden\" name=\"_wpcf7_posted_data_hash\" value=\"\" \/>\n<\/fieldset>\n<style>\n\/* Basic form styling *\/\n.form-wrapper {\n font-family: Arial, sans-serif;\n max-width: 600px;\n margin: 0 auto;\n padding: 20px;\n background-color: #f9f9f9;\n border-radius: 8px;\n}\n\nlabel {\n display: block;\n margin-top: 20px;\n margin-bottom: 5px;\n font-weight: bold;\nwidth: 100% !important;\n}\n\ninput[type=\"text\"], input[type=\"email\"], textarea, select {\n width: 100%;\n padding: 8px;\n margin-bottom: 20px;\n border: 1px solid #ccc;\n border-radius: 4px;\n}\n\ninput[type=\"submit\"] {\n background-color: #0056b3;\n color: white;\n padding: 10px 20px;\n border: none;\n border-radius: 4px;\n cursor: pointer;\n}\n\ninput[type=\"submit\"]:hover {\n background-color: #004494;\n}\n\n\/* Additional styles for checkboxes and radio buttons *\/\ninput[type=\"checkbox\"], input[type=\"radio\"] {\n margin-right: 5px;\n}\n\n\/* Style for the acceptance checkbox *\/\n.acceptance {\n margin-top: 20px;\n}\n\n\/* Responsive design adjustments *\/\n@media (max-width: 768px) {\n .form-wrapper {\n width: 90%;\n padding: 10px;\n }\n}\n<\/style>\n<div class=\"form-wrapper\">\n <!-- Your form HTML here -->\n <!-- Make sure to add 'class=\"form-control\"' to each input, textarea, and select element -->\n<\/div>\n<div>\n\t<p>UniCo Intensiv 2025 - Pasiune pentru Cunoa\u0219tere, Motor al Schimb\u0103rii!\n\t<\/p>\n\t<p>Stima\u021bi profesori ai Univerit\u0103\u021bii Copiilor, v\u0103 invit\u0103m cu drag, ca in fiecare an, s\u0103 v\u0103 \u00eenscrie\u021bi \u00een programul UniCo Intensiv ce va avea loc in perioada 23 iunie - 4 iulie 2025.<br \/>\nV\u0103 mul\u021bumim pentru d\u0103ruirea cu care, an de an, deshide\u021bi por\u021bile institu\u021biilor dumneavoastr\u0103 oferind micilor \"studen\u021bi\" oportunitatea de a se apropia de tainele \u0219tiin\u021bei!\n\t<\/p>\n<\/div>\n<div class=\"form-wrapper\">\n\t<p><label> Titulatura, numele \u0219i prenumele<br \/>\n<span class=\"wpcf7-form-control-wrap\" data-name=\"your-name\"><input size=\"40\" maxlength=\"400\" class=\"wpcf7-form-control wpcf7-text wpcf7-validates-as-required\" autocomplete=\"name\" aria-required=\"true\" aria-invalid=\"false\" value=\"\" type=\"text\" name=\"your-name\" \/><\/span> <\/label>\n\t<\/p>\n\t<p><label> Adresa de email<br \/>\n<span class=\"wpcf7-form-control-wrap\" data-name=\"your-email\"><input size=\"40\" maxlength=\"400\" class=\"wpcf7-form-control wpcf7-email wpcf7-validates-as-required wpcf7-text wpcf7-validates-as-email\" autocomplete=\"email\" aria-required=\"true\" aria-invalid=\"false\" value=\"\" type=\"email\" name=\"your-email\" \/><\/span> <\/label>\n\t<\/p>\n\t<p><label> Telefon mobil<br \/>\n<span class=\"wpcf7-form-control-wrap\" data-name=\"your-phone\"><input size=\"40\" maxlength=\"400\" class=\"wpcf7-form-control wpcf7-text wpcf7-validates-as-required\" aria-required=\"true\" aria-invalid=\"false\" value=\"\" type=\"text\" name=\"your-phone\" \/><\/span> <\/label>\n\t<\/p>\n\t<p><label> Universitatea la care predati<br \/>\n<span class=\"wpcf7-form-control-wrap\" data-name=\"your-university\"><span class=\"wpcf7-form-control wpcf7-radio\"><span class=\"wpcf7-list-item first\"><label><span class=\"wpcf7-list-item-label\">Universitatea din Bucure\u0219ti<\/span><input type=\"radio\" name=\"your-university\" value=\"Universitatea din Bucure\u0219ti\" \/><\/label><\/span><span class=\"wpcf7-list-item\"><label><span class=\"wpcf7-list-item-label\">Universitatea de \u0218tiin\u021be Agronomice \u0219i Medicin\u0103 Veterinar\u0103<\/span><input type=\"radio\" name=\"your-university\" value=\"Universitatea de \u0218tiin\u021be Agronomice \u0219i Medicin\u0103 Veterinar\u0103\" \/><\/label><\/span><span class=\"wpcf7-list-item\"><label><span class=\"wpcf7-list-item-label\">Universitatea Na\u021bionala de \u0218tiin\u021b\u0103 \u0219i Tehnologie &#039;Politehnica&#039;<\/span><input type=\"radio\" name=\"your-university\" value=\"Universitatea Na\u021bionala de \u0218tiin\u021b\u0103 \u0219i Tehnologie &#039;Politehnica&#039;\" \/><\/label><\/span><span class=\"wpcf7-list-item last has-free-text\"><label><span class=\"wpcf7-list-item-label\">Alta<\/span><input type=\"radio\" name=\"your-university\" value=\"Alta\" \/><\/label> <input type=\"text\" name=\"_wpcf7_free_text_your-university\" class=\"wpcf7-free-text\" \/><\/span><\/span><\/span> <\/label><br \/>\n<label> Facultatea la care preda\u021bi:<br \/>\n<span class=\"wpcf7-form-control-wrap\" data-name=\"your-faculty\"><input size=\"40\" maxlength=\"400\" class=\"wpcf7-form-control wpcf7-text wpcf7-validates-as-required\" aria-required=\"true\" aria-invalid=\"false\" value=\"\" type=\"text\" name=\"your-faculty\" \/><\/span> <\/label>\n\t<\/p>\n<hr \/>\n\t<p>*Recomand\u0103m, pe cat posibil, alegerea unei teme de atelier ce prevede activit\u0103\u021bi practice, cu posibilitatea de desf\u0103\u0219urare in laboratoare.<br \/>\n*De asemenea, suger\u0103m ca num\u0103rul de participan\u021bi s\u0103 fie de maxim 10-15\/atelier pentru a da posibilitatea studen\u021bilor UniCo (copiilor) s\u0103 lucreze efectiv.\n\t<\/p>\n\t<p><label> Loca\u021bia desf\u0103\u0219ur\u0103rii atelierului (numele laboratorului, amfiteatrului, etc)<br \/>\n<span class=\"wpcf7-form-control-wrap\" data-name=\"curs-locatie\"><input size=\"40\" maxlength=\"400\" class=\"wpcf7-form-control wpcf7-text\" aria-invalid=\"false\" value=\"\" type=\"text\" name=\"curs-locatie\" \/><\/span> <\/label><br \/>\n<label> Titlul temei alese:<br \/>\n<span class=\"wpcf7-form-control-wrap\" data-name=\"curs-titlu\"><input size=\"40\" maxlength=\"400\" class=\"wpcf7-form-control wpcf7-text wpcf7-validates-as-required\" aria-required=\"true\" aria-invalid=\"false\" value=\"\" type=\"text\" name=\"curs-titlu\" \/><\/span> <\/label><br \/>\n<label> Descrierea temei alese (rezumat):<br \/>\n<span class=\"wpcf7-form-control-wrap\" data-name=\"curs-rezumat\"><textarea cols=\"40\" rows=\"10\" maxlength=\"2000\" class=\"wpcf7-form-control wpcf7-textarea\" aria-invalid=\"false\" name=\"curs-rezumat\"><\/textarea><\/span> <\/label><br \/>\n<label><br \/>\nZiua cand dori\u021bi s\u0103 sus\u021bine\u021bi atelierul:<br \/>\n<span class=\"wpcf7-form-control-wrap\" data-name=\"curs-zile\"><span class=\"wpcf7-form-control wpcf7-radio\"><span class=\"wpcf7-list-item first\"><label><span class=\"wpcf7-list-item-label\">Marti - 24 iunie<\/span><input type=\"radio\" name=\"curs-zile\" value=\"Marti - 24 iunie\" \/><\/label><\/span><span class=\"wpcf7-list-item\"><label><span class=\"wpcf7-list-item-label\">Miercuri - 25 iunie<\/span><input type=\"radio\" name=\"curs-zile\" value=\"Miercuri - 25 iunie\" \/><\/label><\/span><span class=\"wpcf7-list-item\"><label><span class=\"wpcf7-list-item-label\">Joi - 26 iunie<\/span><input type=\"radio\" name=\"curs-zile\" value=\"Joi - 26 iunie\" \/><\/label><\/span><span class=\"wpcf7-list-item\"><label><span class=\"wpcf7-list-item-label\">Vineri - 27 iunie<\/span><input type=\"radio\" name=\"curs-zile\" value=\"Vineri - 27 iunie\" \/><\/label><\/span><span class=\"wpcf7-list-item\"><label><span class=\"wpcf7-list-item-label\">Sambata - 28 iunie<\/span><input type=\"radio\" name=\"curs-zile\" value=\"Sambata - 28 iunie\" \/><\/label><\/span><span class=\"wpcf7-list-item\"><label><span class=\"wpcf7-list-item-label\">Duminica - 29 iunie<\/span><input type=\"radio\" name=\"curs-zile\" value=\"Duminica - 29 iunie\" \/><\/label><\/span><span class=\"wpcf7-list-item\"><label><span class=\"wpcf7-list-item-label\">Luni - 30 iunie<\/span><input type=\"radio\" name=\"curs-zile\" value=\"Luni - 30 iunie\" \/><\/label><\/span><span class=\"wpcf7-list-item\"><label><span class=\"wpcf7-list-item-label\">Marti - 1 iulie<\/span><input type=\"radio\" name=\"curs-zile\" value=\"Marti - 1 iulie\" \/><\/label><\/span><span class=\"wpcf7-list-item\"><label><span class=\"wpcf7-list-item-label\">Miercuri - 2 iulie<\/span><input type=\"radio\" name=\"curs-zile\" value=\"Miercuri - 2 iulie\" \/><\/label><\/span><span class=\"wpcf7-list-item last\"><label><span class=\"wpcf7-list-item-label\">Joi - 3 iulie<\/span><input type=\"radio\" name=\"curs-zile\" value=\"Joi - 3 iulie\" \/><\/label><\/span><\/span><\/span><br \/>\n<\/label><br \/>\n<label>Ora la care dori\u021bi s\u0103 sus\u021bine\u021bi atelierul<br \/>\n<span class=\"wpcf7-form-control-wrap\" data-name=\"curs-ora\"><input size=\"40\" maxlength=\"400\" class=\"wpcf7-form-control wpcf7-text wpcf7-validates-as-required\" aria-required=\"true\" aria-invalid=\"false\" value=\"\" type=\"text\" name=\"curs-ora\" \/><\/span> <\/label>\n\t<\/p>\n\t<p><label> Durata atelierului<br \/>\n<span class=\"wpcf7-form-control-wrap\" data-name=\"curs-ora_durata\"><select class=\"wpcf7-form-control wpcf7-select wpcf7-validates-as-required\" aria-required=\"true\" aria-invalid=\"false\" name=\"curs-ora_durata\"><option value=\"2h\">2h<\/option><option value=\"3h\">3h<\/option><option value=\"4h\">4h<\/option><option value=\"toata ziua\">toata ziua<\/option><\/select><\/span><br \/>\n<\/label>\n\t<\/p>\n\t<p><label><br \/>\nNivelul participan\u021bilor:<br \/>\n<span class=\"wpcf7-form-control-wrap\" data-name=\"curs-nivel_participanti\"><span class=\"wpcf7-form-control wpcf7-checkbox wpcf7-validates-as-required\"><span class=\"wpcf7-list-item first\"><label><input type=\"checkbox\" name=\"curs-nivel_participanti[]\" value=\"Clasele I - IV\" \/><span class=\"wpcf7-list-item-label\">Clasele I - IV<\/span><\/label><\/span><span class=\"wpcf7-list-item\"><label><input type=\"checkbox\" name=\"curs-nivel_participanti[]\" value=\"Clasele V - VIII\" \/><span class=\"wpcf7-list-item-label\">Clasele V - VIII<\/span><\/label><\/span><span class=\"wpcf7-list-item last\"><label><input type=\"checkbox\" name=\"curs-nivel_participanti[]\" value=\"TOATE CLASELE\" \/><span class=\"wpcf7-list-item-label\">TOATE CLASELE<\/span><\/label><\/span><\/span><\/span><br \/>\n<\/label>\n\t<\/p>\n\t<p><label><br \/>\nNumar de copii la atelier:<br \/>\n<span class=\"wpcf7-form-control-wrap\" data-name=\"curs-numar_copii\"><input size=\"40\" maxlength=\"400\" class=\"wpcf7-form-control wpcf7-text wpcf7-validates-as-required\" aria-required=\"true\" aria-invalid=\"false\" value=\"\" type=\"text\" name=\"curs-numar_copii\" \/><\/span><br \/>\n<\/label>\n\t<\/p>\n\t<p><label><br \/>\nMateriale necesare:<br \/>\n<span class=\"wpcf7-form-control-wrap\" data-name=\"curs-materiale_necesare\"><textarea cols=\"40\" rows=\"10\" maxlength=\"2000\" class=\"wpcf7-form-control wpcf7-textarea\" aria-invalid=\"false\" name=\"curs-materiale_necesare\"><\/textarea><\/span><br \/>\n<\/label>\n\t<\/p>\n\t<p><label> Alte comentarii (op\u021bional)<br \/>\n<span class=\"wpcf7-form-control-wrap\" data-name=\"your-comentarii\"><textarea cols=\"40\" rows=\"10\" maxlength=\"2000\" class=\"wpcf7-form-control wpcf7-textarea\" aria-invalid=\"false\" name=\"your-comentarii\"><\/textarea><\/span> <\/label>\n\t<\/p>\n\t<p><label>Sunt de acord ca datele furnizate de mine s\u0103 fie prelucrate\/procesate de Asocia\u021bia Universitatea Copiilor \u0219i s\u0103 fiu informat\/\u0103 referitor la activit\u0103\u021bile \u0219i atelierele ce se organizeaz\u0103 \u00een cadrul sau \u00een parteneriat cu organiza\u021bia.<br \/>\n<span class=\"wpcf7-form-control-wrap\" data-name=\"acceptance-998\"><span class=\"wpcf7-form-control wpcf7-acceptance\"><span class=\"wpcf7-list-item\"><input type=\"checkbox\" name=\"acceptance-998\" value=\"1\" aria-invalid=\"false\" \/><\/span><\/span><\/span><br \/>\n<\/label>\n\t<\/p>\n\t<p><input class=\"wpcf7-form-control wpcf7-submit has-spinner\" type=\"submit\" value=\"Trimite\" \/>\n\t<\/p>\n\t<p>Acest formular folose\u0219te Akismet ca s\u0103 reduc\u0103 spamul. <a target=\"_blank\" rel=\"nofollow noopener\" href=\"https:\/\/akismet.com\/privacy\/\">Afl\u0103 cum sunt procesate datele tale.<\/a>\n\t<\/p>\n<\/div><p style=\"display: none !important;\" class=\"akismet-fields-container\" data-prefix=\"_wpcf7_ak_\"><label>&#916;<textarea name=\"_wpcf7_ak_hp_textarea\" cols=\"45\" rows=\"8\" maxlength=\"100\"><\/textarea><\/label><input type=\"hidden\" id=\"ak_js_1\" name=\"_wpcf7_ak_js\" value=\"94\"\/><script type=\"text\/javascript\">\n\/* <![CDATA[ *\/\ndocument.getElementById( \"ak_js_1\" ).setAttribute( \"value\", ( new Date() ).getTime() );\n\/* ]]> *\/\n<\/script>\n<\/p><div class=\"wpcf7-response-output\" aria-hidden=\"true\"><\/div>\n<\/form>\n<\/div>\n\n","protected":false},"excerpt":{"rendered":"","protected":false},"author":1,"featured_media":0,"parent":0,"menu_order":0,"comment_status":"closed","ping_status":"closed","template":"","meta":{"footnotes":""},"class_list":["post-3925","page","type-page","status-publish","hentry","latest_post"],"translation":{"provider":"WPGlobus","version":"3.0.2","language":"de","enabled_languages":["ro","en","de"],"languages":{"ro":{"title":true,"content":true,"excerpt":false},"en":{"title":false,"content":false,"excerpt":false},"de":{"title":false,"content":false,"excerpt":false}}},"jetpack_sharing_enabled":true,"_links":{"self":[{"href":"https:\/\/unico.org.ro\/de\/wp-json\/wp\/v2\/pages\/3925","targetHints":{"allow":["GET"]}}],"collection":[{"href":"https:\/\/unico.org.ro\/de\/wp-json\/wp\/v2\/pages"}],"about":[{"href":"https:\/\/unico.org.ro\/de\/wp-json\/wp\/v2\/types\/page"}],"author":[{"embeddable":true,"href":"https:\/\/unico.org.ro\/de\/wp-json\/wp\/v2\/users\/1"}],"replies":[{"embeddable":true,"href":"https:\/\/unico.org.ro\/de\/wp-json\/wp\/v2\/comments?post=3925"}],"version-history":[{"count":4,"href":"https:\/\/unico.org.ro\/de\/wp-json\/wp\/v2\/pages\/3925\/revisions"}],"predecessor-version":[{"id":4083,"href":"https:\/\/unico.org.ro\/de\/wp-json\/wp\/v2\/pages\/3925\/revisions\/4083"}],"wp:attachment":[{"href":"https:\/\/unico.org.ro\/de\/wp-json\/wp\/v2\/media?parent=3925"}],"curies":[{"name":"wp","href":"https:\/\/api.w.org\/{rel}","templated":true}]}}