{"id":3683,"date":"2023-06-03T20:45:03","date_gmt":"2023-06-03T17:45:03","guid":{"rendered":"https:\/\/unico.org.ro\/?page_id=3683"},"modified":"2023-06-03T20:45:03","modified_gmt":"2023-06-03T17:45:03","slug":"un-ghid-al-scolii-deschise","status":"publish","type":"page","link":"https:\/\/unico.org.ro\/de\/un-ghid-al-scolii-deschise\/","title":{"rendered":"Un ghid al \u201d\u0218colii Deschise\u201d"},"content":{"rendered":"<p>Universitatea Copiilor a avut onoarea s\u0103 coordoneze realizarea\u00a0 \u201dC\u0103r\u021bii albe PHERECLOS\u201d\u00a0 menite s\u0103 rezume abordarea, punerea \u00een aplicare \u0219i rezultatele din cadrul proiectului interna\u021bional PHERECLOS \u0219i s\u0103 condenseze \u00eenv\u0103\u021b\u0103mintele care au derivat din efort comun al institu\u021biilor partenere. Pute\u021bi citi in cele ce urmeaz\u0103 aceast\u0103 lucrare deosebit\u0103.<\/p>\n<p><iframe style=\"border: 0;\" src=\"https:\/\/www.phereclos.eu\/wp-content\/uploads\/2020\/10\/PHERECLOS-WHITE-BOOK.pdf\" width=\"100%\" height=\"790px\" frameborder=\"0\"><\/iframe><\/p>\n","protected":false},"excerpt":{"rendered":"<p>Universitatea Copiilor a avut onoarea s\u0103 coordoneze realizarea\u00a0 \u201dC\u0103r\u021bii albe PHERECLOS\u201d\u00a0 menite s\u0103 rezume abordarea, punerea \u00een aplicare \u0219i rezultatele din cadrul proiectului interna\u021bional PHERECLOS &hellip; <\/p>\n","protected":false},"author":1,"featured_media":0,"parent":0,"menu_order":0,"comment_status":"closed","ping_status":"closed","template":"","meta":{"jetpack_post_was_ever_published":false,"footnotes":""},"class_list":["post-3683","page","type-page","status-publish","hentry","latest_post"],"translation":{"provider":"WPGlobus","version":"3.0.2","language":"de","enabled_languages":["ro","en","de"],"languages":{"ro":{"title":true,"content":true,"excerpt":false},"en":{"title":false,"content":false,"excerpt":false},"de":{"title":false,"content":false,"excerpt":false}}},"jetpack_sharing_enabled":true,"_links":{"self":[{"href":"https:\/\/unico.org.ro\/de\/wp-json\/wp\/v2\/pages\/3683","targetHints":{"allow":["GET"]}}],"collection":[{"href":"https:\/\/unico.org.ro\/de\/wp-json\/wp\/v2\/pages"}],"about":[{"href":"https:\/\/unico.org.ro\/de\/wp-json\/wp\/v2\/types\/page"}],"author":[{"embeddable":true,"href":"https:\/\/unico.org.ro\/de\/wp-json\/wp\/v2\/users\/1"}],"replies":[{"embeddable":true,"href":"https:\/\/unico.org.ro\/de\/wp-json\/wp\/v2\/comments?post=3683"}],"version-history":[{"count":8,"href":"https:\/\/unico.org.ro\/de\/wp-json\/wp\/v2\/pages\/3683\/revisions"}],"predecessor-version":[{"id":3691,"href":"https:\/\/unico.org.ro\/de\/wp-json\/wp\/v2\/pages\/3683\/revisions\/3691"}],"wp:attachment":[{"href":"https:\/\/unico.org.ro\/de\/wp-json\/wp\/v2\/media?parent=3683"}],"curies":[{"name":"wp","href":"https:\/\/api.w.org\/{rel}","templated":true}]}}