{"id":3668,"date":"2023-06-03T11:07:43","date_gmt":"2023-06-03T08:07:43","guid":{"rendered":"https:\/\/unico.org.ro\/?page_id=3668"},"modified":"2023-06-03T11:56:11","modified_gmt":"2023-06-03T08:56:11","slug":"conferinta-pherclos","status":"publish","type":"page","link":"https:\/\/unico.org.ro\/de\/conferinta-pherclos\/","title":{"rendered":"Conferin\u021ba PHERCLOS"},"content":{"rendered":"<p>Conferin\u021ba &#8220;Lay of the Land&#8221; organizat\u0103 de Universitatea Copiilor ca membru al consor\u021biului interna\u021bional PHERECLOS a oferit un forum pentru a explora, discuta \u0219i \u00eemp\u0103rt\u0103\u0219i conceptul de \u2019\u2019\u0218coal\u0103 deschis\u0103\u201d care este un mod de func\u021bionare al unei \u0219coli prin reflectarea ideilor, subiectelor \u0219i provoc\u0103rilor externe \u0219i \u00eencorporarea acestora \u00een abord\u0103rile lor didactice \u0219i \u00een via\u021ba \u0219colar\u0103 de zi cu zi.<br \/>\n\u00cen schimb, creativitatea \u0219i poten\u021bialul elevilor \u0219i al profesorilor sunt identificate \u0219i devin disponibile pentru comunitatea din jurul lor. Conferin\u021ba a deschis discursul despre &#8220;\u0218coala Deschis\u0103\u201d, rela\u021bia dintre conceptele de Capital \u0218tiin\u021bific \u0219i Educa\u021bia Deschis\u0103 \u0219i experien\u021ba teoretic\u0103 \u0219i practic\u0103 din programele pilot \u0219i studiile de caz din cadrul proiectului PHERECLOS \u0219i ale Universit\u0103\u021bii Copiilor.<br \/>\nDintre oaspe\u021bii interna\u021bionali ai conferin\u021bei \u00eei amintim pe Dr. Karoline Iber \u2013 Pre\u0219edinte al Re\u021belei Europene de Universit\u0103\u021bi ale Copiilor \u2013 EUCU.NET, Dr. Peter Gray &#8211; Consilier de proiecte europene pentru Departamentul de formare a cadrelor didactice (ILU), Universitatea Norvegian\u0103 de \u0218tiin\u021b\u0103 \u0219i Tehnologie (NTNU) precum \u0219i alte personalit\u0103\u021bi interna\u021bionale din domeniul educa\u021biei.<\/p>\n<p>Totodat\u0103 suntem foarte m\u00e2ndri de faptul c\u0103 domnul Ministrul al Educa\u021biei, Prof. Univ. Dr. Sorin Mihai C\u00eempeanu ne-a fost al\u0103turi prin reprezentantul domnie sale, domnul Consilier Radu Sz\u00e9kely, al\u0103turi de de domnul primar al Sectorului 6 al Municipiului Bucure\u0219ti, domnul Ciprian Ciucu \u0219i de gazda noatr\u0103, domnul Proector al Universit\u0103\u021bii de \u0218tiin\u021be Agronomice \u0219i Medicin\u0103 Veterinar\u0103, Prof. Univ. Dr. Florin St\u0103nic\u0103.<\/p>\n<p>Cei interesa\u021bi de aceste concepte noi \u00een educa\u021bie pot urm\u0103ri mai multe informa\u021bii in continuare :<\/p>\n<p><iframe style=\"border: 0;\" src=\"https:\/\/www.phereclos.eu\/final-conference\/\" width=\"100%\" height=\"790px\" frameborder=\"0\"><\/iframe><\/p>\n","protected":false},"excerpt":{"rendered":"<p>Conferin\u021ba &#8220;Lay of the Land&#8221; organizat\u0103 de Universitatea Copiilor ca membru al consor\u021biului interna\u021bional PHERECLOS a oferit un forum pentru a explora, discuta \u0219i \u00eemp\u0103rt\u0103\u0219i &hellip; <\/p>\n","protected":false},"author":1,"featured_media":0,"parent":0,"menu_order":0,"comment_status":"closed","ping_status":"closed","template":"","meta":{"jetpack_post_was_ever_published":false,"footnotes":""},"class_list":["post-3668","page","type-page","status-publish","hentry","latest_post"],"translation":{"provider":"WPGlobus","version":"3.0.2","language":"de","enabled_languages":["ro","en","de"],"languages":{"ro":{"title":true,"content":true,"excerpt":false},"en":{"title":false,"content":false,"excerpt":false},"de":{"title":false,"content":false,"excerpt":false}}},"jetpack_sharing_enabled":true,"_links":{"self":[{"href":"https:\/\/unico.org.ro\/de\/wp-json\/wp\/v2\/pages\/3668","targetHints":{"allow":["GET"]}}],"collection":[{"href":"https:\/\/unico.org.ro\/de\/wp-json\/wp\/v2\/pages"}],"about":[{"href":"https:\/\/unico.org.ro\/de\/wp-json\/wp\/v2\/types\/page"}],"author":[{"embeddable":true,"href":"https:\/\/unico.org.ro\/de\/wp-json\/wp\/v2\/users\/1"}],"replies":[{"embeddable":true,"href":"https:\/\/unico.org.ro\/de\/wp-json\/wp\/v2\/comments?post=3668"}],"version-history":[{"count":8,"href":"https:\/\/unico.org.ro\/de\/wp-json\/wp\/v2\/pages\/3668\/revisions"}],"predecessor-version":[{"id":3671,"href":"https:\/\/unico.org.ro\/de\/wp-json\/wp\/v2\/pages\/3668\/revisions\/3671"}],"wp:attachment":[{"href":"https:\/\/unico.org.ro\/de\/wp-json\/wp\/v2\/media?parent=3668"}],"curies":[{"name":"wp","href":"https:\/\/api.w.org\/{rel}","templated":true}]}}