{"id":3480,"date":"2022-08-12T23:21:02","date_gmt":"2022-08-12T20:21:02","guid":{"rendered":"https:\/\/unico.org.ro\/?page_id=3480"},"modified":"2022-08-12T23:55:39","modified_gmt":"2022-08-12T20:55:39","slug":"aplicatie-petrosani-2022","status":"publish","type":"page","link":"https:\/\/unico.org.ro\/de\/aplicatie-petrosani-2022\/","title":{"rendered":"Aplica\u021bie Valea Jiului &#8211; Petro\u0219ani 2022"},"content":{"rendered":"<p><img data-recalc-dims=\"1\" fetchpriority=\"high\" decoding=\"async\" data-attachment-id=\"3481\" data-permalink=\"https:\/\/unico.org.ro\/de\/aplicatie-petrosani-2022\/postare-aplicatie-petrosani\/\" data-orig-file=\"https:\/\/i0.wp.com\/unico.org.ro\/wp-content\/uploads\/2022\/08\/Postare-Aplicatie-Petrosani.png?fit=1080%2C1080&amp;ssl=1\" data-orig-size=\"1080,1080\" data-comments-opened=\"0\" data-image-meta=\"{&quot;aperture&quot;:&quot;0&quot;,&quot;credit&quot;:&quot;&quot;,&quot;camera&quot;:&quot;&quot;,&quot;caption&quot;:&quot;&quot;,&quot;created_timestamp&quot;:&quot;0&quot;,&quot;copyright&quot;:&quot;&quot;,&quot;focal_length&quot;:&quot;0&quot;,&quot;iso&quot;:&quot;0&quot;,&quot;shutter_speed&quot;:&quot;0&quot;,&quot;title&quot;:&quot;&quot;,&quot;orientation&quot;:&quot;0&quot;}\" data-image-title=\"Postare Aplicatie Petrosani\" data-image-description=\"\" data-image-caption=\"\" data-large-file=\"https:\/\/i0.wp.com\/unico.org.ro\/wp-content\/uploads\/2022\/08\/Postare-Aplicatie-Petrosani.png?fit=840%2C840&amp;ssl=1\" class=\" wp-image-3481 alignleft\" src=\"https:\/\/i0.wp.com\/unico.org.ro\/wp-content\/uploads\/2022\/08\/Postare-Aplicatie-Petrosani.png?resize=504%2C504&#038;ssl=1\" alt=\"\" width=\"504\" height=\"504\" srcset=\"https:\/\/i0.wp.com\/unico.org.ro\/wp-content\/uploads\/2022\/08\/Postare-Aplicatie-Petrosani.png?resize=300%2C300&amp;ssl=1 300w, https:\/\/i0.wp.com\/unico.org.ro\/wp-content\/uploads\/2022\/08\/Postare-Aplicatie-Petrosani.png?resize=1024%2C1024&amp;ssl=1 1024w, https:\/\/i0.wp.com\/unico.org.ro\/wp-content\/uploads\/2022\/08\/Postare-Aplicatie-Petrosani.png?resize=150%2C150&amp;ssl=1 150w, https:\/\/i0.wp.com\/unico.org.ro\/wp-content\/uploads\/2022\/08\/Postare-Aplicatie-Petrosani.png?resize=768%2C768&amp;ssl=1 768w, https:\/\/i0.wp.com\/unico.org.ro\/wp-content\/uploads\/2022\/08\/Postare-Aplicatie-Petrosani.png?resize=60%2C60&amp;ssl=1 60w, https:\/\/i0.wp.com\/unico.org.ro\/wp-content\/uploads\/2022\/08\/Postare-Aplicatie-Petrosani.png?w=1080&amp;ssl=1 1080w\" sizes=\"(max-width: 504px) 100vw, 504px\" \/>Dragi studen\u021bi UniCo,<br \/>\na\u0219a cum v-am promis , aventurile se continu\u0103 la Universitatatea Copiilor cu<br \/>\nPROGRAMUL UNICO APLICA\u021aII 2022.<br \/>\nV\u0103 invit\u0103m astfel s\u0103 aplic\u0103m \u00eempreun\u0103 o parte din cuno\u0219tin\u021bele dobandite anul acesta printr-o serie de activit\u0103\u021bi practice desoebite, menite s\u0103 v\u0103 dezvolte \u0219i mai multe competen\u021be precum s\u0103 v\u0103 aduc\u0103 \u0219i amintiri de neuitat!<br \/>\nGr\u0103bi\u021bi-v\u0103 s\u0103 prinde\u021bi ultimele locuri!<\/p>\n<p>Informatii \u0219i \u00eenscrieri: Doina L\u0103c\u0103tu\u0219<br \/>\nDirector PR<br \/>\nAsocia\u021bia Universitatea Copiilor<br \/>\n0740131114<br \/>\noffice@unico.org.ro<\/p>\n<blockquote class=\"wp-embedded-content\" data-secret=\"VBSkobuoUT\"><p><a href=\"https:\/\/unico.org.ro\/\">Nout\u0103\u021bi<\/a><\/p><\/blockquote>\n<p><iframe class=\"wp-embedded-content\" sandbox=\"allow-scripts\" security=\"restricted\" style=\"position: absolute; clip: rect(1px, 1px, 1px, 1px);\" title=\"&#8220;Nout\u0103\u021bi&#8221; &#8212; Universitatea Copiilor\" src=\"https:\/\/unico.org.ro\/embed\/#?secret=ppw8AIfqM6#?secret=VBSkobuoUT\" data-secret=\"VBSkobuoUT\" width=\"600\" height=\"338\" frameborder=\"0\" marginwidth=\"0\" marginheight=\"0\" scrolling=\"no\"><\/iframe><br \/>\nBucure\u0219ti, Rom\u00e2nia<\/p>\n<p><strong>PROGRAMUL UNICO APLICA\u021aII : Zona Valea Jiului &#8211; \u00a0PETRO\u0218ANI <\/strong><strong>&#8211; 21-25 august 2022<\/strong><\/p>\n<ol>\n<li><strong style=\"color: var(--font-color); font-family: var(--primary-font);\">Vizitarea ansamblului monumental &#8211; Constantin Br\u00e2ncu\u0219i &#8211; T\u00e2rgu Jiu<\/strong><\/li>\n<li><strong>Atelier de geologie \u0219i vizitarea colec\u021biei de flori de min\u0103 &#8211; Universitatea din Petro\u0219ani<\/strong><\/li>\n<li><strong>Activitati practice la Casa dinozaurilor pitici, Casa vulcanilor, Geoparcul din\u021aara Ha\u021begului, <\/strong><strong>Rezerva\u021bia de zimbri din p\u0103durea Slivu\u021b<\/strong><\/li>\n<li><strong>Cercet\u0103ri pe teren la Pe\u0219ta Bolii \u0219i Lacul Oa\u0219a.<\/strong><\/li>\n<\/ol>\n<p><span style=\"color: #008000;\">Activit\u0103\u021bi zilnice : <\/span><span style=\"color: #008000;\">Exerci\u021bii de comunicare \u0219i dezbateri, <\/span><span style=\"color: #008000; font-family: var(--primary-font);\">Clubul micului reporter de teren<\/span><\/p>\n<p><span style=\"color: #008000;\">Activitati geografice:\u00a0<\/span><br \/>\n<span style=\"color: #008000;\">Identificarea formelor de relief specifice zonei<\/span><br \/>\n<span style=\"color: #008000;\">\u201cPlantele din jurul nostru\u201d &#8211; observatii referitoare la biodiversitatea zonei, identifiacarea diferitelor specii cu softuri speciale, observatii asupra vegeta\u021biei forestiere, ierboase \u0219i a solului \u00een care se dezvolt\u0103; <\/span><\/p>\n<p><span style=\"color: #008000;\">Observa\u021bii directe cu ajutorul trusei exploratorulului pentru studiul mineralelor \u0219i rocilor, al plantelor \u0219i al micilor viet\u0103\u021bi. Cercetarile vor fi\u00a0imortalizate prin fotografii \u0219i chiar \u00eentr-un ierbar.<\/span><\/p>\n<p><span style=\"color: #008000;\">Activit\u0103\u021bi recreative\u00a0:<\/span><br \/>\n<span style=\"color: #008000;\">Jocuri\u00a0\u00a0\u00een aer liber care dezvolt\u0103 spiritul de echip\u0103, aptitudinile copiilor de cooperare, coordonare, pun \u00een eviden\u021b\u0103 aten\u021bia acestora.<\/span><br \/>\n<span style=\"color: #008000;\">Fotografii ale locurilor vizitate pentru un album fotografic UNICO .<\/span><\/p>\n","protected":false},"excerpt":{"rendered":"<p>Dragi studen\u021bi UniCo, a\u0219a cum v-am promis , aventurile se continu\u0103 la Universitatatea Copiilor cu PROGRAMUL UNICO APLICA\u021aII 2022. V\u0103 invit\u0103m astfel s\u0103 aplic\u0103m \u00eempreun\u0103 &hellip; <\/p>\n","protected":false},"author":1,"featured_media":0,"parent":0,"menu_order":0,"comment_status":"closed","ping_status":"closed","template":"","meta":{"jetpack_post_was_ever_published":false,"footnotes":""},"class_list":["post-3480","page","type-page","status-publish","hentry","latest_post"],"translation":{"provider":"WPGlobus","version":"3.0.2","language":"de","enabled_languages":["ro","en","de"],"languages":{"ro":{"title":true,"content":true,"excerpt":false},"en":{"title":false,"content":false,"excerpt":false},"de":{"title":false,"content":false,"excerpt":false}}},"jetpack_sharing_enabled":true,"_links":{"self":[{"href":"https:\/\/unico.org.ro\/de\/wp-json\/wp\/v2\/pages\/3480","targetHints":{"allow":["GET"]}}],"collection":[{"href":"https:\/\/unico.org.ro\/de\/wp-json\/wp\/v2\/pages"}],"about":[{"href":"https:\/\/unico.org.ro\/de\/wp-json\/wp\/v2\/types\/page"}],"author":[{"embeddable":true,"href":"https:\/\/unico.org.ro\/de\/wp-json\/wp\/v2\/users\/1"}],"replies":[{"embeddable":true,"href":"https:\/\/unico.org.ro\/de\/wp-json\/wp\/v2\/comments?post=3480"}],"version-history":[{"count":4,"href":"https:\/\/unico.org.ro\/de\/wp-json\/wp\/v2\/pages\/3480\/revisions"}],"predecessor-version":[{"id":3483,"href":"https:\/\/unico.org.ro\/de\/wp-json\/wp\/v2\/pages\/3480\/revisions\/3483"}],"wp:attachment":[{"href":"https:\/\/unico.org.ro\/de\/wp-json\/wp\/v2\/media?parent=3480"}],"curies":[{"name":"wp","href":"https:\/\/api.w.org\/{rel}","templated":true}]}}