{"id":3352,"date":"2022-05-15T18:20:34","date_gmt":"2022-05-15T15:20:34","guid":{"rendered":"https:\/\/unico.org.ro\/?page_id=3352"},"modified":"2022-05-15T19:00:13","modified_gmt":"2022-05-15T16:00:13","slug":"centrul-de-resurse","status":"publish","type":"page","link":"https:\/\/unico.org.ro\/de\/centrul-de-resurse\/","title":{"rendered":"Centrul de Resurse"},"content":{"rendered":"<p>Centrul nostru de Resurse pentru Educa\u021bie \u0219i Dezvoltare conecteaz\u0103 tinerii \u0219i profesorii cu speciali\u0219ti din domenii diverse din dorin\u021ba de a crea o noua dimensiune a educa\u021biei de calitate, a bunelor practici existente \u00een educa\u021bia \u0219i formarea profesional\u0103 din Romania, devenind astfel o parte activa a societ\u0103\u021bii civile \u0219i un partener competent in proiectele \u0219i programe na\u021bionale \u0219i interna\u021bionale implementate \u00eempreun\u0103 cu \u0219coli \u0219i institu\u021bii educa\u021bionale de prestigiu din Rom\u00e2nia \u0219i din \u00eentreaga lume. Totodat\u0103 acest centru ofer\u0103 posibilit\u0103\u021bi variate de formare profesional\u0103 at\u00e2t prin proiectele \u0219i programele sale c\u00e2t \u0219i prin competi\u021bii menite sa puna in valoare competen\u021bele multilaterale dezvoltate de tinerii participan\u021bi.<\/p>\n","protected":false},"excerpt":{"rendered":"<p>Centrul nostru de Resurse pentru Educa\u021bie \u0219i Dezvoltare conecteaz\u0103 tinerii \u0219i profesorii cu speciali\u0219ti din domenii diverse din dorin\u021ba de a crea o noua dimensiune &hellip; <\/p>\n","protected":false},"author":1,"featured_media":0,"parent":0,"menu_order":0,"comment_status":"closed","ping_status":"closed","template":"","meta":{"jetpack_post_was_ever_published":false,"footnotes":""},"class_list":["post-3352","page","type-page","status-publish","hentry","latest_post"],"translation":{"provider":"WPGlobus","version":"3.0.2","language":"de","enabled_languages":["ro","en","de"],"languages":{"ro":{"title":true,"content":true,"excerpt":false},"en":{"title":false,"content":false,"excerpt":false},"de":{"title":false,"content":false,"excerpt":false}}},"jetpack_sharing_enabled":true,"_links":{"self":[{"href":"https:\/\/unico.org.ro\/de\/wp-json\/wp\/v2\/pages\/3352","targetHints":{"allow":["GET"]}}],"collection":[{"href":"https:\/\/unico.org.ro\/de\/wp-json\/wp\/v2\/pages"}],"about":[{"href":"https:\/\/unico.org.ro\/de\/wp-json\/wp\/v2\/types\/page"}],"author":[{"embeddable":true,"href":"https:\/\/unico.org.ro\/de\/wp-json\/wp\/v2\/users\/1"}],"replies":[{"embeddable":true,"href":"https:\/\/unico.org.ro\/de\/wp-json\/wp\/v2\/comments?post=3352"}],"version-history":[{"count":4,"href":"https:\/\/unico.org.ro\/de\/wp-json\/wp\/v2\/pages\/3352\/revisions"}],"predecessor-version":[{"id":3364,"href":"https:\/\/unico.org.ro\/de\/wp-json\/wp\/v2\/pages\/3352\/revisions\/3364"}],"wp:attachment":[{"href":"https:\/\/unico.org.ro\/de\/wp-json\/wp\/v2\/media?parent=3352"}],"curies":[{"name":"wp","href":"https:\/\/api.w.org\/{rel}","templated":true}]}}