{"id":24,"date":"2017-05-14T19:54:55","date_gmt":"2017-05-14T16:54:55","guid":{"rendered":"http:\/\/unico.org.ro\/?page_id=24"},"modified":"2022-04-18T21:06:45","modified_gmt":"2022-04-18T18:06:45","slug":"sponsori","status":"publish","type":"page","link":"https:\/\/unico.org.ro\/de\/cum-ajut\/sponsori\/","title":{"rendered":"Sponsoren"},"content":{"rendered":"<h3><strong>E\u0218TI PERSOAN\u0102 JURIDIC\u0102?<\/strong><\/h3>\n<p>(micro\u00eentreprindere sau firm\u0103 pl\u0103titoare de impozit pe profit)<\/p>\n<p>Direc\u021bioneaz\u0103 20% din impozitul pe venit datorat statului pentru a sus\u021bine educa\u021bia<strong>\u00a0\u2013 cu 0 cost pentru companie.<\/strong><\/p>\n<p>Este necesar s\u0103 \u00eenchei contractul \u0219i plata s\u0103 fie efectuat\u0103 p\u00e2n\u0103 la finalul primului trimestru, 30 Iunie! Companiile pl\u0103titoare de impozit pe profit pot face acest lucru oric\u00e2nd \u00een timpul anului.<\/p>\n<p>Este extrem de simplu s\u0103 faci<strong>\u00a0redirec\u021bionarea celor 20% din impozit<\/strong>:<\/p>\n<ul>\n<li>calculeaz\u0103 suma datorat\u0103 statului pe trimestrul 2, iar 20% din aceast\u0103 sum\u0103 poate fi redirec\u021bionat\u0103 c\u0103tre Universitatea Copiilor cf. Legii Sponsoriz\u0103rii<\/li>\n<li>descarc\u0103, completeaz\u0103 \u0219i semneaz\u0103<strong>\u00a0<a href=\"https:\/\/unico.org.ro\/wp-content\/uploads\/2022\/04\/Contract_de_sponsorizare_Asociatia_Universitatea-Copiilor.pdf\">contractul de sponsorizare<\/a><\/strong>\u00a0p\u00e2n\u0103 la data de 30 Iunie<\/li>\n<li>trimite-l semnat \u0219i scanat la adresa de email <a href=\"mailto:office@unico.org.ro\">office@unico.org.ro<\/a><\/li>\n<li>ulterior, noi \u00eel tip\u0103rim \u00een dou\u0103 exemplare \u0219i \u021bi-l vom trimite semnat \u0219i \u0219tampilat \u00een original la adresa din contract<\/li>\n<li>f\u0103 plata p\u00e2n\u0103 la 30 Iunie<\/li>\n<\/ul>\n<p>Alatur\u0103-te comunit\u0103\u021bii noastre !<\/p>\n","protected":false},"excerpt":{"rendered":"<p>E\u0218TI PERSOAN\u0102 JURIDIC\u0102? (micro\u00eentreprindere sau firm\u0103 pl\u0103titoare de impozit pe profit) Direc\u021bioneaz\u0103 20% din impozitul pe venit datorat statului pentru a sus\u021bine educa\u021bia\u00a0\u2013 cu 0 &hellip; <\/p>\n","protected":false},"author":1,"featured_media":0,"parent":18,"menu_order":0,"comment_status":"closed","ping_status":"closed","template":"","meta":{"jetpack_post_was_ever_published":false,"footnotes":""},"class_list":["post-24","page","type-page","status-publish","hentry","latest_post"],"translation":{"provider":"WPGlobus","version":"3.0.2","language":"de","enabled_languages":["ro","en","de"],"languages":{"ro":{"title":true,"content":true,"excerpt":false},"en":{"title":true,"content":false,"excerpt":false},"de":{"title":true,"content":false,"excerpt":false}}},"jetpack_sharing_enabled":true,"_links":{"self":[{"href":"https:\/\/unico.org.ro\/de\/wp-json\/wp\/v2\/pages\/24","targetHints":{"allow":["GET"]}}],"collection":[{"href":"https:\/\/unico.org.ro\/de\/wp-json\/wp\/v2\/pages"}],"about":[{"href":"https:\/\/unico.org.ro\/de\/wp-json\/wp\/v2\/types\/page"}],"author":[{"embeddable":true,"href":"https:\/\/unico.org.ro\/de\/wp-json\/wp\/v2\/users\/1"}],"replies":[{"embeddable":true,"href":"https:\/\/unico.org.ro\/de\/wp-json\/wp\/v2\/comments?post=24"}],"version-history":[{"count":10,"href":"https:\/\/unico.org.ro\/de\/wp-json\/wp\/v2\/pages\/24\/revisions"}],"predecessor-version":[{"id":3174,"href":"https:\/\/unico.org.ro\/de\/wp-json\/wp\/v2\/pages\/24\/revisions\/3174"}],"up":[{"embeddable":true,"href":"https:\/\/unico.org.ro\/de\/wp-json\/wp\/v2\/pages\/18"}],"wp:attachment":[{"href":"https:\/\/unico.org.ro\/de\/wp-json\/wp\/v2\/media?parent=24"}],"curies":[{"name":"wp","href":"https:\/\/api.w.org\/{rel}","templated":true}]}}