{"id":2186,"date":"2020-07-12T23:45:48","date_gmt":"2020-07-12T20:45:48","guid":{"rendered":"https:\/\/unico.org.ro\/?page_id=2186"},"modified":"2021-02-15T12:56:36","modified_gmt":"2021-02-15T10:56:36","slug":"phereclos","status":"publish","type":"page","link":"https:\/\/unico.org.ro\/de\/elementor-2724\/ce-este-universitatea-copiilor\/phereclos\/","title":{"rendered":"Ce este PHERECLOS ?"},"content":{"rendered":"\t\t<div data-elementor-type=\"wp-page\" data-elementor-id=\"2186\" class=\"elementor elementor-2186\">\n\t\t\t\t\t\t<section class=\"elementor-section elementor-top-section elementor-element elementor-element-401dc079 elementor-section-boxed elementor-section-height-default elementor-section-height-default\" data-id=\"401dc079\" data-element_type=\"section\" data-e-type=\"section\">\n\t\t\t\t\t\t<div class=\"elementor-container elementor-column-gap-default\">\n\t\t\t\t\t<div class=\"elementor-column elementor-col-100 elementor-top-column elementor-element elementor-element-1b529f32\" data-id=\"1b529f32\" data-element_type=\"column\" data-e-type=\"column\">\n\t\t\t<div class=\"elementor-widget-wrap elementor-element-populated\">\n\t\t\t\t\t\t<div class=\"elementor-element elementor-element-4abb97eb elementor-widget elementor-widget-text-editor\" data-id=\"4abb97eb\" data-element_type=\"widget\" data-e-type=\"widget\" data-widget_type=\"text-editor.default\">\n\t\t\t\t<div class=\"elementor-widget-container\">\n\t\t\t\t\t\t\t\t\t<div><p style=\"text-align: justify;\">\u00a0<a href=\"http:\/\/www.phereclos.eu\"><img decoding=\"async\" data-recalc-dims=\"1\" src=\"https:\/\/i0.wp.com\/unico.org.ro\/wp-content\/uploads\/2021\/02\/PHERECLOS-Logo-main.png?resize=197%2C141&#038;ssl=1\" alt=\"\" width=\"197\" height=\"141\" \/><\/a><img decoding=\"async\" data-recalc-dims=\"1\" style=\"color: var( --e-global-color-text ); font-family: var( --e-global-typography-text-font-family ), Sans-serif; font-weight: var( --e-global-typography-text-font-weight );\" src=\"https:\/\/i0.wp.com\/unico.org.ro\/wp-content\/uploads\/2021\/02\/PHERECLOS-Twitter-Post-C-1024x521-1.png?resize=300%2C153&#038;ssl=1\" alt=\"\" width=\"300\" height=\"153\" \/><img fetchpriority=\"high\" decoding=\"async\" data-recalc-dims=\"1\" style=\"color: var( --e-global-color-text ); font-family: var( --e-global-typography-text-font-family ), Sans-serif; font-weight: var( --e-global-typography-text-font-weight );\" src=\"https:\/\/i0.wp.com\/unico.org.ro\/wp-content\/uploads\/2021\/02\/PHERECLOS-3D-Flotte-1000x600-transparent.png?resize=300%2C180&#038;ssl=1\" alt=\"\" width=\"300\" height=\"180\" \/><\/p><p style=\"text-align: justify;\"><span style=\"color: var( --e-global-color-text ); font-family: var( --e-global-typography-text-font-family ), Sans-serif;\">UNICO,\u00a0 membru al echipei PHERECLOS<\/span><\/p><p style=\"text-align: justify;\"><span style=\"font-weight: 400;\">\u00cen luna octombrie 2019, cu mult entuziasm, 16 institu\u021bii dedicate educa\u021biei, din 13 \u021b\u0103ri, au pornit \u00eentr-o c\u0103l\u0103torie educa\u021bional\u0103 de 3 ani, prin proiectul european PHERECLOS (Parteneriate pentru c\u0103i de \u00eenv\u0103\u021b\u0103m\u00e2n<\/span><span style=\"font-weight: 400;\">t superior \u0219i implicare \u0219tiin\u021bific\u0103 \u00een clustere regionale de \u0219colarizare deschis\u0103), care se bazeaz\u0103 pe experien\u021ba Universit\u0103\u021bilor Copiilor din Europa, \u0219i nu numai. Datorit\u0103 implic\u0103rii \u0219i experien\u021bei partenerilor \u00een lucrul cu tinerii \u0219i copiii, proiectul sprijin\u0103 reducerea limitelor institu\u021bionale \u0219i de colaborare dintre universit\u0103\u021bi \u0219i societatea mai larg\u0103. Universit\u0103\u021bile Copiilor se situeaz\u0103, adesea, \u00eentre organiza\u021biile cheie din peisajul educa\u021bional \u0219i social, av\u00e2nd implica\u021bii pozitive pe ambele planuri.\u00a0<\/span><\/p><p style=\"text-align: justify;\"><span style=\"font-weight: 400;\">UNIVERSITATEA COPIILOR &#8211; UniCo este membru fondator al Re\u021belei Europene de Universit\u0103\u021bi ale Copiilor &#8211; EucuNet \u00eenc\u0103 din anul 2011,astfel, Universitatea Copiilor din Rom\u00e2nia este \u0219i unul dintre partenerii proiectului PHERECLOS.<\/span><\/p><p style=\"text-align: justify;\"><span style=\"font-weight: 400;\">Pentru realizarea proiectului PHERECLOS, au trimis scrisori de sus\u021binere 51 de organiza\u021bii \u0219i institu\u021bii de \u00eenv\u0103\u021b\u0103m\u00e2nt din 28 de \u021b\u0103ri unde exist\u0103 Universit\u0103\u021bi ale Copiilor. Din partea Rom\u00e2niei, scrisorile de sus\u021binere au venit de la Universitatea din Bucure\u0219ti, Universitatea de \u0218tiin\u021be Agronomice \u0219i Medicin\u0103 Veterinar\u0103,\u00a0 Universitatea Politehnica, \u0218coala Gimnazial\u0103 Pro Ingenio, Liceul Teoretic Bilingv (rom\u00e2no-german) Ita Wegman \u0219i Casa Corpului didactic &#8211; Ilfov, \u0219.a.<\/span><\/p><p style=\"text-align: justify;\"><span style=\"font-weight: 400;\">PHERECLOS \u0219i-a \u00eenceput expedi\u021bia educa\u021bional\u0103 cu 40 de parteneri, reprezentan\u021bi ai institu\u021biilor de \u00eenv\u0103\u021b\u0103m\u00e2nt din 20 de \u021b\u0103ri la nivel interna\u021bional.<\/span><\/p><p style=\"text-align: justify;\"><span style=\"font-weight: 400;\">UniCo a trimis, ca baz\u0103 de analiz\u0103 pentru desf\u0103\u0219urarea acestui program, c\u00e2teva exemple de bun\u0103 practic\u0103 educa\u021bional\u0103, derulate \u00een Bucure\u0219ti prin parteneriat \u00eentre organiza\u021bie, universit\u0103\u021bi, \u0219coli \u0219i institute de cercetare. <\/span><\/p><\/div><p>Mai multe informatii despre poriect puteti gasi pe pe adresa<strong> <a href=\"http:\/\/phereclos.eu\">phereclos.eu<\/a><\/strong> cat si pe pagina de facebook destinat\u0103 proiectului ce se poate accesa <strong><span style=\"color: #ff00ff;\"><a style=\"color: #ff00ff;\" href=\"https:\/\/www.facebook.com\/PhereclosEU\/\">AICI<\/a><\/span><\/strong><\/p><div><p>Predarea \u0219i \u00eenv\u0103\u021barea \u00een sala de clas\u0103, la \u0219coal\u0103, este de multe ori deconectat de via\u021ba de zi cu zi a comunit\u0103\u021bii \u00een care tr\u0103im. \u0218colile \u0219i Universit\u0103\u021bile sunt nevoite s\u0103 r\u0103spund\u0103 la \u00eentreb\u0103rile legate de felul \u00een care acestea interac\u021bioneaz\u0103 cu societatea, inclusiv despre modul \u00een care realiz\u0103rile lor contribuie la dezvoltarea societ\u0103\u021bii. Aceste preocup\u0103ri reies din discu\u021biile curente legate de \u201cconectivitatea social\u0103\u201d, discu\u021bii care merg de la \u201cA treia Misiune a Universit\u0103\u021bilor\u201d, \u201cResponsabilitatea social\u0103 a Cercet\u0103rilor \u0219i Inova\u021biilor\u201d, p\u00e2n\u0103 la SwafS, \u201c\u0218tiin\u021ba cu \u0219i pentru Societate\u201d, \u0219i \u201c\u00cenv\u0103\u021b\u0103tura bazat\u0103 pe valorile\u00a0 Comunit\u0103\u021bii\u201d.<\/p><p>Proiectul Phereclos este bazat pe trei concepte de baz\u0103 \u00een abordarea educa\u021bional\u0103:<\/p><ul style=\"text-align: justify; list-style-type: square;\"><li style=\"font-weight: 400;\"><span style=\"font-weight: 400;\">Conceptul de \u201cCapital \u0218tiin\u021bific\u201d.<\/span><\/li><li style=\"font-weight: 400;\"><span style=\"font-weight: 400;\">Conceptul \u201cUniversitatea Copiilor\u201d care reprezint\u0103 o modalitate \u0219i un program inovativ \u0219i non-formal de a prezenta datele \u0219tiin\u021bifice copiilor \u0219i tinerilor.<\/span><\/li><li style=\"font-weight: 400;\"><span style=\"font-weight: 400;\">Conceptul de \u201c\u0218coal\u0103 Deschis\u0103\u201d, \u00een care \u0219colile \u021bin cont de ideile care vin din afara \u0219colii, dar \u0219i de subiectele \u0219i provoc\u0103rile intelectuale curente, pentru a le adapta \u0219i incorpora \u00een mod constant \u00een cadrul metodelor educa\u021bionale utilizate. \u00cen schimb, acest tip de \u0219coli aduc comunit\u0103\u021bii din care fac parte creativitatea \u0219i poten\u021bialul crescut al copiilor \u0219i profesorilor implica\u021bi.<\/span><\/li><\/ul><p style=\"text-align: justify;\"><span style=\"font-weight: 400;\">Proiectul PHERECLOS \u00ee\u0219i propune urm\u0103toarele obiective specifice:<\/span><\/p><p style=\"text-align: justify;\"><i><span style=\"font-weight: 400;\">Obiectivul 1<\/span><\/i><span style=\"font-weight: 400;\">: \u00cenfiin\u021barea LEC<\/span><\/p><p style=\"text-align: justify;\"><span style=\"font-weight: 400;\">6 Centre locale\u00a0 pentru educa\u021bie (LEC) au fost alc\u0103tuite din p\u0103r\u021bi interesate, ca baze de teste experimentale pentru cooperarea educa\u021bional\u0103 \u00eentre \u0219coli\/universit\u0103\u021bi\/institute de cercetare \u0219i reprezentan\u021bi ai mediului economic. Acestea sunt situate \u00een diferite regiuni model pentru educa\u021bie, din urm\u0103toarele \u021b\u0103ri:<\/span> <span style=\"font-weight: 400;\">Austria (Viena), Finlanda (Kuopio), Polonia (Lodz), Portugalia (Porto), Italia (Trieste) \u0219i Columbia (Medellin).<\/span><\/p><p style=\"text-align: justify;\"><span style=\"font-weight: 400;\">Un element de baz\u0103 al activit\u0103\u021bii programului Phereclos, este dezvoltarea de modele pentru LEC. Cele 6 centre pilot sunt organizate de Universit\u0103\u021bile locale pentru Copii care au foarte mult\u0103 experien\u021b\u0103 \u00een proiectarea \u0219i organizarea programelor de educare \u0219tiin\u021bific\u0103 la nivelul de v\u00e2rst\u0103 \u0219colar\u0103. \u00cen acela\u0219i timp, proiectul \u00ee\u0219i propune s\u0103 \u00eembun\u0103t\u0103\u021beasc\u0103 calitatea implic\u0103rii \u0219tiin\u021bifice.\u00a0<\/span><\/p><p style=\"text-align: justify;\"><span style=\"font-weight: 400;\">PHERECLOS va implementa un sistem digital \u201eOpenBadge\u201d care eticheteaz\u0103 institu\u021biile drept parteneri de \u00eencredere \u0219i responsabili, permi\u021b\u00e2nd tuturor p\u0103r\u021bilor LEC s\u0103 devin\u0103 agen\u021bi reali ai schimb\u0103rii \u00een educa\u021bie. De asemenea, acest ecosistem va eviden\u021bia realiz\u0103rile individuale \u00een ceea ce prive\u0219te implicarea STEM &#8211; Stiin\u021ba , Tehnologie, Inginerie, Matematic\u0103.<\/span><\/p><p style=\"text-align: justify;\"><span style=\"font-weight: 400;\">PHERECLOS dezvolt\u0103 modele de colaborare \u00een educa\u021bie, care urmeaz\u0103 o abordare a Open Schooling \u00een cele 6 centre de educa\u021bie local\u0103 (LEC). Aceste institu\u021bii pot fi universit\u0103\u021bi, organiza\u021bii guvernamentale \u0219i neguvernamentale, companii, organiza\u021bii de caritate, muzee sau al\u021bi furnizori de cuno\u0219tin\u021be. LEC-urile vor fi un fel de incubatoare pentru a permite un dialog \u0219i pentru a stabili activit\u0103\u021bi comune \u00eentre aceste organiza\u021bii la nivelul educa\u021biei formale \u0219i nonformale. Se bazeaz\u0103 desigur pe entuziasmul cercet\u0103torilor, profesorilor \u0219i al copiilor.<\/span><\/p><p style=\"text-align: justify;\"><span style=\"font-weight: 400;\">Aceste medii de \u00eenv\u0103\u021bare colaborativ\u0103 servesc ca baze de testare experimentale pentru \u0219coli \u0219i influen\u021beaz\u0103 calitatea oportunit\u0103\u021bilor de implicare \u00een \u0219tiin\u021be, \u00een general. Eficien\u021ba \u0219i impactul regional vor duce la elaborarea de ghiduri de punere \u00een aplicare \u0219i de informa\u021bii\u00a0 despre practicile avute, pentru a spori durabilitatea abord\u0103rii generale.\u00a0<\/span><\/p><p style=\"text-align: justify;\"><i><span style=\"font-weight: 400;\">Obiectivul 2:\u00a0 \u00cendrumare<\/span><\/i><\/p><p style=\"text-align: justify;\"><span style=\"font-weight: 400;\">\u00a0TEMPs \u2013 Parteneriate Transna\u021bional de Mentorat vor fi realizate \u00eentre 10 parteneri cu experien\u021b\u0103 diferit\u0103 \u00een educa\u021bie inovatoare, pentru a crea un efect de \u201cbulg\u0103re de z\u0103pad\u0103\u201d \u00een implementarea \u0219i diseminarea rezultatelor transferabile din cadrul LEC-urilor.<\/span><\/p><p style=\"text-align: justify;\"><i><span style=\"font-weight: 400;\">Obiectivul 3:\u00a0 Evaluare<\/span><\/i><\/p><p style=\"text-align: justify;\"><span style=\"font-weight: 400;\">Evaluarea eficacit\u0103\u021bii \u0219i impactului regional pentru a genera ghiduri de punere \u00een aplicare transferabile \u0219i documente de politici pentru a spori sustenabilitatea abord\u0103rii generale.<\/span><\/p><p style=\"text-align: justify;\"><i><span style=\"font-weight: 400;\">Obiectivul 4: Dezvoltare<\/span><\/i><\/p><p style=\"text-align: justify;\"><span style=\"font-weight: 400;\">Dezvoltarea unei biblioteci de bune practici, a unei \u201cWhite Book\u201d (c\u0103r\u021bi albe) despre centre (clustere) de \u00eenv\u0103\u021b\u0103m\u00e2nt \u00een \u0219coli deschise \u0219i a unui instrument de inovare pentru formarea profesorilor, bazat pe o analiz\u0103 detaliat\u0103 a modelelor de implicare \u0219coal\u0103-comunitate \u0219i punerea lor \u00een aplicare \u00eentr-un cadru metodologic.<\/span><\/p><p style=\"text-align: justify;\"><i><span style=\"font-weight: 400;\">Obiectivul 5: Implementarea<\/span><\/i><\/p><p style=\"text-align: justify;\"><span style=\"font-weight: 400;\">Implementarea reprezent\u0103rii digitale a realiz\u0103rilor cu un ecosistem \u201eOpenBadge\u201d pentru a g\u0103si persoane interesate \u0219i responsabile de a \u00eemp\u0103rt\u0103\u0219i acest angajament pentru dezvoltarea durabil\u0103.<\/span><\/p><p style=\"text-align: justify;\"><span style=\"font-weight: 400;\">\u00cen concluzie, programul <strong><a href=\"https:\/\/www.phereclos.eu\/\">PHERECLOS <\/a><\/strong><\/span><span style=\"font-weight: 400;\">dezvolt\u0103 modele \u0219i recomand\u0103ri pentru un nou ecosistem \u00een educa\u021bie, \u00een care \u0219colile devin un centru al comunit\u0103\u021bii, din care se porne\u0219te un angajament \u00een STEM &#8211; Stiin\u021ba , Tehnologie, Inginerie, Matematic\u0103 &#8211; pentru g\u0103sirea unor c\u0103i individuale de mers spre o educa\u021bie superioar\u0103, \u0219i care va include aptitudini noi cerute \u00een secolul 21. <\/span><\/p><p style=\"text-align: justify;\"><img loading=\"lazy\" decoding=\"async\" data-recalc-dims=\"1\" src=\"https:\/\/i0.wp.com\/www.phereclos.eu\/wp-content\/uploads\/2019\/11\/flag_yellow_low-300x201.jpg?resize=100%2C67&#038;ssl=1\" sizes=\"(max-width: 100px) 100vw, 100px\" srcset=\"https:\/\/www.phereclos.eu\/wp-content\/uploads\/2019\/11\/flag_yellow_low-300x201.jpg 300w, https:\/\/www.phereclos.eu\/wp-content\/uploads\/2019\/11\/flag_yellow_low.jpg 600w\" alt=\"\" width=\"100\" height=\"67\" \/><\/p><\/div><div><div><p style=\"text-align: justify;\">This project has received funding from the European Union\u2019s Horizon 2020 research and innovation programme under grant agreement No 824630.<\/p><p style=\"text-align: justify;\">Acest proiect a primit finan\u021bare din programul de cercetare \u0219i inovare Orizont 2020 al Uniunii Europene \u00een baza acordului de finan\u021bare nr. 824630.<\/p><p style=\"text-align: justify;\">\u00a0<\/p><\/div><\/div>\t\t\t\t\t\t\t\t<\/div>\n\t\t\t\t<\/div>\n\t\t\t\t\t<\/div>\n\t\t<\/div>\n\t\t\t\t\t<\/div>\n\t\t<\/section>\n\t\t\t\t<\/div>\n\t\t","protected":false},"excerpt":{"rendered":"<p>\u00a0 UNICO,\u00a0 membru al echipei PHERECLOS \u00cen luna octombrie 2019, cu mult entuziasm, 16 institu\u021bii dedicate educa\u021biei, din 13 \u021b\u0103ri, au pornit \u00eentr-o c\u0103l\u0103torie educa\u021bional\u0103 &hellip; <\/p>\n","protected":false},"author":1,"featured_media":0,"parent":4,"menu_order":0,"comment_status":"closed","ping_status":"closed","template":"","meta":{"jetpack_post_was_ever_published":false,"footnotes":""},"class_list":["post-2186","page","type-page","status-publish","hentry","latest_post"],"translation":{"provider":"WPGlobus","version":"3.0.2","language":"de","enabled_languages":["ro","en","de"],"languages":{"ro":{"title":true,"content":true,"excerpt":false},"en":{"title":false,"content":false,"excerpt":false},"de":{"title":false,"content":false,"excerpt":false}}},"jetpack_sharing_enabled":true,"_links":{"self":[{"href":"https:\/\/unico.org.ro\/de\/wp-json\/wp\/v2\/pages\/2186","targetHints":{"allow":["GET"]}}],"collection":[{"href":"https:\/\/unico.org.ro\/de\/wp-json\/wp\/v2\/pages"}],"about":[{"href":"https:\/\/unico.org.ro\/de\/wp-json\/wp\/v2\/types\/page"}],"author":[{"embeddable":true,"href":"https:\/\/unico.org.ro\/de\/wp-json\/wp\/v2\/users\/1"}],"replies":[{"embeddable":true,"href":"https:\/\/unico.org.ro\/de\/wp-json\/wp\/v2\/comments?post=2186"}],"version-history":[{"count":29,"href":"https:\/\/unico.org.ro\/de\/wp-json\/wp\/v2\/pages\/2186\/revisions"}],"predecessor-version":[{"id":2588,"href":"https:\/\/unico.org.ro\/de\/wp-json\/wp\/v2\/pages\/2186\/revisions\/2588"}],"up":[{"embeddable":true,"href":"https:\/\/unico.org.ro\/de\/wp-json\/wp\/v2\/pages\/4"}],"wp:attachment":[{"href":"https:\/\/unico.org.ro\/de\/wp-json\/wp\/v2\/media?parent=2186"}],"curies":[{"name":"wp","href":"https:\/\/api.w.org\/{rel}","templated":true}]}}