{"id":18,"date":"2017-05-14T19:53:31","date_gmt":"2017-05-14T16:53:31","guid":{"rendered":"http:\/\/unico.org.ro\/?page_id=18"},"modified":"2026-05-04T20:37:57","modified_gmt":"2026-05-04T17:37:57","slug":"cum-ajut","status":"publish","type":"page","link":"https:\/\/unico.org.ro\/de\/cum-ajut\/","title":{"rendered":"WIE kann ich helfen?"},"content":{"rendered":"\t\t<div data-elementor-type=\"wp-page\" data-elementor-id=\"18\" class=\"elementor elementor-18\">\n\t\t\t\t\t\t<section class=\"elementor-section elementor-top-section elementor-element elementor-element-68d6a3ad elementor-section-boxed elementor-section-height-default elementor-section-height-default\" data-id=\"68d6a3ad\" data-element_type=\"section\" data-e-type=\"section\">\n\t\t\t\t\t\t<div class=\"elementor-container elementor-column-gap-default\">\n\t\t\t\t\t<div class=\"elementor-column elementor-col-100 elementor-top-column elementor-element elementor-element-18fb6b96\" data-id=\"18fb6b96\" data-element_type=\"column\" data-e-type=\"column\">\n\t\t\t<div class=\"elementor-widget-wrap elementor-element-populated\">\n\t\t\t\t\t\t<div class=\"elementor-element elementor-element-9bd266a elementor-widget elementor-widget-text-editor\" data-id=\"9bd266a\" data-element_type=\"widget\" data-e-type=\"widget\" data-widget_type=\"text-editor.default\">\n\t\t\t\t<div class=\"elementor-widget-container\">\n\t\t\t\t\t\t\t\t\t<span style=\"font-size: 20px; font-weight: 400; font-family: 'times new roman', times, serif;\">Daca esti persoan\u0103 fizic\u0103 :<\/span>\n \t<li><strong style=\"color: #808080; font-family: 'Crimson Text'; font-size: 1.39em;\"><span style=\"font-size: 20px; font-family: 'times new roman', times, serif;\">Po\u021bi redirec\u021biona cei 3,5% din impozitul pe salalriu c\u0103tre o cauza nobil\u0103, p\u00e2n\u0103 pe data de 25 mai, \u00een fiecare an! Nu costa nimic! <\/span><\/strong><strong style=\"color: #808080; font-family: 'Crimson Text'; font-size: 1.39em;\"><span style=\"font-size: 20px; font-family: 'times new roman', times, serif;\">Formularul se completeaz\u0103 si semneaz\u0103 online, \u00eentr-un minut!<\/span><\/strong><\/li>\n<span style=\"font-size: 24px;\"><span style=\"font-weight: bolder; color: #993366; font-family: var(--primary-font);\">\u00a0<\/span><\/span><span style=\"font-weight: bolder; font-size: 24px; color: #993366; font-family: var(--primary-font);\">Ajuta\u021bi-ne s\u0103 sus\u021binem visul \u0219i zborul \u00eenalt al tinerilor!<\/span>\t\t\t\t\t\t\t\t<\/div>\n\t\t\t\t<\/div>\n\t\t\t\t<div class=\"elementor-element elementor-element-f056fdb elementor-widget elementor-widget-html\" data-id=\"f056fdb\" data-element_type=\"widget\" data-e-type=\"widget\" data-widget_type=\"html.default\">\n\t\t\t\t<div class=\"elementor-widget-container\">\n\t\t\t\t\t<iframe loading=\"lazy\" src=\"https:\/\/formular230.ro\/asociatia-universitatea-copiilor\" style=\"border:0px #ffffff none;\" name=\"Unico230\" scrolling=\"yes\" frameborder=\"1\" marginheight=\"0px\" marginwidth=\"0px\" height=\"1000px\" width=\"300px\" allowfullscreen><\/iframe>\t\t\t\t<\/div>\n\t\t\t\t<\/div>\n\t\t\t\t\t<\/div>\n\t\t<\/div>\n\t\t\t\t\t<\/div>\n\t\t<\/section>\n\t\t\t\t<section class=\"elementor-section elementor-top-section elementor-element elementor-element-3dffc58 elementor-section-boxed elementor-section-height-default elementor-section-height-default\" data-id=\"3dffc58\" data-element_type=\"section\" data-e-type=\"section\">\n\t\t\t\t\t\t<div class=\"elementor-container elementor-column-gap-default\">\n\t\t\t\t\t<div class=\"elementor-column elementor-col-100 elementor-top-column elementor-element elementor-element-5fe01f5\" data-id=\"5fe01f5\" data-element_type=\"column\" data-e-type=\"column\">\n\t\t\t<div class=\"elementor-widget-wrap elementor-element-populated\">\n\t\t\t\t\t\t<div class=\"elementor-element elementor-element-05dd263 elementor-widget elementor-widget-text-editor\" data-id=\"05dd263\" data-element_type=\"widget\" data-e-type=\"widget\" data-widget_type=\"text-editor.default\">\n\t\t\t\t<div class=\"elementor-widget-container\">\n\t\t\t\t\t\t\t\t\t<ul><li><span style=\"font-family: 'times new roman', times, serif; font-size: 20px;\"><strong><span style=\"color: var( --e-global-color-text );\"><a href=\"https:\/\/unico.org.ro\/doneaza-pentru-activitatile-unico\/\">Doneaza aici<\/a> pentru materiale necesare activit\u0103\u021bilor UniCo. <\/span><\/strong><\/span><\/li><li><strong><span style=\"color: var( --e-global-color-text ); font-family: 'times new roman', times, serif; font-size: 20px;\">Po\u021bi dona \u0219i direct \u00een contul bancar:<\/span><\/strong><\/li><\/ul><h4><span style=\"color: #800000; font-size: 16px;\">ASOCIA\u0162IA UNIVERSITATEA COPIILOR<\/span><\/h4><div><span style=\"color: #800000; font-size: 16px;\">\u00a0<\/span><span style=\"font-size: 16px;\">Cod Fiscal 26367982, cont RON &#8211; IBAN RO10BTRL04101205P52205XX, deschis la Banca Transilvania, Sucursala Lipscani.<\/span><\/div><header><h4>\u00a0<em style=\"color: #800000; font-size: 16px; text-align: center; font-weight: 400;\">Prin intermediul dona\u021biilor pute\u021bi sprijini activitatea noastr\u0103\u00a0\u00een misiunea de a ajuta copiii s\u0103 nu abandoneze \u0219coala, s\u0103-\u0219i doreasc\u0103 de mici s\u0103 parcurg\u0103 un drum c\u00e2t mai lung al \u00eenv\u0103\u021b\u0103rii \u0219i educa\u021biei prin contactul cu via\u021ba studen\u021beasc\u0103 \u0219i domeniul \u0219tiin\u021belor.<\/em><\/h4><\/header><p style=\"text-align: justify;\">\u00a0<\/p>\t\t\t\t\t\t\t\t<\/div>\n\t\t\t\t<\/div>\n\t\t\t\t\t<\/div>\n\t\t<\/div>\n\t\t\t\t\t<\/div>\n\t\t<\/section>\n\t\t\t\t<section class=\"elementor-section elementor-top-section elementor-element elementor-element-0273a51 elementor-section-boxed elementor-section-height-default elementor-section-height-default\" data-id=\"0273a51\" data-element_type=\"section\" data-e-type=\"section\">\n\t\t\t\t\t\t<div class=\"elementor-container elementor-column-gap-default\">\n\t\t\t\t\t<div class=\"elementor-column elementor-col-100 elementor-top-column elementor-element elementor-element-75faff8\" data-id=\"75faff8\" data-element_type=\"column\" data-e-type=\"column\">\n\t\t\t<div class=\"elementor-widget-wrap elementor-element-populated\">\n\t\t\t\t\t\t<div class=\"elementor-element elementor-element-121b024 elementor-widget elementor-widget-text-editor\" data-id=\"121b024\" data-element_type=\"widget\" data-e-type=\"widget\" data-widget_type=\"text-editor.default\">\n\t\t\t\t<div class=\"elementor-widget-container\">\n\t\t\t\t\t\t\t\t\t<p><span style=\"font-size: 16px; text-align: center; font-family: 'Crimson Text'; font-weight: bolder;\">Johann Amos Comenius,<\/span><span style=\"font-size: 16px; text-align: center; font-family: 'Crimson Text';\">\u00a0\u00een lucrarea sa \u201eDidactica magna\u201d, considera c\u0103\u00a0<\/span><em style=\"font-size: 16px; text-align: center; font-family: 'Crimson Text';\">\u201domul nu poate deveni om dec\u00e2t dac\u0103 este educat\u201d.<\/em><\/p><blockquote style=\"border-left: 2px solid var(--primary-color);\"><p style=\"text-align: center;\"><span style=\"font-size: 16px;\"><span style=\"font-weight: bolder;\">Aristotel<\/span>\u00a0considera c\u0103\u00a0<em>\u201eeduca\u021bia trebuie s\u0103 fie un obiect al supravegherii publice, iar nu particulare\u201d<\/em>.<\/span><\/p><\/blockquote><p style=\"text-align: justify;\">\u00a0 \u00a0 \u00a0 \u00a0<span style=\"font-size: 16px;\">\u00a0Un adev\u0103r pe care ar fi necesar s\u0103 ni-l amintim noi, adul\u021bii, \u0219i s\u0103-l repet\u0103m copiilor este acela c\u0103\u00a0<span style=\"font-weight: bolder;\">trecutul te ajut\u0103 s\u0103 \u00eenve\u021bi.<\/span>\u00a0<span style=\"font-weight: bolder;\">F\u0103r\u0103 trecut, nu ai viitor.<\/span>\u00a0R\u0103m\u00e2nem cu to\u021bii suspenda\u021bi in neant: totul azi, acum, f\u0103r\u0103 valori reale, f\u0103r\u0103 o direc\u021bie, f\u0103r\u0103 speran\u021be.\u00a0<\/span><\/p>\t\t\t\t\t\t\t\t<\/div>\n\t\t\t\t<\/div>\n\t\t\t\t\t<\/div>\n\t\t<\/div>\n\t\t\t\t\t<\/div>\n\t\t<\/section>\n\t\t\t\t<\/div>\n\t\t","protected":false},"excerpt":{"rendered":"<p>Daca esti persoan\u0103 fizic\u0103 : Po\u021bi redirec\u021biona cei 3,5% din impozitul pe salalriu c\u0103tre o cauza nobil\u0103, p\u00e2n\u0103 pe data de 25 mai, \u00een fiecare &hellip; <\/p>\n","protected":false},"author":1,"featured_media":0,"parent":0,"menu_order":0,"comment_status":"closed","ping_status":"closed","template":"","meta":{"footnotes":""},"class_list":["post-18","page","type-page","status-publish","hentry","latest_post"],"translation":{"provider":"WPGlobus","version":"3.0.2","language":"de","enabled_languages":["ro","en","de"],"languages":{"ro":{"title":true,"content":true,"excerpt":false},"en":{"title":true,"content":false,"excerpt":false},"de":{"title":true,"content":false,"excerpt":false}}},"jetpack_sharing_enabled":true,"_links":{"self":[{"href":"https:\/\/unico.org.ro\/de\/wp-json\/wp\/v2\/pages\/18","targetHints":{"allow":["GET"]}}],"collection":[{"href":"https:\/\/unico.org.ro\/de\/wp-json\/wp\/v2\/pages"}],"about":[{"href":"https:\/\/unico.org.ro\/de\/wp-json\/wp\/v2\/types\/page"}],"author":[{"embeddable":true,"href":"https:\/\/unico.org.ro\/de\/wp-json\/wp\/v2\/users\/1"}],"replies":[{"embeddable":true,"href":"https:\/\/unico.org.ro\/de\/wp-json\/wp\/v2\/comments?post=18"}],"version-history":[{"count":75,"href":"https:\/\/unico.org.ro\/de\/wp-json\/wp\/v2\/pages\/18\/revisions"}],"predecessor-version":[{"id":4773,"href":"https:\/\/unico.org.ro\/de\/wp-json\/wp\/v2\/pages\/18\/revisions\/4773"}],"wp:attachment":[{"href":"https:\/\/unico.org.ro\/de\/wp-json\/wp\/v2\/media?parent=18"}],"curies":[{"name":"wp","href":"https:\/\/api.w.org\/{rel}","templated":true}]}}