{"id":14,"date":"2017-05-14T19:52:40","date_gmt":"2017-05-14T16:52:40","guid":{"rendered":"http:\/\/unico.org.ro\/?page_id=14"},"modified":"2022-12-02T22:52:34","modified_gmt":"2022-12-02T20:52:34","slug":"media","status":"publish","type":"page","link":"https:\/\/unico.org.ro\/de\/media\/","title":{"rendered":"Galerie und Media"},"content":{"rendered":"<p><iframe style=\"border: none; overflow: hidden;\" src=\"https:\/\/www.facebook.com\/plugins\/post.php?href=https%3A%2F%2Fwww.facebook.com%2FUniversitateaCopiilor%2Fposts%2Fpfbid02H8zHtpBptKLHe6yVN1JvMHxC2PYfYdknPyZMuZtM7JMiNDT4mqUwuvahzRLPoBb3l&amp;show_text=true&amp;width=500\" width=\"500\" height=\"513\" frameborder=\"0\" scrolling=\"no\" allowfullscreen=\"allowfullscreen\"><\/iframe><\/p>\n<p>\u00cent\u00e2lnirea domnului Ministru al Educa\u021biei, Sorin Mihai Cimpeanu cu micii studenti UniCo &#8211; 1 iunie 2021. Mul\u021bumim pentru interviul acordat t\u00e2narului jurnalist \u0219i student UniCo Mihnea G\u00e2dici <a href=\"https:\/\/www.facebook.com\/peripetiile.luimihnea.5\">(Peripetiile Lui Mihnea)<\/a><\/p>\n<p><iframe style=\"border: none; overflow: hidden;\" src=\"https:\/\/www.facebook.com\/plugins\/video.php?height=314&amp;href=https%3A%2F%2Fwww.facebook.com%2FUniversitateaCopiilor%2Fvideos%2F1881135268742604%2F&amp;show_text=false&amp;width=560&amp;t=0\" width=\"560\" height=\"314\" frameborder=\"0\" scrolling=\"no\" allowfullscreen=\"allowfullscreen\"><\/iframe><\/p>\n<p>\u00cent\u00e2lnirea domnului Rector al USAMV, Razvan Ionut Teodorescu cu micii studen\u021bi ai Universitatii Copiilor &#8211; 1 iunie 2021! Mul\u021bumim pentru interviul acordat tanarului jurnalist \u0219i student UniCo Mihnea G\u00e2dici <a href=\"https:\/\/www.facebook.com\/peripetiile.luimihnea.5\">(Peripetiile Lui Mihnea)<\/a><\/p>\n<p><iframe style=\"border: none; overflow: hidden;\" src=\"https:\/\/www.facebook.com\/plugins\/video.php?height=314&amp;href=https%3A%2F%2Fwww.facebook.com%2FUniversitateaCopiilor%2Fvideos%2F556837362464232%2F&amp;show_text=false&amp;width=560&amp;t=0\" width=\"560\" height=\"314\" frameborder=\"0\" scrolling=\"no\" allowfullscreen=\"allowfullscreen\"><\/iframe><\/p>\n<p style=\"text-align: justify;\"><strong><em>Asocia\u021bia Universitatea Copiilor (UniCO), partener \u00een cadrul consor\u021biului interna\u021bional PHERECLOS, are pl\u0103cerea de a anun\u021ba debutul a trei Parteneriate Transna\u021bionale de Mentorat Educa\u021bional (TEMPS) coordonate de institu\u021bii educa\u021bionale din Rom\u00e2nia. Cele trei parteneriate au primit finan\u021bare european\u0103 \u00eempreun\u0103 cu alte 7 astfel de proiecte, \u00een cadrul programului TEMP &#8211; PHERECLOS. Dup\u0103 finalizarea procesului de selec\u021bie, l<\/em><\/strong><strong><em>a nivelul \u00eentregului program, 44 de institu\u021bii educa\u021bionale din toat\u0103 Europa vor beneficia reciproc de experien\u021ba partenerilor din proiect cu privire la abordarea de tip \u0218coal\u0103 Deschis\u0103. Scopul acestor parteneriate este acela ca institu\u021biile participante s\u0103 dezvolte \u0219i s\u0103 implementeze un parteneriat de formare \u00een contextul educa\u021biei de tip \u0218coal\u0103 Deschis\u0103, prin intermediul unor proiecte pilot. Acestea din urm\u0103 pot include practici educa\u021bionale puternic aplicative, descoperirea unor noi locuri de \u00eenv\u0103\u021bare, includerea de exper\u021bi externi \u00een procesul de predare, precum \u0219i alte aspecte inovative ce definesc abordarea de tip \u0218coal\u0103 Deschis\u0103.<\/em><\/strong><\/p>\n<p>Mai multe informa\u021bii puteti g\u0103si <a href=\"https:\/\/unico.org.ro\/wp-content\/uploads\/2021\/02\/UNICO_PHERECLOS_Comunicat-de-presa_Temp.pdf\">AICI<\/a> sau pe siteul oficial al proiectului <a href=\"https:\/\/www.phereclos.eu\/media-centre\/\">PHERECLOS<\/a><\/p>\n<p><em><strong>La un <\/strong><\/em><em><strong>an de la \u00eenceputul ambi\u021biosului proiect european &#8211; PHERECLOS, cei 15 membri ai consor\u021biului proiectului sunt m\u00e2ndri s\u0103 prezinte<\/strong> <strong>Platforma de \u00cenv\u0103\u021bare Reciproc\u0103 pentru Mobilizare<\/strong><\/em><strong><em>: <\/em><\/strong><a href=\"http:\/\/www.phereclos.eu\"><strong><em>www.phereclos.eu<\/em><\/strong><\/a><\/p>\n<p><strong><em>\u00a0<\/em><em>Peste 60 de cazuri inspirationale din peste 18 \u021b\u0103ri situate peste tot \u00een lume sunt disponibile pentru oamenii de \u0219tiin\u021b\u0103 interesa\u021bi \u00een conceptul \u0218coala Deschis\u0103 \u0219i \u00een educa\u021bia STEAM la: <\/em><\/strong><a href=\"https:\/\/www.phereclos.eu\/practices\"><strong><em>https:\/\/www.phereclos.eu\/practices<\/em><\/strong><\/a><\/p>\n<p><em><strong>Platforma ofer\u0103 modele \u0219i recomand\u0103ri pentru noi ecosisteme \u00een educa\u021bie, unde \u0219colile vor deveni un centru al unei comunit\u0103\u021bi de angajare \u00een noi strategii de implicare \u00een STEAM (\u0218TIIN\u021a\u0102, TEHNOLOGIE, INGINERIE, ARTA, MATEMATIC\u0102), \u00een promovarea c\u0103ilor educa\u021bionale individuale c\u0103tre \u00eenv\u0103\u021b\u0103m\u00e2ntul superior, reflect\u00e2nd abilit\u0103\u021bile secolului XXI<\/strong>.<\/em><\/p>\n<p>Mai multe informa\u021bii puteti g\u0103si <a href=\"https:\/\/unico.org.ro\/wp-content\/uploads\/2021\/02\/PHER-Comunicat-de-presa-exemple.pdf\">AICI<\/a> sau pe siteul oficial al proiectului <a href=\"https:\/\/www.phereclos.eu\/practices\">PHERECLOS<\/a><\/p>\n<p><em><strong>\u201dSunte\u021bi profesor \u0219i sunte\u021bi interesat s\u0103 colabora\u021bi \u00een str\u00e2ns\u0103 leg\u0103tur\u0103 cu o companie interesant\u0103 \u00een mediul dumneavoastr\u0103 \u0219colar imediat? Sunte\u021bi profesor academic \u0219i dori\u021bi s\u0103 oferi\u021bi ceva nou \u0219colilor din regiunea dumneavoastr\u0103 ca parte a misiunii universit\u0103\u021bii deschise? Lucra\u021bi pentru o autoritate \u0219colar\u0103 \u0219i sunte\u021bi interesat de modalit\u0103\u021bi de a implica mai mult \u0219colile \u00een societate?<\/strong><\/em><\/p>\n<p><em><strong>Asocia\u021bia Universitatea Copiilor din Rom\u00e2nia , membru in consor\u021biul piectului european PHERECLOS, v\u0103 invit\u0103 s\u0103 aplica\u021bi pentru un parteneriat de mentorat \u00een cadrul proiectului PHERECLOS \u00a0&#8211; \u201d\u0218coala Deschis\u0103\u00a0!\u201d<\/strong><\/em><\/p>\n<p>Mai multe informa\u021bii puteti g\u0103si <a href=\"https:\/\/unico.org.ro\/wp-content\/uploads\/2021\/02\/PHERECLOS-TEMP-COMUNICAT-DE-PRESA.pdf\">AICI<\/a> sau pe siteul oficial al proiectului <a href=\"https:\/\/www.phereclos.eu\/media-centre\/\">PHERECLOS<\/a><\/p>\n<p>Deschiderea celei de-a IX &#8211; a edi\u021bii a Universit\u0103\u021bii Copiilor, iunie 2018<\/p>\n<p><iframe src=\"https:\/\/www.youtube.com\/embed\/YhbH-ofYZyQ\" width=\"560\" height=\"315\" frameborder=\"0\" allowfullscreen=\"allowfullscreen\"><\/iframe><\/p>\n<p>&#8220;Articolul 7&#8221;, (cu referire la articolul 7 din Constitutia Romaniei care prezinta drepturile omului) este o emisiune culturala care se adreseaza romanilor stabiliti in strainatate. Aceasta editie este dedicata evenimentului &#8220;Noi suntem viitorul&#8221; &#8211; &#8220;We are the future&#8221;, prima conferinta internationala a retelei de universitati ale copiilor &#8220;EUCU.NET&#8221;, care a avut loc la Bucuresti in perioada 23-27 aprilie 2012, si a fost organizata de catre Universitatea Copiilor. In cadrul acestui eveniment, 20 de copii veniti atat din Europa cat si din afara Europei, inclusiv din tari precum Kenya, Egipt, sau India, au venit pentru a discuta, in cadrul unui workshop (atelier), despre viitorul lor ca studenti, si au avut ocazia de a sta de vorba cu delegati ai ministerelor educatiei din Romania precum si din Austria, tara mama a European Children&#8217;s Universities Network (EUCU.NET), pentru a dezbate situatia la nivel mondial privind diverse teme importante cum ar fi: coruptia, saracia, discriminarea in scoli, diferentele educationale si multe alte subiecte de actualitate la a caror rezolvare s-au cautat solutii concrete.<\/p>\n<p><iframe src=\"https:\/\/www.youtube.com\/embed\/37_n1SzDNzQ\" width=\"560\" height=\"315\" frameborder=\"0\" allowfullscreen=\"allowfullscreen\"><\/iframe><\/p>\n<blockquote class=\"wp-embedded-content\" data-secret=\"nwTCUwJloG\"><p><a href=\"https:\/\/unico.org.ro\/interviu-unico-la-radio-romania-actualitati\/\">Interviu Unico la Radio Rom\u00e2nia Actualit\u0103\u021bi<\/a><\/p><\/blockquote>\n<p><iframe class=\"wp-embedded-content\" sandbox=\"allow-scripts\" security=\"restricted\" style=\"position: absolute; clip: rect(1px, 1px, 1px, 1px);\" title=\"&#8220;Interviu Unico la Radio Rom\u00e2nia Actualit\u0103\u021bi&#8221; &#8212; Universitatea Copiilor\" src=\"https:\/\/unico.org.ro\/interviu-unico-la-radio-romania-actualitati\/embed\/#?secret=InLOjmgY20#?secret=nwTCUwJloG\" data-secret=\"nwTCUwJloG\" width=\"600\" height=\"338\" frameborder=\"0\" marginwidth=\"0\" marginheight=\"0\" scrolling=\"no\"><\/iframe><\/p>\n<p>La Universitatea Copiilor po\u021bi, ca orice student cu acte \u00een regul\u0103, s\u0103 participi la cursuri \u00een s\u0103li mari sau la mici ateliere de grup \u0219i s\u0103 cuno\u0219ti oamenii de \u0219tiin\u021b\u0103 interesan\u021bi. Aici po\u021bi experimenta \u00eentr-adev\u0103r via\u021ba de student cu toate particularit\u0103\u021bile universit\u0103\u021bilor: spa\u021biul universit\u0103\u021bilor, profesorii universitari, studen\u021bii, cercet\u0103torii, laboratoarele \u0219i chiar festivitatea de absolvire.<\/p>\n<p><iframe src=\"https:\/\/www.youtube.com\/embed\/uh3VofygUac\" width=\"560\" height=\"315\" frameborder=\"0\" allowfullscreen=\"allowfullscreen\"><\/iframe><\/p>\n<p>Po\u021bi fi student la Universitatea Copiilor(student Unico) c\u00e2nd ai v\u00e2rsta cuprins\u0103 \u00eentre 7 \u0219i 14 ani. Astfel, timp de dou\u0103 s\u0103pt\u0103m\u00e2ni se deschid pentru tine u\u0219ile de la Universitatea din Bucure\u0219ti, Universitatea de Agronomie \u0219i Medicin\u0103 Veterinar\u0103 din Bucure\u0219ti \u0219i Universitatea Politehnic\u0103 din Bucure\u0219ti.<\/p>\n<p>Universitatea Copiilor pentru prima data in Romania incepand din iunie 2010 . Vino si tu alaturi de noi !<\/p>\n<p><iframe src=\"https:\/\/www.youtube.com\/embed\/QPP4FP-gAyU\" width=\"560\" height=\"315\" frameborder=\"0\" allowfullscreen=\"allowfullscreen\"><\/iframe><\/p>\n<p><em>\u00a0 <\/em><\/p>\n","protected":false},"excerpt":{"rendered":"<p>\u00cent\u00e2lnirea domnului Ministru al Educa\u021biei, Sorin Mihai Cimpeanu cu micii studenti UniCo &#8211; 1 iunie 2021. Mul\u021bumim pentru interviul acordat t\u00e2narului jurnalist \u0219i student UniCo &hellip; <\/p>\n","protected":false},"author":1,"featured_media":0,"parent":0,"menu_order":0,"comment_status":"closed","ping_status":"closed","template":"","meta":{"jetpack_post_was_ever_published":false,"footnotes":""},"class_list":["post-14","page","type-page","status-publish","hentry","latest_post"],"translation":{"provider":"WPGlobus","version":"3.0.2","language":"de","enabled_languages":["ro","en","de"],"languages":{"ro":{"title":true,"content":true,"excerpt":false},"en":{"title":true,"content":true,"excerpt":false},"de":{"title":true,"content":false,"excerpt":false}}},"jetpack_sharing_enabled":true,"_links":{"self":[{"href":"https:\/\/unico.org.ro\/de\/wp-json\/wp\/v2\/pages\/14","targetHints":{"allow":["GET"]}}],"collection":[{"href":"https:\/\/unico.org.ro\/de\/wp-json\/wp\/v2\/pages"}],"about":[{"href":"https:\/\/unico.org.ro\/de\/wp-json\/wp\/v2\/types\/page"}],"author":[{"embeddable":true,"href":"https:\/\/unico.org.ro\/de\/wp-json\/wp\/v2\/users\/1"}],"replies":[{"embeddable":true,"href":"https:\/\/unico.org.ro\/de\/wp-json\/wp\/v2\/comments?post=14"}],"version-history":[{"count":52,"href":"https:\/\/unico.org.ro\/de\/wp-json\/wp\/v2\/pages\/14\/revisions"}],"predecessor-version":[{"id":2608,"href":"https:\/\/unico.org.ro\/de\/wp-json\/wp\/v2\/pages\/14\/revisions\/2608"}],"wp:attachment":[{"href":"https:\/\/unico.org.ro\/de\/wp-json\/wp\/v2\/media?parent=14"}],"curies":[{"name":"wp","href":"https:\/\/api.w.org\/{rel}","templated":true}]}}