{"id":12,"date":"2017-05-14T19:52:16","date_gmt":"2017-05-14T16:52:16","guid":{"rendered":"http:\/\/unico.org.ro\/?page_id=12"},"modified":"2024-06-23T17:51:15","modified_gmt":"2024-06-23T14:51:15","slug":"unico-aplicatii","status":"publish","type":"page","link":"https:\/\/unico.org.ro\/de\/unico-intensiv\/unico-aplicatii\/","title":{"rendered":"Club Aktivit\u00e4ten"},"content":{"rendered":"<p>Avenuturile continua la Universitatea Copiilor tot anul prin programul <strong>PROGRAMUL UNICO APLICA\u021aII.<br \/>\n<\/strong>Studen\u021bii UniCo sunt invita\u021bi astfel s\u0103 aplice o parte din cuno\u0219tin\u021bele dobandite printr-o serie de activit\u0103\u021bi practice desoebite, menite s\u0103 dezvolte \u0219i mai multe competen\u021be precum s\u0103 aduc\u0103 \u0219i amintiri de neuitat!<br \/>\nAl\u0103turi de exper\u021bii din echipa UniCo , tinerii doritori de cunoa\u0219tere partici\u0103 la activit\u0103\u021bi practice pe teren in zone de interes din punct de vedere \u0219tiin\u021bific din toat\u0103 \u021bara \u0219i din Bucure\u0219ti.<\/p>\n<p>Totodat\u0103 au ocazia s\u0103 aprofundeze cuno\u0219tin\u021bele \u00een diferite arii de interes pentru ei prin activit\u0103\u021bi practice \u00een cadrul muzeelor, institutelor de cercetare \u0219i diferitelor institu\u021bii de \u00eenv\u0103\u021b\u0103m\u00e2nt, facilit\u00e2nd astfel contactul tinerilor cu exper\u021bi \u0219i laboratoare performante \u00een diferite domenii. Iata cateva aplica\u021bii de succes realizate \u00een cadrul acestui program:<\/p>\n<ul>\n<li style=\"list-style-type: none;\">\n<ul>\n<li style=\"list-style-type: none;\">\n<ul>\n<li><a href=\"https:\/\/unico.org.ro\/wp-content\/uploads\/2023\/08\/Fara-titlu-Buletin-informativ-de-e-mail.png\">APLICA\u021aIE LUNCA MURE\u0218ULUI 2023<\/a><\/li>\n<li><a href=\"https:\/\/unico.org.ro\/aplicatie-petrosani-2022\/\">APLICA\u021aIE VALEA JIULUI &#8211; PETRO\u0218ANI 2022<\/a><\/li>\n<li><a href=\"https:\/\/unico.org.ro\/wp-content\/uploads\/2019\/03\/Excursie-Cheile-Dambovicioarei-9-martie.jpg\">APLICA\u021aIE CHEILE D\u00c2MBOVICIOAREI 2019<\/a><\/li>\n<li><a href=\"https:\/\/unico.org.ro\/activitati\/unico-aplicatii\/festivalul-stiintei-editia-a-v-a-22-octombrie-2017\/\">FESTIVALUL \u015eTIIN\u0162EI: 22 OCTOMBRIE 2017<\/a><\/li>\n<li><a href=\"https:\/\/unico.org.ro\/activitati\/unico-aplicatii\/clubul-de-stiinte-septembrie-octombrie-2017\/\">CLUBUL DE \u0218TIIN\u021aE : SEPTEMBRIE-OCTOMBRIE 2017<\/a><\/li>\n<\/ul>\n<\/li>\n<\/ul>\n<\/li>\n<\/ul>\n<ul id=\"primary-menu\" class=\"nav-menu main-menu-modal\">\n<li id=\"menu-item-2418\" class=\"menu-item menu-item-type-post_type menu-item-object-page current-menu-ancestor current-menu-parent current_page_parent current_page_ancestor menu-item-has-children menu-item-2418 focused\" style=\"list-style-type: none;\">\n<ul class=\"sub-menu\">\n<li id=\"menu-item-2293\" class=\"menu-item menu-item-type-post_type menu-item-object-page current-menu-item page_item page-item-12 current_page_item menu-item-has-children menu-item-2293 focused\" style=\"list-style-type: none;\">\n<ul class=\"sub-menu\">\n<li id=\"menu-item-2300\" class=\"menu-item menu-item-type-post_type menu-item-object-page menu-item-2300 focused\"><a href=\"https:\/\/unico.org.ro\/activitati\/unico-aplicatii\/cercetare-aplicata-la-istrita-30-septembrie-2017\/\">CERCETARE APLICAT\u0102 \u2013 ISTRI\u0162A 30.09.2017<\/a><\/li>\n<li id=\"menu-item-2308\" class=\"menu-item menu-item-type-post_type menu-item-object-page menu-item-2308\"><a href=\"https:\/\/unico.org.ro\/activitati\/activitati-in-facultati\/consfatuirea-profesorilor-de-geografie-din-bucuresti\/\">CONSF\u0102TUIREA PROFESORILOR DE GEOGRAFIE DIN BUCURE\u015eTI 15 SEPTEMBRIE 2017<\/a><\/li>\n<li id=\"menu-item-2294\" class=\"menu-item menu-item-type-post_type menu-item-object-page menu-item-2294\"><a href=\"https:\/\/unico.org.ro\/activitati\/unico-aplicatii\/corbii-mari-17-decembrie-2016\/\">CORBII MARI \u2013 17 DECEMBRIE 2016<\/a><\/li>\n<li id=\"menu-item-2297\" class=\"menu-item menu-item-type-post_type menu-item-object-page menu-item-2297\"><a href=\"https:\/\/unico.org.ro\/activitati\/unico-aplicatii\/pestera-ialomicioarei-5-noiembrie-2016\/\">PE\u015eTERA IALOMICIOAREI \u2013 5 NOIEMBRIE 2016<\/a><\/li>\n<li id=\"menu-item-2295\" class=\"menu-item menu-item-type-post_type menu-item-object-page menu-item-2295\"><a href=\"https:\/\/unico.org.ro\/activitati\/unico-aplicatii\/gradina-botanica-7-mai-2016\/\">GR\u0102DINA BOTANICA \u2013 7 MAI 2016<\/a><\/li>\n<li id=\"menu-item-2298\" class=\"menu-item menu-item-type-post_type menu-item-object-page menu-item-2298\"><a href=\"https:\/\/unico.org.ro\/activitati\/unico-aplicatii\/scoala-de-vara-2016-15-iulie-30-august-2016\/\">FROHE KINDER 2016: 15 IULIE \u2013 30 AUGUST 2016<\/a><\/li>\n<li id=\"menu-item-2299\" class=\"menu-item menu-item-type-post_type menu-item-object-page menu-item-2299\"><a href=\"https:\/\/unico.org.ro\/activitati\/unico-aplicatii\/calimanesti-caciulata\/\">C\u0102LIM\u0102NE\u0218TI-C\u0102CIULATA<\/a><\/li>\n<li id=\"menu-item-2301\" class=\"menu-item menu-item-type-post_type menu-item-object-page menu-item-2301\"><a href=\"https:\/\/unico.org.ro\/activitati\/unico-aplicatii\/clubul-de-matematica\/\">CLUBUL DE MATEMATIC\u0102<\/a><\/li>\n<li id=\"menu-item-2303\" class=\"menu-item menu-item-type-post_type menu-item-object-page menu-item-2303\"><a href=\"https:\/\/unico.org.ro\/activitati\/unico-aplicatii\/excursie-la-slanic-prahova-si-cheia\/\">CERCETARE APLICAT\u0102: SL\u0102NIC PRAHOVA \u2013 CHEIA<\/a><\/li>\n<\/ul>\n<\/li>\n<\/ul>\n<\/li>\n<\/ul>\n","protected":false},"excerpt":{"rendered":"<p>Avenuturile continua la Universitatea Copiilor tot anul prin programul PROGRAMUL UNICO APLICA\u021aII. Studen\u021bii UniCo sunt invita\u021bi astfel s\u0103 aplice o parte din cuno\u0219tin\u021bele dobandite printr-o &hellip; <\/p>\n","protected":false},"author":1,"featured_media":0,"parent":8,"menu_order":0,"comment_status":"closed","ping_status":"closed","template":"","meta":{"jetpack_post_was_ever_published":false,"footnotes":""},"class_list":["post-12","page","type-page","status-publish","hentry","latest_post"],"translation":{"provider":"WPGlobus","version":"3.0.2","language":"de","enabled_languages":["ro","en","de"],"languages":{"ro":{"title":true,"content":true,"excerpt":false},"en":{"title":true,"content":false,"excerpt":false},"de":{"title":true,"content":false,"excerpt":false}}},"jetpack_sharing_enabled":true,"_links":{"self":[{"href":"https:\/\/unico.org.ro\/de\/wp-json\/wp\/v2\/pages\/12","targetHints":{"allow":["GET"]}}],"collection":[{"href":"https:\/\/unico.org.ro\/de\/wp-json\/wp\/v2\/pages"}],"about":[{"href":"https:\/\/unico.org.ro\/de\/wp-json\/wp\/v2\/types\/page"}],"author":[{"embeddable":true,"href":"https:\/\/unico.org.ro\/de\/wp-json\/wp\/v2\/users\/1"}],"replies":[{"embeddable":true,"href":"https:\/\/unico.org.ro\/de\/wp-json\/wp\/v2\/comments?post=12"}],"version-history":[{"count":29,"href":"https:\/\/unico.org.ro\/de\/wp-json\/wp\/v2\/pages\/12\/revisions"}],"predecessor-version":[{"id":4151,"href":"https:\/\/unico.org.ro\/de\/wp-json\/wp\/v2\/pages\/12\/revisions\/4151"}],"up":[{"embeddable":true,"href":"https:\/\/unico.org.ro\/de\/wp-json\/wp\/v2\/pages\/8"}],"wp:attachment":[{"href":"https:\/\/unico.org.ro\/de\/wp-json\/wp\/v2\/media?parent=12"}],"curies":[{"name":"wp","href":"https:\/\/api.w.org\/{rel}","templated":true}]}}